{"id":478,"date":"2024-04-04T09:10:42","date_gmt":"2024-04-04T09:10:42","guid":{"rendered":"https:\/\/store.k-tech.net.vn\/wp-webbatdongsan\/?post_type=product&#038;p=478"},"modified":"2024-04-04T09:10:59","modified_gmt":"2024-04-04T09:10:59","slug":"villatrip-hoang-le","status":"publish","type":"product","link":"https:\/\/store.k-tech-services.com\/wp-webbatdongsan\/product\/villatrip-hoang-le\/","title":{"rendered":"VILLATRIP Ho\u00e0ng L\u00ea"},"content":{"rendered":"<ul>\n<li>Bi\u1ec7t th\u1ef1 v\u1edbi \u0111\u1ea7y \u0111\u1ee7 ti\u1ec7n nghi.<\/li>\n<li>C\u00f3 kh\u00f4ng gian s\u1ea3nh tr\u01b0\u1edbc r\u1ed9ng r\u00e3i.<\/li>\n<li>C\u00f3 2 ph\u00f2ng kh\u00e1ch r\u1ed9ng v\u00e0 sang tr\u1ecdng.C\u00f3 sofa.<\/li>\n<li>Wifi,Tivi truy\u1ec1n h\u00ecnh c\u00e1p \u0111\u1ea7y \u0111\u1ee7<\/li>\n<li>Ph\u00f2ng karaok v\u1edbi \u00e2m thanh chu\u1ea9n.<\/li>\n<li>8 ph\u00f2ng ng\u1ee7 cao c\u1ea5p, ti\u1ec7n nghi.<\/li>\n<li>B\u1ebfp \u0111\u1ea7y \u0111\u1ee7 ti\u1ec7n nghi:\n<ul>\n<li>B\u00e0n \u0103n v\u00e0 gh\u1ebf.<\/li>\n<li>T\u1ee7 l\u1ea1nh l\u1edbn.<\/li>\n<li>Kh\u00f4ng gian b\u1ebfp v\u00e0 t\u1ee7 b\u1ebfp cao c\u1ea5p.<\/li>\n<li>V\u1eadt d\u1ee5ng v\u00e0 d\u1ee5ng c\u1ee5 n\u1ea5u \u0103n \u0111\u1ea7y\u00a0\u0111\u1ee7.<\/li>\n<\/ul>\n<\/li>\n<li>C\u00f3 l\u00f2 BBQ\u00a0ngo\u00e0i tr\u1eddi.<\/li>\n<li>Bi\u1ec7t th\u1ef1 c\u00f3 m\u00e1y gi\u1eb7t.<\/li>\n<\/ul>\n","protected":false},"excerpt":{"rendered":"<p>&#8211; V\u1ecb tr\u00ed: 76 Yersin, P10, \u0110\u00e0 L\u1ea1t.C\u00e1ch ch\u1ee3 \u0110\u00e0 L\u1ea1t 1km.<br \/>\n&#8211; G\u1ea7n H\u1ed3 Xu\u00e2n H\u01b0\u01a1ng v\u00e0 qu\u1ea3ng tr\u01b0\u1eddng L\u00e2m Vi\u00ean.<br \/>\n&#8211; G\u1ea7n ga \u0110\u00e0 L\u1ea1t v\u00e0 Tr\u01b0\u1eddng Cao \u0110\u1eb3ng S\u01b0 Ph\u1ea1m.<br \/>\n&#8211; Ti\u1ec7n l\u1ee3i \u0111i \u0111\u1ebfn c\u00e1c \u0111\u1ecba \u0111i\u1ec3m tham quan \u0111\u00e0 l\u1ea1t.<br \/>\n&#8211; Bi\u1ec7t th\u1ef1 cao c\u1ea5p, sang tr\u1ecdng v\u00e0 ti\u1ec7n nghi.<br \/>\n&#8211; Bi\u1ec7t th\u1ef1 v\u1edbi 8 ph\u00f2ng ng\u1ee7 cao c\u1ea5p.<br \/>\n&#8211; Ti\u00eau chu\u1ea9n 16 kh\u00e1ch.<\/p>\n","protected":false},"featured_media":198,"comment_status":"open","ping_status":"closed","template":"","meta":[],"product_cat":[15,20],"product_tag":[],"class_list":["post-478","product","type-product","status-publish","has-post-thumbnail","hentry","product_cat-biet-thu","product_cat-biet-thu-da-lat"],"_links":{"self":[{"href":"https:\/\/store.k-tech-services.com\/wp-webbatdongsan\/wp-json\/wp\/v2\/product\/478","targetHints":{"allow":["GET"]}}],"collection":[{"href":"https:\/\/store.k-tech-services.com\/wp-webbatdongsan\/wp-json\/wp\/v2\/product"}],"about":[{"href":"https:\/\/store.k-tech-services.com\/wp-webbatdongsan\/wp-json\/wp\/v2\/types\/product"}],"replies":[{"embeddable":true,"href":"https:\/\/store.k-tech-services.com\/wp-webbatdongsan\/wp-json\/wp\/v2\/comments?post=478"}],"wp:featuredmedia":[{"embeddable":true,"href":"https:\/\/store.k-tech-services.com\/wp-webbatdongsan\/wp-json\/wp\/v2\/media\/198"}],"wp:attachment":[{"href":"https:\/\/store.k-tech-services.com\/wp-webbatdongsan\/wp-json\/wp\/v2\/media?parent=478"}],"wp:term":[{"taxonomy":"product_cat","embeddable":true,"href":"https:\/\/store.k-tech-services.com\/wp-webbatdongsan\/wp-json\/wp\/v2\/product_cat?post=478"},{"taxonomy":"product_tag","embeddable":true,"href":"https:\/\/store.k-tech-services.com\/wp-webbatdongsan\/wp-json\/wp\/v2\/product_tag?post=478"}],"curies":[{"name":"wp","href":"https:\/\/api.w.org\/{rel}","templated":true}]}}