{"id":188,"date":"2023-08-03T21:44:22","date_gmt":"2023-08-03T21:44:22","guid":{"rendered":"http:\/\/localhost\/webbatdongsan\/?post_type=product&#038;p=188"},"modified":"2023-08-03T21:44:22","modified_gmt":"2023-08-03T21:44:22","slug":"villatrip-a-chau-s2","status":"publish","type":"product","link":"https:\/\/store.k-tech-services.com\/wp-webbatdongsan\/product\/villatrip-a-chau-s2\/","title":{"rendered":"VILLATRIP \u00c1 CH\u00c2U S2"},"content":{"rendered":"<ul>\n<li>Bi\u1ec7t th\u1ef1 h\u1ed3 b\u01a1i ri\u00eang, S\u00e2n BBQ.<\/li>\n<li>Ph\u00f2ng kh\u00e1ch r\u1ed9ng, thi\u1ebft k\u1ec1 m\u1edf.<\/li>\n<li>Wifi, truy\u1ec1n h\u00ecnh c\u00e1p \u0111\u1ea7y \u0111\u1ee7.<\/li>\n<li>Ph\u00f2ng karao v\u00e0 bida gi\u1ea3i tr\u00ed.<\/li>\n<li>4 ph\u00f2ng ng\u1ee7 ch\u00ednh, 6wc\u00a0v\u00e0 c\u00f3 n\u1ec7m ph\u1ee5.<\/li>\n<li>B\u1ebfp \u0111\u1ea7y \u0111\u1ee7 ti\u1ec7n nghi:\n<ul>\n<li>B\u00e0n \u0103n v\u00e0 gh\u1ebf.<\/li>\n<li>T\u1ee7 l\u1ea1nh l\u1edbn.<\/li>\n<li>B\u1ebfp gas v\u1edbi s\u1eb5n gas.<\/li>\n<li>N\u1ed3i, xong, ch\u00e9n, d\u0129a,&#8230;..<\/li>\n<li>V\u00e0 m\u1ed9t s\u1ed1 d\u1ee5ng c\u1ee5 nh\u00e0 b\u1ebfp kh\u00e1c.<\/li>\n<\/ul>\n<\/li>\n<li>C\u00f3 l\u00f2 BBQ b\u1eb1ng than ngo\u00e0i tr\u1eddi.<\/li>\n<li>C\u00f3 b\u00e0n gh\u1ebf ngo\u00e0i tr\u1eddi.<\/li>\n<li>Garage \u0111\u1ec3 xe.<\/li>\n<\/ul>\n","protected":false},"excerpt":{"rendered":"<p>&#8211; V\u1ecb tr\u00ed: S2 Khu \u00c1 Ch\u00e2u, Phan Huy Ch\u00fa, P2, VT<br \/>\n&#8211; Villa c\u00e1ch bi\u1ec3n b\u00e3i sau Thu\u1ef3 V\u00e2n kho\u1ea3ng 700m.<br \/>\n&#8211; G\u1ea7n trung t\u00e2m v\u00e0 khu \u0103n u\u1ed1ng \u1edf Ho\u00e0ng Hoa Th\u00e1m.<br \/>\n&#8211; Thi\u1ebft k\u1ebf hi\u1ec7n \u0111\u1ea1i, n\u1ed9i th\u1ea5t m\u1edbi, c\u00f3 karaok.<br \/>\n&#8211; Villa \u0111\u1ea7y \u0111\u1ee7 ti\u1ec7n nghi nh\u01b0 \u1edf nh\u00e0.<br \/>\n&#8211; N\u1ea5u \u0103n v\u00e0 t\u1ed5 ch\u1ee9c ti\u1ec7c BBQ tho\u1ea3i m\u00e1i.<br \/>\n&#8211; Ti\u00eau chu\u1ea9n cho 15 kh\u00e1ch.<\/p>\n","protected":false},"featured_media":189,"comment_status":"open","ping_status":"closed","template":"","meta":[],"product_cat":[15,18],"product_tag":[],"class_list":["post-188","product","type-product","status-publish","has-post-thumbnail","hentry","product_cat-biet-thu","product_cat-biet-thu-vung-tau"],"_links":{"self":[{"href":"https:\/\/store.k-tech-services.com\/wp-webbatdongsan\/wp-json\/wp\/v2\/product\/188","targetHints":{"allow":["GET"]}}],"collection":[{"href":"https:\/\/store.k-tech-services.com\/wp-webbatdongsan\/wp-json\/wp\/v2\/product"}],"about":[{"href":"https:\/\/store.k-tech-services.com\/wp-webbatdongsan\/wp-json\/wp\/v2\/types\/product"}],"replies":[{"embeddable":true,"href":"https:\/\/store.k-tech-services.com\/wp-webbatdongsan\/wp-json\/wp\/v2\/comments?post=188"}],"wp:featuredmedia":[{"embeddable":true,"href":"https:\/\/store.k-tech-services.com\/wp-webbatdongsan\/wp-json\/wp\/v2\/media\/189"}],"wp:attachment":[{"href":"https:\/\/store.k-tech-services.com\/wp-webbatdongsan\/wp-json\/wp\/v2\/media?parent=188"}],"wp:term":[{"taxonomy":"product_cat","embeddable":true,"href":"https:\/\/store.k-tech-services.com\/wp-webbatdongsan\/wp-json\/wp\/v2\/product_cat?post=188"},{"taxonomy":"product_tag","embeddable":true,"href":"https:\/\/store.k-tech-services.com\/wp-webbatdongsan\/wp-json\/wp\/v2\/product_tag?post=188"}],"curies":[{"name":"wp","href":"https:\/\/api.w.org\/{rel}","templated":true}]}}