{"id":27,"date":"2024-04-03T02:06:10","date_gmt":"2024-04-03T02:06:10","guid":{"rendered":"https:\/\/demo.k-tech.net.vn\/wp-spa\/?page_id=27"},"modified":"2024-04-04T10:16:19","modified_gmt":"2024-04-04T10:16:19","slug":"lien-he","status":"publish","type":"page","link":"https:\/\/store.k-tech-services.com\/wp-spa\/lien-he\/","title":{"rendered":"Li\u00ean H\u1ec7"},"content":{"rendered":"\t<section class=\"section\" id=\"section_703434281\">\n\t\t<div class=\"bg section-bg fill bg-fill  bg-loaded\" >\n\n\t\t\t\n\t\t\t\n\t\t\t\n\n\t\t<\/div>\n\n\t\t\n\n\t\t<div class=\"section-content relative\">\n\t\t\t\n  <div id=\"page-header-441953190\" class=\"page-header-wrapper\">\n  <div class=\"page-title dark featured-title\">\n\n        <div class=\"page-title-bg\">\n      <div class=\"title-bg fill bg-fill\"\n        data-parallax-container=\".page-title\"\n        data-parallax-background\n        data-parallax=\"-\">\n      <\/div>\n      <div class=\"title-overlay fill\"><\/div>\n    <\/div>\n    \n    <div class=\"page-title-inner container align-center text-center flex-row-col medium-flex-wrap\" >\n              <div class=\"title-wrapper is-large flex-col\">\n          <h1 class=\"entry-title mb-0\">\n            Li\u00ean H\u1ec7          <\/h1>\n        <\/div>\n                    <div class=\"title-content flex-col\">\n        <div class=\"title-breadcrumbs pb-half pt-half\"><nav class=\"woocommerce-breadcrumb breadcrumbs \">Home<\/nav><\/div>      <\/div>\n    <\/div>\n\n     \n<style>\n#page-header-441953190 .page-title-inner {\n  min-height: 200px;\n}\n#page-header-441953190 .title-bg {\n  background-image: url(https:\/\/store.k-tech-services.com\/wp-spa\/wp-content\/uploads\/2024\/04\/h-prl-one_bg.jpg);\n}\n<\/style>\n  <\/div>\n    <\/div>\n  \n\t\t<\/div>\n\n\t\t\n<style>\n#section_703434281 {\n  padding-top: 30px;\n  padding-bottom: 30px;\n}\n<\/style>\n\t<\/section>\n\t\n\t<section class=\"section\" id=\"section_1288183384\">\n\t\t<div class=\"bg section-bg fill bg-fill  bg-loaded\" >\n\n\t\t\t\n\t\t\t\n\t\t\t\n\n\t\t<\/div>\n\n\t\t\n\n\t\t<div class=\"section-content relative\">\n\t\t\t\n<div class=\"row\" style=\"max-width:90%\" id=\"row-284189088\">\n\n\t<div id=\"col-1084007213\" class=\"col medium-6 small-12 large-6\"  >\n\t\t\t\t<div class=\"col-inner\"  >\n\t\t\t\n\t\t\t\n<div class=\"container section-title-container\" ><h3 class=\"section-title section-title-normal\"><b><\/b><span class=\"section-title-main\" style=\"font-size:151%;color:rgb(16, 16, 16);\">G\u1eecI TH\u1eaeC M\u1eaeC CHO CH\u00daNG T\u00d4I<\/span><b><\/b><\/h3><\/div>\n<div class=\"forminator-ui forminator-custom-form forminator-custom-form-398 forminator-design--flat  forminator_ajax\" data-forminator-render=\"0\" data-form=\"forminator-module-398\" data-uid=\"69f2431d2bf18\"><br\/><\/div><form\n\t\t\t\tid=\"forminator-module-398\"\n\t\t\t\tclass=\"forminator-ui forminator-custom-form forminator-custom-form-398 forminator-design--flat  forminator_ajax\"\n\t\t\t\tmethod=\"post\"\n\t\t\t\tdata-forminator-render=\"0\"\n\t\t\t\tdata-form-id=\"398\"\n\t\t\t\t\n\t\t\t\tdata-design=\"flat\"\n\t\t\t\t\n\t\t\t\t\n\t\t\t\t\n\t\t\t\tdata-grid=\"open\"\n\t\t\t\t\n\t\t\t\t\n\t\t\t\tstyle=\"display: none;\"\n\t\t\t\t\n\t\t\t\tdata-uid=\"69f2431d2bf18\"\n\t\t\t><div role=\"alert\" aria-live=\"polite\" class=\"forminator-response-message forminator-error\" aria-hidden=\"true\"><\/div><div class=\"forminator-row\"><div id=\"name-1\" class=\"forminator-field-name forminator-col forminator-col-12 \"><div class=\"forminator-field\"><label for=\"forminator-field-name-1_69f2431d2bf18\" id=\"forminator-field-name-1_69f2431d2bf18-label\" class=\"forminator-label\">Your Name <span class=\"forminator-required\">*<\/span><\/label><input type=\"text\" name=\"name-1\" value=\"\" placeholder=\"\" id=\"forminator-field-name-1_69f2431d2bf18\" class=\"forminator-input forminator-name--field\" aria-required=\"true\" \/><\/div><\/div><\/div><div class=\"forminator-row\"><div id=\"email-1\" class=\"forminator-field-email forminator-col forminator-col-12 \"><div class=\"forminator-field\"><label for=\"forminator-field-email-1_69f2431d2bf18\" id=\"forminator-field-email-1_69f2431d2bf18-label\" class=\"forminator-label\">Your Email <span class=\"forminator-required\">*<\/span><\/label><input type=\"email\" name=\"email-1\" value=\"\" placeholder=\"\" id=\"forminator-field-email-1_69f2431d2bf18\" class=\"forminator-input forminator-email--field\" data-required=\"true\" aria-required=\"true\" \/><\/div><\/div><\/div><div class=\"forminator-row\"><div id=\"text-1\" class=\"forminator-field-text forminator-col forminator-col-12 \"><div class=\"forminator-field\"><label for=\"forminator-field-text-1_69f2431d2bf18\" id=\"forminator-field-text-1_69f2431d2bf18-label\" class=\"forminator-label\">Ti\u00eau \u0111\u1ec1<\/label><input type=\"text\" name=\"text-1\" value=\"\" placeholder=\"\" id=\"forminator-field-text-1_69f2431d2bf18\" class=\"forminator-input forminator-name--field\" data-required=\"\" \/><\/div><\/div><\/div><div class=\"forminator-row\"><div id=\"textarea-1\" class=\"forminator-field-textarea forminator-col forminator-col-12 \"><div class=\"forminator-field\"><label for=\"forminator-field-textarea-1_69f2431d2bf18\" id=\"forminator-field-textarea-1_69f2431d2bf18-label\" class=\"forminator-label\">Your message (optional)<\/label><textarea name=\"textarea-1\" placeholder=\"\" id=\"forminator-field-textarea-1_69f2431d2bf18\" class=\"forminator-textarea\" rows=\"6\" style=\"min-height:140px;\" ><\/textarea><\/div><\/div><\/div><input type=\"hidden\" name=\"referer_url\" value=\"\" \/><div class=\"forminator-row forminator-row-last\"><div class=\"forminator-col\"><div class=\"forminator-field\"><button class=\"forminator-button forminator-button-submit\">Submit<\/button><\/div><\/div><\/div><input type=\"hidden\" id=\"forminator_nonce\" name=\"forminator_nonce\" value=\"d364082280\" \/><input type=\"hidden\" name=\"_wp_http_referer\" value=\"\/wp-spa\/wp-json\/wp\/v2\/pages\/27\" \/><input type=\"hidden\" name=\"form_id\" value=\"398\"><input type=\"hidden\" name=\"page_id\" value=\"27\"><input type=\"hidden\" name=\"form_type\" value=\"default\"><input type=\"hidden\" name=\"current_url\" value=\"https:\/\/store.k-tech-services.com\/wp-spa\/lien-he\/\"><input type=\"hidden\" name=\"render_id\" value=\"0\"><input type=\"hidden\" name=\"action\" value=\"forminator_submit_form_custom-forms\"><\/form>\n\t\t<\/div>\n\t\t\t\t\t<\/div>\n\n\t\n\n\t<div id=\"col-898593013\" class=\"col medium-6 small-12 large-6\"  >\n\t\t\t\t<div class=\"col-inner\"  >\n\t\t\t\n\t\t\t\n\t<div id=\"text-1208775011\" class=\"text\">\n\t\t\n<h2><strong>Li\u00ean h\u1ec7<\/strong><\/h2>\n\t\t\n<style>\n#text-1208775011 {\n  color: rgb(0,0,0);\n}\n#text-1208775011 > * {\n  color: rgb(0,0,0);\n}\n<\/style>\n\t<\/div>\n\t\n<div class=\"is-divider divider clearfix\" style=\"max-width:40px;background-color:rgb(230, 47, 47);\"><\/div>\n\t<div id=\"text-1789766055\" class=\"text\">\n\t\t\n<ul class=\"list-info\">\n<li>\n<p>\u0110\u1ecba ch\u1ec9 ch\u00fang t\u00f4i<\/p>\n<\/li>\n<li>\n<p>9999 Nguy\u1ec5n Hu\u1ec7 , Q1 , TpHCM , Vi\u1ec7t Nam<\/p>\n<\/li>\n<li>\n<p>9999 Ba \u0110\u00ecnh , H\u00e0 N\u1ed9i , Vi\u00eat Nam<\/p>\n<\/li>\n<li>\n<p>Email ch\u00fang t\u00f4i<\/p>\n<\/li>\n<li>info@domain.com<\/li>\n<li>\n<p>\u0110i\u1ec7n tho\u1ea1i<\/p>\n<\/li>\n<li>+84 123456789<\/li>\n<li>\n<p>Th\u1eddi gian l\u00e0m vi\u1ec7c<\/p>\n<\/li>\n<\/ul>\n\t\t\n<style>\n#text-1789766055 {\n  color: rgb(0,0,0);\n}\n#text-1789766055 > * {\n  color: rgb(0,0,0);\n}\n<\/style>\n\t<\/div>\n\t\n\t<div id=\"text-1658265821\" class=\"text\">\n\t\t\n<p><strong>Th\u1ee9 2 \u0111\u1ebfn Th\u1ee9 6 t\u1eeb 8h \u0111\u1ebfn 18h; Th\u1ee9 7 v\u00e0 Ch\u1ee7 nh\u1eadt t\u1eeb 8h00 \u0111\u1ebfn 17h00<\/strong><\/p>\n\t\t\n<style>\n#text-1658265821 {\n  line-height: 1.4;\n  color: rgb(0,0,0);\n}\n#text-1658265821 > * {\n  color: rgb(0,0,0);\n}\n<\/style>\n\t<\/div>\n\t\n\t\t<\/div>\n\t\t\t\t\t<\/div>\n\n\t\n<\/div>\n\t\t<\/div>\n\n\t\t\n<style>\n#section_1288183384 {\n  padding-top: 30px;\n  padding-bottom: 30px;\n}\n<\/style>\n\t<\/section>\n\t\n","protected":false},"excerpt":{"rendered":"","protected":false},"author":1,"featured_media":0,"parent":0,"menu_order":0,"comment_status":"closed","ping_status":"closed","template":"page-blank.php","meta":{"_acf_changed":false,"footnotes":""},"class_list":["post-27","page","type-page","status-publish","hentry"],"acf":[],"_links":{"self":[{"href":"https:\/\/store.k-tech-services.com\/wp-spa\/wp-json\/wp\/v2\/pages\/27","targetHints":{"allow":["GET"]}}],"collection":[{"href":"https:\/\/store.k-tech-services.com\/wp-spa\/wp-json\/wp\/v2\/pages"}],"about":[{"href":"https:\/\/store.k-tech-services.com\/wp-spa\/wp-json\/wp\/v2\/types\/page"}],"author":[{"embeddable":true,"href":"https:\/\/store.k-tech-services.com\/wp-spa\/wp-json\/wp\/v2\/users\/1"}],"replies":[{"embeddable":true,"href":"https:\/\/store.k-tech-services.com\/wp-spa\/wp-json\/wp\/v2\/comments?post=27"}],"version-history":[{"count":6,"href":"https:\/\/store.k-tech-services.com\/wp-spa\/wp-json\/wp\/v2\/pages\/27\/revisions"}],"predecessor-version":[{"id":401,"href":"https:\/\/store.k-tech-services.com\/wp-spa\/wp-json\/wp\/v2\/pages\/27\/revisions\/401"}],"wp:attachment":[{"href":"https:\/\/store.k-tech-services.com\/wp-spa\/wp-json\/wp\/v2\/media?parent=27"}],"curies":[{"name":"wp","href":"https:\/\/api.w.org\/{rel}","templated":true}]}}