{"id":233,"date":"2024-04-15T07:44:26","date_gmt":"2024-04-15T07:44:26","guid":{"rendered":"https:\/\/store.k-tech.net.vn\/wp-noithat2\/?post_type=product&#038;p=233"},"modified":"2024-04-15T07:44:45","modified_gmt":"2024-04-15T07:44:45","slug":"bo-ban-an-4-ghe-cafe-royal","status":"publish","type":"product","link":"https:\/\/store.k-tech-services.com\/wp-noithat2\/san-pham\/bo-ban-an-4-ghe-cafe-royal\/","title":{"rendered":"B\u1ed8 B\u00c0N \u0102N 4 GH\u1ebe CAFE-ROYAL"},"content":{"rendered":"<p><span style=\"font-size: 130%;\">L\u00e0 thi\u1ebft k\u1ebf c\u1ee7a BAYA, b\u1ed9 b\u00e0n v\u00e0 4 gh\u1ebf ngo\u00e0i tr\u1eddi CAFE ROYALE l\u00e0 l\u1ef1a ch\u1ecdn ho\u00e0n h\u1ea3o cho khu v\u01b0\u1eddn nh\u00e0 c\u1ee7a b\u1ea1n. \u0110\u01b0\u1ee3c l\u00e0m b\u1eb1ng th\u00e9p s\u01a1n t\u0129nh \u0111i\u1ec7n gi\u00fap h\u1ea1n ch\u1ebf r\u1ec9 s\u00e9t, s\u1ea3n ph\u1ea9m ph\u00f9 h\u1ee3p \u0111\u1ec3 s\u1eed d\u1ee5ng ngo\u00e0i tr\u1eddi. B\u00e0n &amp; gh\u1ebf c\u00f3 thi\u1ebft k\u1ebf hi\u1ec7n \u0111\u1ea1i v\u1edbi c\u00e1c chi ti\u1ebft bo tr\u00f2n v\u00e0 ph\u1ea7n khung v\u1eefng ch\u00e3i, g\u00f3p ph\u1ea7n l\u00e0m \u0111\u1eb9p th\u00eam cho kh\u00f4ng gian s\u1ed1ng c\u1ee7a gia \u0111\u00ecnh b\u1ea1n.<\/span><\/p>\n<table id=\"product-attribute-specs-table\" style=\"width: 77.1185%;\">\n<tbody>\n<tr>\n<th style=\"width: 43.2584%; text-align: left;\" scope=\"row\"><span style=\"font-size: 130%;\">S\u1ea2N PH\u1ea8M<\/span><\/th>\n<td style=\"width: 182.336%;\" data-th=\"S\u1ea3n ph\u1ea9m\"><span style=\"font-size: 130%;\">B\u1ed9 b\u00e0n \u0103n 4 gh\u1ebf<\/span><\/td>\n<\/tr>\n<tr>\n<th style=\"width: 43.2584%; text-align: left;\" scope=\"row\"><span style=\"font-size: 130%;\">B\u1ed8 S\u01afU T\u1eacP<\/span><\/th>\n<td style=\"width: 182.336%;\" data-th=\"B\u1ed9 s\u01b0u t\u1eadp\"><span style=\"font-size: 130%;\">CAFE-ROYALE<\/span><\/td>\n<\/tr>\n<tr>\n<th style=\"width: 43.2584%; text-align: left;\" scope=\"row\"><span style=\"font-size: 130%;\">K\u00cdCH C\u1ee0<\/span><\/th>\n<td style=\"width: 182.336%;\" data-th=\"K\u00edch c\u1ee1\"><span style=\"font-size: 130%;\">H73xDia70<\/span><\/td>\n<\/tr>\n<tr>\n<th style=\"width: 43.2584%; text-align: left;\" scope=\"row\"><span style=\"font-size: 130%;\">M\u00c0U S\u1eaeC<\/span><\/th>\n<td style=\"width: 182.336%;\" data-th=\"M\u00e0u s\u1eafc\"><span style=\"font-size: 130%;\">M\u00e0u \u0111en<\/span><\/td>\n<\/tr>\n<tr>\n<th style=\"width: 43.2584%; text-align: left;\" scope=\"row\"><span style=\"font-size: 130%;\">CH\u1ea4T LI\u1ec6U<\/span><\/th>\n<td style=\"width: 182.336%;\" data-th=\"Ch\u1ea5t li\u1ec7u\"><span style=\"font-size: 130%;\">Th\u00e9p s\u01a1n t\u0129nh \u0111i\u1ec7n<\/span><\/td>\n<\/tr>\n<tr>\n<th style=\"width: 43.2584%; text-align: left;\" scope=\"row\"><span style=\"font-size: 130%;\">XU\u1ea4T X\u1ee8<\/span><\/th>\n<td style=\"width: 182.336%;\" data-th=\"Xu\u1ea5t x\u1ee9\"><span style=\"font-size: 130%;\">Vi\u1ec7t Nam<\/span><\/td>\n<\/tr>\n<tr>\n<th style=\"width: 43.2584%; text-align: left;\" scope=\"row\"><span style=\"font-size: 130%;\">KI\u1ec2U D\u00c1NG<\/span><\/th>\n<td style=\"width: 182.336%;\" data-th=\"Ki\u1ec3u d\u00e1ng\"><span style=\"font-size: 130%;\">NULL<\/span><\/td>\n<\/tr>\n<tr>\n<th style=\"width: 43.2584%; text-align: left;\" scope=\"row\"><span style=\"font-size: 130%;\">\u0110\u01a0N V\u1eca<\/span><\/th>\n<td style=\"width: 182.336%;\" data-th=\"\u0110\u01a1n v\u1ecb\"><span style=\"font-size: 130%;\">SET<\/span><\/td>\n<\/tr>\n<\/tbody>\n<\/table>\n<p><span style=\"font-size: 130%;\">\u2022 \u0110\u1eb7t \u1edf n\u01a1i kh\u00f4 tho\u00e1ng, tr\u00e1nh \u0111\u1ed9 \u1ea9m v\u00e0 nhi\u1ec7t \u0111\u1ed9 cao, \u00e1nh n\u1eafng gay g\u1eaft v\u00e0 c\u00e1c v\u1eadt li\u1ec7u d\u1ec5 ch\u00e1y<\/span><br \/>\n<span style=\"font-size: 130%;\">\u2022 Lau kh\u00f4 ngay ch\u1ea5t l\u1ecfng v\u00e0 h\u01a1i \u1ea9m tr\u00ean b\u1ec1 m\u1eb7t b\u1eb1ng v\u1ea3i m\u1ec1m<\/span><br \/>\n<span style=\"font-size: 130%;\">\u2022 Kh\u00f4ng d\u00f9ng mi\u1ebfng nh\u00e1m ho\u1eb7c h\u00f3a ch\u1ea5t t\u1ea9y r\u1eeda s\u1ea3n ph\u1ea9m, v\u1ec7 sinh h\u00e0ng ng\u00e0y b\u1eb1ng v\u1ea3i m\u1ec1m \u1ea9m<\/span><br \/>\n<span style=\"font-size: 130%;\">\u2022 Kh\u00f4ng d\u00f9ng v\u1eadt b\u00e9n nh\u1ecdn ch\u00e0 x\u00e1t b\u1ec1 m\u1eb7t s\u1ea3n ph\u1ea9m<\/span><\/p>\n","protected":false},"excerpt":{"rendered":"<p><span style=\"font-size: 140%;\">S\u1ea3n ph\u1ea9m g\u1ed3m:<\/span><br \/>\n<span style=\"font-size: 140%;\">\u2022 01 x\u00a0B\u00e0n ngo\u00e0i tr\u1eddi CAFE-ROYALE.<\/span><br \/>\n<span style=\"font-size: 140%;\">\u2022 04 x\u00a0Gh\u1ebf ngo\u00e0i tr\u1eddi CAFE-ROYALE.<\/span><br \/>\n<span style=\"font-size: 140%;\"><strong>GI\u00c1<\/strong>: 3,890,000.<\/span><\/p>\n","protected":false},"featured_media":117,"comment_status":"open","ping_status":"closed","template":"","meta":[],"product_cat":[24,30,36,27,26,28,34,32,35,33,25,29],"product_tag":[],"class_list":{"0":"post-233","1":"product","2":"type-product","3":"status-publish","4":"has-post-thumbnail","6":"product_cat-noi-that-go","7":"product_cat-bo-suu-tap-hot","8":"product_cat-cua-hang","9":"product_cat-do-dung-vai","10":"product_cat-do-trang-tri","11":"product_cat-dung-cu-nha-bep","12":"product_cat-phong-an-bep","13":"product_cat-phong-khach","14":"product_cat-phong-lam-viec","15":"product_cat-phong-ngu","16":"product_cat-sofa-ghe-thu-gian-nem","17":"product_cat-tien-ich-sap-xep","19":"first","20":"instock","21":"sale","22":"shipping-taxable","23":"purchasable","24":"product-type-simple"},"_links":{"self":[{"href":"https:\/\/store.k-tech-services.com\/wp-noithat2\/wp-json\/wp\/v2\/product\/233","targetHints":{"allow":["GET"]}}],"collection":[{"href":"https:\/\/store.k-tech-services.com\/wp-noithat2\/wp-json\/wp\/v2\/product"}],"about":[{"href":"https:\/\/store.k-tech-services.com\/wp-noithat2\/wp-json\/wp\/v2\/types\/product"}],"replies":[{"embeddable":true,"href":"https:\/\/store.k-tech-services.com\/wp-noithat2\/wp-json\/wp\/v2\/comments?post=233"}],"wp:featuredmedia":[{"embeddable":true,"href":"https:\/\/store.k-tech-services.com\/wp-noithat2\/wp-json\/wp\/v2\/media\/117"}],"wp:attachment":[{"href":"https:\/\/store.k-tech-services.com\/wp-noithat2\/wp-json\/wp\/v2\/media?parent=233"}],"wp:term":[{"taxonomy":"product_cat","embeddable":true,"href":"https:\/\/store.k-tech-services.com\/wp-noithat2\/wp-json\/wp\/v2\/product_cat?post=233"},{"taxonomy":"product_tag","embeddable":true,"href":"https:\/\/store.k-tech-services.com\/wp-noithat2\/wp-json\/wp\/v2\/product_tag?post=233"}],"curies":[{"name":"wp","href":"https:\/\/api.w.org\/{rel}","templated":true}]}}