{"id":128,"date":"2024-04-15T04:16:19","date_gmt":"2024-04-15T04:16:19","guid":{"rendered":"https:\/\/store.k-tech.net.vn\/wp-noithat2\/?post_type=product&#038;p=128"},"modified":"2024-04-15T04:33:20","modified_gmt":"2024-04-15T04:33:20","slug":"bo-ban-an-6-ghe-pall-mall","status":"publish","type":"product","link":"https:\/\/store.k-tech-services.com\/wp-noithat2\/san-pham\/bo-ban-an-6-ghe-pall-mall\/","title":{"rendered":"B\u1ed8 B\u00c0N \u0102N 6 GH\u1ebe PALL-MALL"},"content":{"rendered":"<p><span style=\"font-size: 130%;\">B\u1ed9 b\u00e0n &amp; 4 gh\u1ebf \u0103n PALL MALL t\u1eeb n\u1ed9i th\u1ea5t BAYA \u0111\u01b0\u1ee3c l\u00e0m t\u1eeb g\u1ed7 cao su ph\u1ee7 MFC b\u1ec1n ch\u1eafc. S\u1ea3n ph\u1ea9m c\u00f3 thi\u1ebft k\u1ebf \u0111\u01a1n gi\u1ea3n v\u1edbi gam m\u00e0u n\u00e2u th\u1eabm v\u00e0 ki\u1ec3u d\u00e1ng thanh m\u1ea3nh mang l\u1ea1i v\u1ebb \u0111\u1eb9p \u1ea5m c\u00fang, tinh t\u1ebf cho ph\u00f2ng \u0103n gia \u0111\u00ecnh b\u1ea1n.<\/span><\/p>\n","protected":false},"excerpt":{"rendered":"<p>B\u1ed9 b\u00e0n &amp; 4 gh\u1ebf \u0103n PALL MALL t\u1eeb n\u1ed9i th\u1ea5t BAYA \u0111\u01b0\u1ee3c l\u00e0m t\u1eeb g\u1ed7 cao su ph\u1ee7 MFC b\u1ec1n ch\u1eafc. S\u1ea3n ph\u1ea9m c\u00f3 thi\u1ebft k\u1ebf \u0111\u01a1n gi\u1ea3n v\u1edbi gam m\u00e0u n\u00e2u th\u1eabm v\u00e0 ki\u1ec3u d\u00e1ng thanh m\u1ea3nh mang l\u1ea1i v\u1ebb \u0111\u1eb9p \u1ea5m c\u00fang, tinh t\u1ebf cho ph\u00f2ng \u0103n gia \u0111\u00ecnh b\u1ea1n.<\/p>\n","protected":false},"featured_media":110,"comment_status":"open","ping_status":"closed","template":"","meta":[],"product_cat":[24,30,36,27,26,28,34,32,35,33,25,29],"product_tag":[],"class_list":{"0":"post-128","1":"product","2":"type-product","3":"status-publish","4":"has-post-thumbnail","6":"product_cat-noi-that-go","7":"product_cat-bo-suu-tap-hot","8":"product_cat-cua-hang","9":"product_cat-do-dung-vai","10":"product_cat-do-trang-tri","11":"product_cat-dung-cu-nha-bep","12":"product_cat-phong-an-bep","13":"product_cat-phong-khach","14":"product_cat-phong-lam-viec","15":"product_cat-phong-ngu","16":"product_cat-sofa-ghe-thu-gian-nem","17":"product_cat-tien-ich-sap-xep","19":"first","20":"instock","21":"shipping-taxable","22":"purchasable","23":"product-type-simple"},"_links":{"self":[{"href":"https:\/\/store.k-tech-services.com\/wp-noithat2\/wp-json\/wp\/v2\/product\/128","targetHints":{"allow":["GET"]}}],"collection":[{"href":"https:\/\/store.k-tech-services.com\/wp-noithat2\/wp-json\/wp\/v2\/product"}],"about":[{"href":"https:\/\/store.k-tech-services.com\/wp-noithat2\/wp-json\/wp\/v2\/types\/product"}],"replies":[{"embeddable":true,"href":"https:\/\/store.k-tech-services.com\/wp-noithat2\/wp-json\/wp\/v2\/comments?post=128"}],"wp:featuredmedia":[{"embeddable":true,"href":"https:\/\/store.k-tech-services.com\/wp-noithat2\/wp-json\/wp\/v2\/media\/110"}],"wp:attachment":[{"href":"https:\/\/store.k-tech-services.com\/wp-noithat2\/wp-json\/wp\/v2\/media?parent=128"}],"wp:term":[{"taxonomy":"product_cat","embeddable":true,"href":"https:\/\/store.k-tech-services.com\/wp-noithat2\/wp-json\/wp\/v2\/product_cat?post=128"},{"taxonomy":"product_tag","embeddable":true,"href":"https:\/\/store.k-tech-services.com\/wp-noithat2\/wp-json\/wp\/v2\/product_tag?post=128"}],"curies":[{"name":"wp","href":"https:\/\/api.w.org\/{rel}","templated":true}]}}