{"id":127,"date":"2024-04-15T04:15:27","date_gmt":"2024-04-15T04:15:27","guid":{"rendered":"https:\/\/store.k-tech.net.vn\/wp-noithat2\/?post_type=product&#038;p=127"},"modified":"2024-04-15T04:33:33","modified_gmt":"2024-04-15T04:33:33","slug":"bo-qua-chau-trang-tri-giang-sinh-carols","status":"publish","type":"product","link":"https:\/\/store.k-tech-services.com\/wp-noithat2\/san-pham\/bo-qua-chau-trang-tri-giang-sinh-carols\/","title":{"rendered":"B\u1ed8 QU\u1ea2 CH\u00c2U TRANG TR\u00cd GI\u00c1NG SINH CAROLS"},"content":{"rendered":"<table id=\"product-attribute-specs-table\" class=\"data table additional-attributes\" style=\"width: 90.45%;\">\n<tbody>\n<tr>\n<th class=\"col label\" style=\"width: 42.4451%;\" scope=\"row\"><span style=\"font-size: 130%;\">S\u1ea2N PH\u1ea8M<\/span><\/th>\n<td class=\"col data\" style=\"width: 179.273%;\" data-th=\"S\u1ea3n ph\u1ea9m\"><span style=\"font-size: 130%;\">B\u1ed9 qu\u1ea3 ch\u00e2u trang tr\u00ed Gi\u00e1ng sinh<\/span><\/td>\n<\/tr>\n<tr>\n<th class=\"col label\" style=\"width: 42.4451%;\" scope=\"row\"><span style=\"font-size: 130%;\">B\u1ed8 S\u01afU T\u1eacP<\/span><\/th>\n<td class=\"col data\" style=\"width: 179.273%;\" data-th=\"B\u1ed9 s\u01b0u t\u1eadp\"><span style=\"font-size: 130%;\">CAROLS<\/span><\/td>\n<\/tr>\n<tr>\n<th class=\"col label\" style=\"width: 42.4451%;\" scope=\"row\"><span style=\"font-size: 130%;\">K\u00cdCH C\u1ee0<\/span><\/th>\n<td class=\"col data\" style=\"width: 179.273%;\" data-th=\"K\u00edch c\u1ee1\"><span style=\"font-size: 130%;\">Dia5-Set-of-20<\/span><\/td>\n<\/tr>\n<tr>\n<th class=\"col label\" style=\"width: 42.4451%;\" scope=\"row\"><span style=\"font-size: 130%;\">M\u00c0U S\u1eaeC<\/span><\/th>\n<td class=\"col data\" style=\"width: 179.273%;\" data-th=\"M\u00e0u s\u1eafc\"><span style=\"font-size: 130%;\">M\u00e0u \u0111\u1ecf<\/span><\/td>\n<\/tr>\n<tr>\n<th class=\"col label\" style=\"width: 42.4451%;\" scope=\"row\"><span style=\"font-size: 130%;\">CH\u1ea4T LI\u1ec6U<\/span><\/th>\n<td class=\"col data\" style=\"width: 179.273%;\" data-th=\"Ch\u1ea5t li\u1ec7u\"><span style=\"font-size: 130%;\">Nh\u1ef1a<\/span><\/td>\n<\/tr>\n<tr>\n<th class=\"col label\" style=\"width: 42.4451%;\" scope=\"row\"><span style=\"font-size: 130%;\">XU\u1ea4T X\u1ee8<\/span><\/th>\n<td class=\"col data\" style=\"width: 179.273%;\" data-th=\"Xu\u1ea5t x\u1ee9\"><span style=\"font-size: 130%;\">Trung Qu\u1ed1c<\/span><\/td>\n<\/tr>\n<tr>\n<th class=\"col label\" style=\"width: 42.4451%;\" scope=\"row\"><span style=\"font-size: 130%;\">\u0110\u01a0N V\u1eca<\/span><\/th>\n<td class=\"col data\" style=\"width: 179.273%;\" data-th=\"\u0110\u01a1n v\u1ecb\"><span style=\"font-size: 130%;\">SET<\/span><\/td>\n<\/tr>\n<\/tbody>\n<\/table>\n","protected":false},"excerpt":{"rendered":"<p>S\u1ea2N PH\u1ea8M B\u1ed9 qu\u1ea3 ch\u00e2u trang tr\u00ed Gi\u00e1ng sinh B\u1ed8 S\u01afU T\u1eacP CAROLS K\u00cdCH C\u1ee0 Dia5-Set-of-20 M\u00c0U S\u1eaeC M\u00e0u \u0111\u1ecf CH\u1ea4T LI\u1ec6U Nh\u1ef1a XU\u1ea4T X\u1ee8 Trung Qu\u1ed1c \u0110\u01a0N V\u1eca SET<\/p>\n","protected":false},"featured_media":129,"comment_status":"open","ping_status":"closed","template":"","meta":[],"product_cat":[24,30,36,27,26,28,34,32,35,33,25,29],"product_tag":[],"class_list":{"0":"post-127","1":"product","2":"type-product","3":"status-publish","4":"has-post-thumbnail","6":"product_cat-noi-that-go","7":"product_cat-bo-suu-tap-hot","8":"product_cat-cua-hang","9":"product_cat-do-dung-vai","10":"product_cat-do-trang-tri","11":"product_cat-dung-cu-nha-bep","12":"product_cat-phong-an-bep","13":"product_cat-phong-khach","14":"product_cat-phong-lam-viec","15":"product_cat-phong-ngu","16":"product_cat-sofa-ghe-thu-gian-nem","17":"product_cat-tien-ich-sap-xep","19":"first","20":"instock","21":"shipping-taxable","22":"purchasable","23":"product-type-simple"},"_links":{"self":[{"href":"https:\/\/store.k-tech-services.com\/wp-noithat2\/wp-json\/wp\/v2\/product\/127","targetHints":{"allow":["GET"]}}],"collection":[{"href":"https:\/\/store.k-tech-services.com\/wp-noithat2\/wp-json\/wp\/v2\/product"}],"about":[{"href":"https:\/\/store.k-tech-services.com\/wp-noithat2\/wp-json\/wp\/v2\/types\/product"}],"replies":[{"embeddable":true,"href":"https:\/\/store.k-tech-services.com\/wp-noithat2\/wp-json\/wp\/v2\/comments?post=127"}],"wp:featuredmedia":[{"embeddable":true,"href":"https:\/\/store.k-tech-services.com\/wp-noithat2\/wp-json\/wp\/v2\/media\/129"}],"wp:attachment":[{"href":"https:\/\/store.k-tech-services.com\/wp-noithat2\/wp-json\/wp\/v2\/media?parent=127"}],"wp:term":[{"taxonomy":"product_cat","embeddable":true,"href":"https:\/\/store.k-tech-services.com\/wp-noithat2\/wp-json\/wp\/v2\/product_cat?post=127"},{"taxonomy":"product_tag","embeddable":true,"href":"https:\/\/store.k-tech-services.com\/wp-noithat2\/wp-json\/wp\/v2\/product_tag?post=127"}],"curies":[{"name":"wp","href":"https:\/\/api.w.org\/{rel}","templated":true}]}}