{"id":410,"date":"2024-03-29T02:18:11","date_gmt":"2024-03-29T02:18:11","guid":{"rendered":"https:\/\/demo.k-tech.net.vn\/wp-noithat\/?post_type=product&#038;p=410"},"modified":"2024-04-02T07:55:13","modified_gmt":"2024-04-02T07:55:13","slug":"ghe-an-go-cao-su-tu-nhien-mau-nau","status":"publish","type":"product","link":"https:\/\/store.k-tech-services.com\/wp-noithat\/san-pham\/ghe-an-go-cao-su-tu-nhien-mau-nau\/","title":{"rendered":"Gh\u1ebf \u0102n G\u1ed7 Cao Su T\u1ef1 Nhi\u00ean M\u00e0u N\u00e2u"},"content":{"rendered":"<h2><strong>1. TH\u00d4NG S\u1ed0 K\u1ef8 THU\u1eacT<\/strong><\/h2>\n<p><img decoding=\"async\" src=\"https:\/\/file.hstatic.net\/200000065946\/file\/noi-that-moho-ghe-an-go-cao-su-tu-nhien-milan-nau_a53a0b743e4c42d48410ddb375a3456d.jpg\" alt=\"noi-that-moho-ghe-an-go-cao-su-tu-nhien-milan-nau\" \/><\/p>\n<p>&nbsp;<\/p>\n<h2><strong>2. CHI TI\u1ebeT V\u1eacT\u00a0LI\u1ec6U<\/strong><\/h2>\n<p><img decoding=\"async\" src=\"https:\/\/file.hstatic.net\/200000065946\/file\/noi-that-moho-chat-lieu-ghe-sofa-milan-901-1_dd4abc7ee5704f3faf6a1b8d03a74343.png\" \/><\/p>\n<p><strong>G\u1ed7 cao su t\u1ef1 nhi\u00ean<\/strong><\/p>\n<p>S\u1eed d\u1ee5ng ch\u1ea5t li\u1ec7u\u00a0<u><strong>g\u1ed7 cao su<\/strong><\/u>\u00a0gi\u00fap s\u1ea3n ph\u1ea9m c\u00f3 kh\u1ea3 n\u0103ng ch\u1ecbu l\u1ef1c t\u1ed1t v\u00e0 \u0111\u1ed9 b\u1ec1n cao.<\/p>\n<p><strong>V\u1ea3i b\u1ecdc polyester\u00a0<\/strong><\/p>\n<p>V\u1ea3i b\u1ecdc polyester ch\u1ed1ng nh\u0103n, kh\u00e1ng b\u1ee5i b\u1ea9n v\u00e0 n\u1ea5m m\u1ed1c, d\u1ec5 d\u00e0ng v\u1ec7 sinh.<\/p>\n<p><img decoding=\"async\" src=\"https:\/\/file.hstatic.net\/200000065946\/file\/noi-that-moho-van-go-tu-nhien_2e2f0672326741febf22433add8f02aa.jpg\" alt=\"L\u01b0u \u00fd v\u00e2n g\u1ed7\" \/><\/p>\n<p><em>* M\u1ed9t s\u1ed1 s\u1ea3n ph\u1ea9m s\u1eed d\u1ee5ng g\u1ed7 t\u1ef1 nhi\u00ean c\u00f3 th\u1ec3 xu\u1ea5t hi\u1ec7n m\u1eaft g\u1ed7 ng\u1eabu nhi\u00ean v\u00e0 v\u00e2n g\u1ed7 tr\u00ean b\u1ec1 m\u1eb7t m\u1ed7i s\u1ea3n ph\u1ea9m s\u1ebd kh\u00e1c nhau \u2013 \u0111i\u1ec1u n\u00e0y l\u00e0 ho\u00e0n to\u00e0n t\u1ef1 nhi\u00ean, t\u1ea1o n\u00ean s\u1ef1 \u0111\u1ed9c \u0111\u00e1o ri\u00eang cho t\u1eebng s\u1ea3n ph\u1ea9m. V\u00ec v\u1eady MOHO s\u1ebd kh\u00f4ng \u00e1p d\u1ee5ng c\u00e1c ch\u00ednh s\u00e1ch \u0111\u1ed5i tr\u1ea3, b\u1ea3o h\u00e0nh v\u00e0 b\u1ea3o tr\u00ec cho c\u00e1c tr\u01b0\u1eddng h\u1ee3p n\u00e0y.<\/em><\/p>\n<h4><\/h4>\n<p><strong>3. \u0110\u1eb6C \u0110I\u1ec2M N\u1ed4I B\u1eacT<\/strong><\/p>\n<p>C\u00e1c thi\u1ebft k\u1ebf t\u1eeb\u00a0<strong><u>b\u1ed9 s\u01b0u t\u1eadp n\u1ed9i th\u1ea5t<\/u><\/strong><strong>\u00a0MILAN<\/strong>\u00a0l\u1ea5y \u00fd t\u01b0\u1edfng\u00a0t\u1eeb kinh \u0111\u00f4 th\u1eddi trang th\u1ebf gi\u1edbi \u2013 n\u01b0\u1edbc \u00dd,\u00a0truy\u1ec1n t\u1ea3i h\u01a1i th\u1edf hi\u1ec7n \u0111\u1ea1i v\u00e0 tinh t\u1ebf trong t\u1eebng \u0111\u01b0\u1eddng n\u00e9t.<\/p>\n<p><img decoding=\"async\" src=\"https:\/\/file.hstatic.net\/200000065946\/file\/noi-that-moho-bo-ban-an-milan_d2d19d130d844c18a99e56282986bd27.jpg\" alt=\"noi-that-moho-bo-ban-an-milan\" \/><\/p>\n<p><strong>Ki\u1ec3u d\u00e1ng tinh t\u1ebf v\u00e0 hi\u1ec7n \u0111\u1ea1i<\/strong><\/p>\n<p>Thi\u1ebft k\u1ebf t\u1ed1i gi\u1ea3n v\u1edbi t\u00f4ng m\u00e0u g\u1ed7 t\u1ef1 nhi\u00ean mang \u0111\u1ebfn kh\u00f4ng gian n\u1ed9i th\u1ea5t\u00a0ph\u00f2ng \u0103n\u00a0hi\u1ec7n \u0111\u1ea1i, ph\u00f9 h\u1ee3p v\u1edbi nhi\u1ec1u phong c\u00e1ch\u00a0n\u1ed9i th\u1ea5t.<\/p>\n<p>&nbsp;<\/p>\n<p><img decoding=\"async\" src=\"https:\/\/file.hstatic.net\/200000065946\/file\/noi-that-moho-ghe-an-go-cao-su-tu-nhien-milan-nau-2_465a94d80b784feabbec78f59da2aa50.jpg\" alt=\"noi-that-moho-ghe-an-go-cao-su-tu-nhien-milan-nau-2\" \/><\/p>\n<p><strong>L\u01b0ng t\u1ef1a cong m\u1ec1m m\u1ea1i<\/strong><\/p>\n<p>Thi\u1ebft k\u1ebf \u0111\u01b0\u1eddng cong l\u01b0ng t\u1ef1a bo tr\u00f2n t\u1ea1o s\u1ef1 tho\u1ea3i m\u00e1i, h\u1ea1n ch\u1ebf m\u1ecfi l\u01b0ng.<\/p>\n<p>&nbsp;<\/p>\n<p><img decoding=\"async\" src=\"https:\/\/file.hstatic.net\/200000065946\/file\/noi-that-moho-ghe-an-go-cao-su-tu-nhien-milan-nau-3_4ff52e0ec61f41b199d418762222af0c.jpg\" alt=\"noi-that-moho-ghe-an-go-cao-su-tu-nhien-milan-nau-3\" \/><\/p>\n<p><strong>\u0110\u1ec7m gh\u1ebf u\u1ed1n cong \u0111\u1ed9c \u0111\u00e1o<\/strong><\/p>\n<p>Thi\u1ebft k\u1ebf t\u1ed1i \u01b0u v\u1edbi m\u1eb7t \u0111\u1ec7m u\u1ed1n cong t\u1ea1o c\u1ea3m gi\u00e1c d\u1ec5 ch\u1ecbu. Ch\u1ea5t li\u1ec7u v\u1ea3i polyester h\u1ea1n ch\u1ebf b\u00e1m b\u1ea9n, n\u1ea5m m\u1ed1c.<\/p>\n<p>&nbsp;<\/p>\n<p><img decoding=\"async\" src=\"https:\/\/file.hstatic.net\/200000065946\/file\/noi-that-moho-ghe-an-go-cao-su-tu-nhien-milan-nau-4_71a8cd91b188460c930a2ec7766b329a.jpg\" alt=\"noi-that-moho-ghe-an-go-cao-su-tu-nhien-milan-nau-4\" \/><\/p>\n<p><strong>\u0110\u1ed9 nghi\u00eang h\u1ee3p l\u00fd\u00a0<\/strong><\/p>\n<p>\u0110\u1ed9 nghi\u00eang ho\u00e0n h\u1ea3o \u0111\u01b0\u1ee3c t\u00ednh to\u00e1n nh\u1eb1m mang \u0111\u1ebfn tr\u1ea3i nghi\u1ec7m tho\u1ea3i m\u00e1i nh\u1ea5t khi s\u1eed d\u1ee5ng.<\/p>\n<p>&nbsp;<\/p>\n<p><img decoding=\"async\" src=\"https:\/\/file.hstatic.net\/200000065946\/file\/noi-that-moho-ghe-an-milan-2-mau-01_c38c8324aefa400a8ea8cad4c61133aa.jpg\" alt=\"Gh\u1ebf \u0103n MILAN\" \/><strong>C\u00f3 02\u00a0m\u00e0u s\u1eafc l\u1ef1a ch\u1ecdn\u00a0<\/strong><\/p>\n<p>Gh\u1ebf MILAN 601 m\u00e0u g\u1ed7 t\u1ef1 nhi\u00ean<\/p>\n<p>Gh\u1ebf MILAN 601 m\u00e0u n\u00e2u<\/p>\n<p>&nbsp;<\/p>\n<h2><strong>4. KH\u00d4NG GIAN S\u1ed0NG<\/strong><\/h2>\n<p>Gh\u1ebf \u0102n G\u1ed7 Cao Su T\u1ef1 Nhi\u00ean MOHO MILAN 601\u00a0s\u1eed d\u1ee5ng\u00a0ch\u1ea5t li\u1ec7u g\u1ed7 eco &#8211; friendly, an to\u00e0n s\u1ee9c kh\u1ecfe kh\u00f4ng ch\u1ec9 t\u1ea1o n\u00ean kh\u00f4ng gian ph\u00f2ng \u0103n \u1ea5m c\u00fang, g\u1eafn k\u1ebft c\u00e1c th\u00e0nh vi\u00ean trong gia \u0111\u00ecnh m\u00e0 c\u00f2n d\u1ec5 d\u00e0ng k\u1ebft h\u1ee3p c\u00f9ng c\u00e1c\u00a0<strong><u>n\u1ed9i th\u1ea5t ph\u00f2ng \u0103n<\/u><\/strong>\u00a0kh\u00e1c.<\/p>\n<p><img decoding=\"async\" src=\"https:\/\/file.hstatic.net\/200000065946\/file\/noi-that-moho-ghe-an-milan-02_1a421b3c3eea42549eee6e6993d9162e.png\" \/><\/p>\n","protected":false},"excerpt":{"rendered":"<p><strong>Ch\u1ea5t li\u1ec7u:<\/strong><\/p>\n<p>&#8211; G\u1ed7 cao su t\u1ef1 nhi\u00ean<\/p>\n<p>&#8211; V\u1ea3i b\u1ecdc polyester ch\u1ed1ng nh\u0103n, kh\u00e1ng b\u1ee5i b\u1ea9n v\u00e0 n\u1ea5m m\u1ed1c<\/p>\n<p><em>Ch\u1ed1ng th\u1ea5m, cong v\u00eanh, tr\u1ea7y x\u01b0\u1edbc, m\u1ed1i m\u1ecdt<\/em><\/p>\n","protected":false},"featured_media":411,"comment_status":"open","ping_status":"closed","template":"","meta":{"_acf_changed":false},"product_cat":[57,59,56,58,60],"product_tag":[],"tinh-trang":[61],"class_list":{"0":"post-410","1":"product","2":"type-product","3":"status-publish","4":"has-post-thumbnail","6":"product_cat-ban","7":"product_cat-den","8":"product_cat-ghe","9":"product_cat-giuong","10":"product_cat-ke-de-giay","11":"tinh-trang-con-hang","13":"first","14":"instock","15":"featured","16":"shipping-taxable","17":"purchasable","18":"product-type-simple"},"acf":[],"_links":{"self":[{"href":"https:\/\/store.k-tech-services.com\/wp-noithat\/wp-json\/wp\/v2\/product\/410","targetHints":{"allow":["GET"]}}],"collection":[{"href":"https:\/\/store.k-tech-services.com\/wp-noithat\/wp-json\/wp\/v2\/product"}],"about":[{"href":"https:\/\/store.k-tech-services.com\/wp-noithat\/wp-json\/wp\/v2\/types\/product"}],"replies":[{"embeddable":true,"href":"https:\/\/store.k-tech-services.com\/wp-noithat\/wp-json\/wp\/v2\/comments?post=410"}],"wp:featuredmedia":[{"embeddable":true,"href":"https:\/\/store.k-tech-services.com\/wp-noithat\/wp-json\/wp\/v2\/media\/411"}],"wp:attachment":[{"href":"https:\/\/store.k-tech-services.com\/wp-noithat\/wp-json\/wp\/v2\/media?parent=410"}],"wp:term":[{"taxonomy":"product_cat","embeddable":true,"href":"https:\/\/store.k-tech-services.com\/wp-noithat\/wp-json\/wp\/v2\/product_cat?post=410"},{"taxonomy":"product_tag","embeddable":true,"href":"https:\/\/store.k-tech-services.com\/wp-noithat\/wp-json\/wp\/v2\/product_tag?post=410"},{"taxonomy":"tinh-trang","embeddable":true,"href":"https:\/\/store.k-tech-services.com\/wp-noithat\/wp-json\/wp\/v2\/tinh-trang?post=410"}],"curies":[{"name":"wp","href":"https:\/\/api.w.org\/{rel}","templated":true}]}}