{"id":403,"date":"2024-03-29T02:12:22","date_gmt":"2024-03-29T02:12:22","guid":{"rendered":"https:\/\/demo.k-tech.net.vn\/wp-noithat\/?post_type=product&#038;p=403"},"modified":"2024-03-29T02:32:18","modified_gmt":"2024-03-29T02:32:18","slug":"ghe-an-go-cao-su-tu-nhien","status":"publish","type":"product","link":"https:\/\/store.k-tech-services.com\/wp-noithat\/san-pham\/ghe-an-go-cao-su-tu-nhien\/","title":{"rendered":"Gh\u1ebf \u0102n G\u1ed7 Cao Su T\u1ef1 Nhi\u00ean"},"content":{"rendered":"<h2><strong>1. TH\u00d4NG S\u1ed0 K\u1ef8 THU\u1eacT<\/strong><\/h2>\n<p><img decoding=\"async\" src=\"https:\/\/file.hstatic.net\/200000065946\/file\/kich-thuoc-ghe-an-go-malaga_6a29a8f5655e4e0ba10229c6354df6d7.jpg\" alt=\"K\u00edch th\u01b0\u1edbc gh\u1ebf \u0103n g\u1ed7 MALAGA\" \/><\/p>\n<p>&nbsp;<\/p>\n<p><strong>2. CHI TI\u1ebeT V\u1eacT LI\u1ec6U<\/strong><\/p>\n<h3><strong>G\u1ed7 cao su t\u1ef1 nhi\u00ean<\/strong><\/h3>\n<p>S\u1eed d\u1ee5ng ch\u1ea5t li\u1ec7u\u00a0<strong>g\u1ed7 cao su<\/strong>\u00a0t\u1ef1 nhi\u00ean gi\u00fap s\u1ea3n ph\u1ea9m c\u00f3 kh\u1ea3 n\u0103ng ch\u1ecbu l\u1ef1c t\u1ed1t v\u00e0 \u0111\u1ed9 b\u1ec1n cao.<\/p>\n<p><img decoding=\"async\" src=\"https:\/\/file.hstatic.net\/200000065946\/file\/go-cao-su-tu-nhien_e19355e18c6c4d2eb80e64d2d76af46f.jpg\" alt=\"G\u1ed7 cao su t\u1ef1 nhi\u00ean\" \/><\/p>\n<p><img decoding=\"async\" src=\"https:\/\/file.hstatic.net\/200000065946\/file\/noi-that-moho-odessa-ghe-an-na-3_3aed2b5cec21473a993c3f3b290f2f36.jpg\" alt=\"noi-that-moho-odessa-ghe-an-na-3\" \/><\/p>\n<p><em>* M\u1ed9t s\u1ed1 s\u1ea3n ph\u1ea9m s\u1eed d\u1ee5ng g\u1ed7 t\u1ef1 nhi\u00ean c\u00f3 th\u1ec3 xu\u1ea5t hi\u1ec7n m\u1eaft g\u1ed7 ng\u1eabu nhi\u00ean tr\u00ean b\u1ec1 m\u1eb7t s\u1ea3n ph\u1ea9m, \u0111i\u1ec1u n\u00e0y l\u00e0 ho\u00e0n to\u00e0n t\u1ef1 nhi\u00ean, t\u1ea1o n\u00ean s\u1ef1 \u0111\u1ed9c \u0111\u00e1o ri\u00eang cho t\u1eebng s\u1ea3n ph\u1ea9m. V\u00ec v\u1eady MOHO s\u1ebd kh\u00f4ng \u00e1p d\u1ee5ng c\u00e1c ch\u00ednh s\u00e1ch \u0111\u1ed5i tr\u1ea3, b\u1ea3o h\u00e0nh v\u00e0 b\u1ea3o tr\u00ec cho c\u00e1c tr\u01b0\u1eddng h\u1ee3p n\u00e0y.<\/em><\/p>\n<p>&nbsp;<\/p>\n<h2><strong>3. \u0110\u1eb6C \u0110I\u1ec2M N\u1ed4I B\u1eacT<\/strong><\/h2>\n<p>Th\u00e0nh ph\u1ed1 MALAGA ng\u1eadp tr\u00e0n \u00e1nh s\u00e1ng m\u1eb7t tr\u1eddi, l\u1eafng \u0111\u1ecdng ch\u00fat y\u00ean b\u00ecnh c\u1ee7a khung c\u1ea3nh chim b\u1ed3 c\u00e2u tr\u00ean nh\u1eefng c\u00e2y ng\u00f4 \u0111\u1ed3ng t\u1ea1i qu\u1ea3ng tr\u01b0\u1eddng ch\u00ednh l\u00e0 ngu\u1ed3n c\u1ea3m h\u1ee9ng t\u1ea1o thi\u1ebft k\u1ebf cho\u00a0<strong>b\u1ed9 s\u01b0u t\u1eadp n\u1ed9i th\u1ea5t<\/strong>\u00a0MALAGA.<\/p>\n<p><img decoding=\"async\" src=\"https:\/\/file.hstatic.net\/200000065946\/file\/noi-that-moho-ghe-an-go-malaga-11_3befef21876e4c54a2de98071ffac27c.jpg\" alt=\"Gh\u1ebf \u0103n g\u1ed7 MALAGA 2\" \/><\/p>\n<p>&nbsp;<\/p>\n<p><strong>C\u00e1c g\u00f3c c\u1ea1nh ho\u00e0n h\u1ea3o \u0111\u1ebfn t\u1eebng chi ti\u1ebft:<\/strong><\/p>\n<p>\u0110\u1eb7c tr\u01b0ng c\u1ee7a b\u1ed9 s\u01b0u t\u1eadp MALAGA l\u00e0 c\u00e1c g\u00f3c c\u1ea1nh vu\u00f4ng \u0111\u01b0\u1ee3c ho\u00e0n thi\u1ec7n t\u1ec9 m\u1ec9, \u0111\u1eb7t bi\u1ec7t c\u00e1c g\u00f3c vu\u00f4ng \u0111\u01b0\u1ee3c bo tr\u00f2n nh\u1eb9.<\/p>\n<p><img decoding=\"async\" src=\"https:\/\/file.hstatic.net\/200000065946\/file\/noi-that-moho-ghe-an-go-malaga-3_f9922619110248279fb62d1617f9894d.jpg\" alt=\"Gh\u1ebf \u0103n g\u1ed7 MALAGA\" \/><\/p>\n<p>&nbsp;<\/p>\n<p><strong>K\u1ebft c\u1ea5u gh\u1ebf ch\u1eafc<\/strong><\/p>\n<p>Gh\u1ebf \u0111\u01b0\u1ee3c l\u00e0m t\u1eeb g\u1ed7 cao su t\u1ef1 nhi\u00ean to\u00e0n b\u1ed9 gh\u1ebf t\u1eeb ch\u00e2n gh\u1ebf\u00a0\u0111\u1ebfn l\u01b0ng t\u1ef1a, s\u1ebd c\u00f3 \u0111\u1ed9 b\u1ec1n cao.<\/p>\n<p><img decoding=\"async\" src=\"https:\/\/file.hstatic.net\/200000065946\/file\/noi-that-moho-ghe-an-go-malaga-13_8572233272d54575acc540533af0599e.jpg\" alt=\"Gh\u1ebf \u0103n g\u1ed7 MALAGA 3\" \/><\/p>\n<p>&nbsp;<\/p>\n<p><strong>4. KH\u00d4NG GIAN S\u1ed0NG<\/strong><\/p>\n<p><strong>Gh\u1ebf \u0103n gia \u0111\u00ecnh<\/strong>\u00a0MALAGA c\u00f3 th\u1ec3 d\u1ec5 d\u00e0ng k\u1ebft h\u1ee3p v\u1edbi c\u00e1c m\u1eabu b\u00e0n \u0103n, b\u00e0n cafe cao ho\u1eb7c b\u00e0n l\u00e0m vi\u1ec7c \u0111ang \u0111\u01b0\u1ee3c N\u1ed9i Th\u1ea5t MOHO b\u00e0y b\u00e1n \u0111\u1ec3 t\u1ea1o ra m\u1ed9t b\u1ed9 b\u00e0n gh\u1ebf ho\u00e0n ch\u1ec9nh cho ng\u01b0\u1eddi d\u00f9ng.<\/p>\n<p><img decoding=\"async\" src=\"https:\/\/file.hstatic.net\/200000065946\/file\/noi-that-moho-ghe-an-go-malaga-12_d4daf238ce154193a8a015e87b1443a7.jpg\" alt=\"Gh\u1ebf \u0103n g\u1ed7 MALAGA 1\" \/><\/p>\n","protected":false},"excerpt":{"rendered":"<div class=\"motangan\">\n<div class=\"rte\">\n<p><strong>Ch\u1ea5t li\u1ec7u:\u00a0<\/strong>G\u1ed7 cao su t\u1ef1 nhi\u00ean<\/p>\n<p><em>Ch\u1ed1ng th\u1ea5m, cong v\u00eanh, tr\u1ea7y x\u01b0\u1edbc, m\u1ed1i m\u1ecdt<\/em><\/p>\n<\/div>\n<\/div>\n<div class=\"form-product\">\n<div class=\"clearfix form-group \">\n<div class=\"flex-quantity\">\n<div class=\"custom custom-btn-number show\"><\/div>\n<\/div>\n<\/div>\n<\/div>\n","protected":false},"featured_media":404,"comment_status":"open","ping_status":"closed","template":"","meta":{"_acf_changed":false},"product_cat":[57,59,50,56,58,60],"product_tag":[],"tinh-trang":[],"class_list":{"0":"post-403","1":"product","2":"type-product","3":"status-publish","4":"has-post-thumbnail","6":"product_cat-ban","7":"product_cat-den","8":"product_cat-do-trang-tri","9":"product_cat-ghe","10":"product_cat-giuong","11":"product_cat-ke-de-giay","13":"first","14":"instock","15":"featured","16":"shipping-taxable","17":"purchasable","18":"product-type-simple"},"acf":[],"_links":{"self":[{"href":"https:\/\/store.k-tech-services.com\/wp-noithat\/wp-json\/wp\/v2\/product\/403","targetHints":{"allow":["GET"]}}],"collection":[{"href":"https:\/\/store.k-tech-services.com\/wp-noithat\/wp-json\/wp\/v2\/product"}],"about":[{"href":"https:\/\/store.k-tech-services.com\/wp-noithat\/wp-json\/wp\/v2\/types\/product"}],"replies":[{"embeddable":true,"href":"https:\/\/store.k-tech-services.com\/wp-noithat\/wp-json\/wp\/v2\/comments?post=403"}],"wp:featuredmedia":[{"embeddable":true,"href":"https:\/\/store.k-tech-services.com\/wp-noithat\/wp-json\/wp\/v2\/media\/404"}],"wp:attachment":[{"href":"https:\/\/store.k-tech-services.com\/wp-noithat\/wp-json\/wp\/v2\/media?parent=403"}],"wp:term":[{"taxonomy":"product_cat","embeddable":true,"href":"https:\/\/store.k-tech-services.com\/wp-noithat\/wp-json\/wp\/v2\/product_cat?post=403"},{"taxonomy":"product_tag","embeddable":true,"href":"https:\/\/store.k-tech-services.com\/wp-noithat\/wp-json\/wp\/v2\/product_tag?post=403"},{"taxonomy":"tinh-trang","embeddable":true,"href":"https:\/\/store.k-tech-services.com\/wp-noithat\/wp-json\/wp\/v2\/tinh-trang?post=403"}],"curies":[{"name":"wp","href":"https:\/\/api.w.org\/{rel}","templated":true}]}}