{"id":274,"date":"2024-03-28T04:40:24","date_gmt":"2024-03-28T04:40:24","guid":{"rendered":"https:\/\/demo.k-tech.net.vn\/wp-noithat\/?post_type=product&#038;p=274"},"modified":"2024-03-28T04:40:56","modified_gmt":"2024-03-28T04:40:56","slug":"den-ban-chicago-ma-vang","status":"publish","type":"product","link":"https:\/\/store.k-tech-services.com\/wp-noithat\/san-pham\/den-ban-chicago-ma-vang\/","title":{"rendered":"\u0110\u00e8n B\u00e0n Chicago M\u1ea1 V\u00e0ng"},"content":{"rendered":"<p><strong>K\u00edch th\u01b0\u1edbc t\u1ed5ng th\u1ec3<\/strong>: Cao 61cm x D\u00e0i 37cm x R\u1ed9ng 21 cm<\/p>\n<p><strong>Ch\u1ea5t li\u1ec7u<\/strong>: s\u1eaft m\u1ea1 v\u00e0ng t\u0129nh \u0111i\u1ec7n<\/p>\n<p><strong>\u00a0Tr\u1ecdng l\u01b0\u1ee3ng<\/strong>: 3000 gram<\/p>\n<p>\u2022 \u0110i\u1ec1u ch\u1ec9nh \u0111\u01b0\u1ee3c \u0111\u1ed9 s\u00e1ng, c\u00f3 3 m\u1ee9c s\u00e1ng kh\u00e1c nhau. Chao \u0111\u00e8n c\u00f3 th\u1ec3 xoay.<\/p>\n<p>\u2022 B\u00f3ng \u0111\u00e8n led 5W, c\u00f3 th\u1ec3 thay b\u00f3ng. \u0110ui E27<\/p>\n<p>&nbsp;<\/p>\n<p>&nbsp;<\/p>\n","protected":false},"excerpt":{"rendered":"<p><strong>Ch\u1ea5t li\u1ec7u<\/strong>: s\u1eaft m\u1ea1 v\u00e0ng t\u0129nh \u0111i\u1ec7n<\/p>\n<p><strong>\u00a0Tr\u1ecdng l\u01b0\u1ee3ng<\/strong>: 3000 gram<\/p>\n<p><strong>Ph\u00ed giao h\u00e0ng:<\/strong><\/p>\n<p>&#8211; N\u1ed9i th\u00e0nh HCM: mi\u1ec5n ph\u00ed<\/p>\n<p>&#8211; Ngo\u1ea1i th\u00e0nh HCM v\u00e0 c\u00e1c t\u1ec9nh th\u00e0nh kh\u00e1c: t\u1eeb 40,000\u0111 tr\u1edf l\u00ean<\/p>\n<p><em>* S\u1ea3n ph\u1ea9m c\u00f3 xu\u1ea5t h\u00f3a \u0111\u01a1n VAT<\/em><\/p>\n<p><em>* S\u1ea3n ph\u1ea9m \u00e1p d\u1ee5ng \u0111\u1ed5i tr\u1ea3 n\u1ebfu b\u1ecb l\u1ed7i s\u1ea3n xu\u1ea5t<\/em><\/p>\n","protected":false},"featured_media":275,"comment_status":"open","ping_status":"closed","template":"","meta":{"_acf_changed":false},"product_cat":[21],"product_tag":[],"tinh-trang":[],"class_list":{"0":"post-274","1":"product","2":"type-product","3":"status-publish","4":"has-post-thumbnail","6":"product_cat-phong-khach","8":"first","9":"instock","10":"featured","11":"shipping-taxable","12":"purchasable","13":"product-type-simple"},"acf":[],"_links":{"self":[{"href":"https:\/\/store.k-tech-services.com\/wp-noithat\/wp-json\/wp\/v2\/product\/274","targetHints":{"allow":["GET"]}}],"collection":[{"href":"https:\/\/store.k-tech-services.com\/wp-noithat\/wp-json\/wp\/v2\/product"}],"about":[{"href":"https:\/\/store.k-tech-services.com\/wp-noithat\/wp-json\/wp\/v2\/types\/product"}],"replies":[{"embeddable":true,"href":"https:\/\/store.k-tech-services.com\/wp-noithat\/wp-json\/wp\/v2\/comments?post=274"}],"wp:featuredmedia":[{"embeddable":true,"href":"https:\/\/store.k-tech-services.com\/wp-noithat\/wp-json\/wp\/v2\/media\/275"}],"wp:attachment":[{"href":"https:\/\/store.k-tech-services.com\/wp-noithat\/wp-json\/wp\/v2\/media?parent=274"}],"wp:term":[{"taxonomy":"product_cat","embeddable":true,"href":"https:\/\/store.k-tech-services.com\/wp-noithat\/wp-json\/wp\/v2\/product_cat?post=274"},{"taxonomy":"product_tag","embeddable":true,"href":"https:\/\/store.k-tech-services.com\/wp-noithat\/wp-json\/wp\/v2\/product_tag?post=274"},{"taxonomy":"tinh-trang","embeddable":true,"href":"https:\/\/store.k-tech-services.com\/wp-noithat\/wp-json\/wp\/v2\/tinh-trang?post=274"}],"curies":[{"name":"wp","href":"https:\/\/api.w.org\/{rel}","templated":true}]}}