{"id":239,"date":"2024-03-28T02:48:13","date_gmt":"2024-03-28T02:48:13","guid":{"rendered":"https:\/\/demo.k-tech.net.vn\/wp-noithat\/?post_type=product&#038;p=239"},"modified":"2024-04-01T02:38:57","modified_gmt":"2024-04-01T02:38:57","slug":"den-tre-dam-may","status":"publish","type":"product","link":"https:\/\/store.k-tech-services.com\/wp-noithat\/san-pham\/den-tre-dam-may\/","title":{"rendered":"\u0110\u00e8n Tre \u0110\u00e1m M\u00e2y"},"content":{"rendered":"<p>M\u00d4 T\u1ea2 S\u1ea2N PH\u1ea8M<br \/>\nMay nh\u1eadn thi\u1ebft k\u1ebf v\u00e0 s\u1ea3n xu\u1ea5t m\u1eabu theo y\u00eau c\u1ea7u (s\u1ed1 l\u01b0\u1ee3ng t\u00f9y m\u1eabu)<br \/>\nH\u00e0ng c\u00f3 s\u1eb5n<br \/>\nCh\u1ea5t li\u1ec7u: Tre<br \/>\nNgu\u1ed3n g\u1ed1c xu\u1ea5t x\u1ee9: mi\u1ec1n Nam<br \/>\n\u1ee8ng d\u1ee5ng: s\u1ecdt \u0111\u1ef1ng \u0111\u1ed3,decor&#8230;<br \/>\nH\u01b0\u1edbng d\u1eabn s\u1eed d\u1ee5ng &amp; b\u1ea3o qu\u1ea3n:<br \/>\n&#8211; S\u1eed d\u1ee5ng \u1edf n\u01a1i kh\u00f4 r\u00e1o, tho\u00e1ng m\u00e1t, tr\u00e1nh ti\u1ebfp x\u00fac tr\u1ef1c ti\u1ebfp v\u1edbi n\u01b0\u1edbc.<br \/>\n&#8211; B\u1ea1n c\u00f3 th\u1ec3 r\u1eeda s\u1ea1ch b\u1eb1ng c\u00e1ch x\u1ecbt tr\u1ef1c ti\u1ebfp d\u01b0\u1edbi n\u01b0\u1edbc (kh\u00f4ng d\u00f9ng x\u00e0 ph\u00f2ng, ch\u1ea5t t\u1ea9y r\u1eeda m\u1ea1nh). Sau \u0111\u00f3 ph\u01a1i th\u1eadt kh\u00f4 d\u01b0\u1edbi n\u1eafng l\u00e0 c\u00f3 th\u1ec3 s\u1eed d\u1ee5ng l\u1ea1i b\u00ecnh th\u01b0\u1eddng.<br \/>\n&#8212;&#8212;&#8212;&#8212;&#8212;&#8211;<br \/>\n\u0110\u00e2y l\u00e0 s\u1ea3n ph\u1ea9m th\u1ee7 c\u00f4ng \u0111\u01b0\u1ee3c l\u00e0m t\u1eeb ch\u1ea5t li\u1ec7u t\u1ef1 nhi\u00ean t\u1ea1i Vi\u1ec7t Nam. Ch\u00fang m\u00ecnh \u0111\u00e3 \u0111i d\u1ecdc v\u00f9ng nguy\u00ean li\u1ec7u t\u1eeb B\u1eafc v\u00e0o Nam, kh\u00e1m ph\u00e1 t\u1eebng \u0111i\u1ec3m l\u00e0ng ngh\u1ec1 l\u1edbn nh\u1ecf, \u0111\u1ec3 ch\u1ecdn l\u1ecdc, ph\u00e1t tri\u1ec3n v\u00e0 mang v\u1ec1 ph\u1ed1 nh\u1eefng s\u1ea3n ph\u1ea9m \u0111\u1ea1t 3 ti\u00eau ch\u00ed:<br \/>\n&#8211; Ch\u1ea5t li\u1ec7u t\u1ef1 nhi\u00ean, x\u1eed l\u00fd v\u00e0 ho\u00e0n thi\u1ec7n t\u1ec9 m\u1ec9.<br \/>\n&#8211; Tinh gi\u1ea3n, hi\u1ec7n \u0111\u1ea1i nh\u01b0ng v\u1eabn gi\u1eef \u0111\u01b0\u1ee3c h\u1ed3n c\u1ed1t ch\u00e2n qu\u00ea.<br \/>\n&#8211; Th\u1ea9m m\u1ef9, b\u1ec1n v\u1eefng, \u0111a \u1ee9ng d\u1ee5ng cho cu\u1ed9c s\u1ed1ng \u0111\u1eddi th\u01b0\u1eddng.<\/p>\n","protected":false},"excerpt":{"rendered":"<p><strong><strong><strong>Ch\u1ea5t li\u1ec7u:\u00a0<\/strong>Tre<br \/>\n<strong>Ngu\u1ed3n g\u1ed1c xu\u1ea5t x\u1ee9:<\/strong>\u00a0Vi\u1ec7t Nam<br \/>\n<strong>\u1ee8ng d\u1ee5ng:<\/strong>\u00a0Th\u1ea3m tr\u1ea3i s\u00e0n, decor kh\u00f4ng gian<br \/>\nMay nh\u1eadn thi\u1ebft k\u1ebf v\u00e0 s\u1ea3n xu\u1ea5t m\u1eabu theo y\u00eau c\u1ea7u (s\u1ed1 l\u01b0\u1ee3ng t\u00f9y m\u1eabu)<\/strong><\/strong><\/p>\n","protected":false},"featured_media":240,"comment_status":"open","ping_status":"closed","template":"","meta":{"_acf_changed":false},"product_cat":[21,57,25],"product_tag":[],"tinh-trang":[],"class_list":{"0":"post-239","1":"product","2":"type-product","3":"status-publish","4":"has-post-thumbnail","6":"product_cat-phong-khach","7":"product_cat-ban","8":"product_cat-tu-ke-tivi","10":"first","11":"instock","12":"featured","13":"downloadable","14":"shipping-taxable","15":"purchasable","16":"product-type-simple"},"acf":[],"_links":{"self":[{"href":"https:\/\/store.k-tech-services.com\/wp-noithat\/wp-json\/wp\/v2\/product\/239","targetHints":{"allow":["GET"]}}],"collection":[{"href":"https:\/\/store.k-tech-services.com\/wp-noithat\/wp-json\/wp\/v2\/product"}],"about":[{"href":"https:\/\/store.k-tech-services.com\/wp-noithat\/wp-json\/wp\/v2\/types\/product"}],"replies":[{"embeddable":true,"href":"https:\/\/store.k-tech-services.com\/wp-noithat\/wp-json\/wp\/v2\/comments?post=239"}],"wp:featuredmedia":[{"embeddable":true,"href":"https:\/\/store.k-tech-services.com\/wp-noithat\/wp-json\/wp\/v2\/media\/240"}],"wp:attachment":[{"href":"https:\/\/store.k-tech-services.com\/wp-noithat\/wp-json\/wp\/v2\/media?parent=239"}],"wp:term":[{"taxonomy":"product_cat","embeddable":true,"href":"https:\/\/store.k-tech-services.com\/wp-noithat\/wp-json\/wp\/v2\/product_cat?post=239"},{"taxonomy":"product_tag","embeddable":true,"href":"https:\/\/store.k-tech-services.com\/wp-noithat\/wp-json\/wp\/v2\/product_tag?post=239"},{"taxonomy":"tinh-trang","embeddable":true,"href":"https:\/\/store.k-tech-services.com\/wp-noithat\/wp-json\/wp\/v2\/tinh-trang?post=239"}],"curies":[{"name":"wp","href":"https:\/\/api.w.org\/{rel}","templated":true}]}}