{"id":234,"date":"2024-03-28T02:42:14","date_gmt":"2024-03-28T02:42:14","guid":{"rendered":"https:\/\/demo.k-tech.net.vn\/wp-noithat\/?post_type=product&#038;p=234"},"modified":"2024-04-01T02:38:57","modified_gmt":"2024-04-01T02:38:57","slug":"ban-sofa-ban-cafe-ban-tra-tron-cao-go","status":"publish","type":"product","link":"https:\/\/store.k-tech-services.com\/wp-noithat\/san-pham\/ban-sofa-ban-cafe-ban-tra-tron-cao-go\/","title":{"rendered":"B\u00e0n Sofa \u2013 B\u00e0n Cafe \u2013 B\u00e0n Tr\u00e0 Tr\u00f2n Cao G\u1ed7"},"content":{"rendered":"<p><strong>1. TH\u00d4NG S\u1ed0 K\u1ef8 THU\u1eacT<\/strong><br \/>\n<img decoding=\"async\" src=\"https:\/\/file.hstatic.net\/200000065946\/file\/noi-that-moho-ban-tra-sofa-tron-cao-oslo-2_c443e00c7fcb40658c3d0f5ceb8708ba.jpg\" alt=\"B\u00e0n Sofa \u2013 B\u00e0n Cafe \u2013 B\u00e0n Tr\u00e0 Tr\u00f2n Cao G\u1ed7 MOHO OSLO 901 2\" \/><\/p>\n<p><strong>2. CHI TI\u1ebeT V\u1eacT LI\u1ec6U<\/strong><br \/>\n<strong>G\u1ed7 cao su t\u1ef1 nhi\u00ean<\/strong><br \/>\nS\u1eed d\u1ee5ng ch\u1ea5t li\u1ec7u\u00a0<strong>g\u1ed7 cao su<\/strong>\u00a0gi\u00fap s\u1ea3n ph\u1ea9m c\u00f3 kh\u1ea3 n\u0103ng ch\u1ecbu l\u1ef1c t\u1ed1t v\u00e0 \u0111\u1ed9 b\u1ec1n cao.<br \/>\n<img decoding=\"async\" src=\"https:\/\/file.hstatic.net\/200000065946\/file\/noi-that-moho-oslo-ban-sofa-tron-2_637404073e4a45bda0888baa3c3567b2.jpg\" alt=\"noi-that-moho-oslo-ban-sofa-tron-2\" \/><\/p>\n<p><strong>G\u1ed7 c\u00f4ng nghi\u1ec7p, Veneer g\u1ed7 s\u1ed3i<\/strong><br \/>\nS\u1eed d\u1ee5ng ch\u1ea5t li\u1ec7u g\u1ed7 c\u00f4ng nghi\u1ec7p\u00a0PB \u0111\u1ea1t\u00a0<strong><u>chu\u1ea9n\u00a0CARB-P2<\/u>\u00a0<\/strong>v\u00e0\u00a0<strong>ch\u1ee9ng nh\u1eadn FSC<\/strong>\u00a0th\u00e2n thi\u1ec7n v\u1edbi m\u00f4i tr\u01b0\u1eddng. K\u1ebft h\u1ee3p l\u1edbp Veneer s\u1ed3i sang tr\u1ecdng v\u00e0 cao c\u1ea5p \u0111\u1ec3 gia t\u0103ng t\u00ednh th\u1ea9m m\u1ef9.<br \/>\n<img decoding=\"async\" src=\"https:\/\/file.hstatic.net\/200000065946\/file\/noi-that-moho-van-go-tu-nhien_3883f71c3edf44d19cad4f577a48e512.jpg\" alt=\"M\u1eaft g\u1ed7 v\u00e0 v\u00e2n g\u1ed7 t\u1ef1 nhi\u00ean\" \/><br \/>\n<em>* M\u1ed9t s\u1ed1 s\u1ea3n ph\u1ea9m s\u1eed d\u1ee5ng g\u1ed7 t\u1ef1 nhi\u00ean c\u00f3 th\u1ec3 xu\u1ea5t hi\u1ec7n m\u1eaft g\u1ed7 ng\u1eabu nhi\u00ean v\u00e0 v\u00e2n g\u1ed7 tr\u00ean b\u1ec1 m\u1eb7t m\u1ed7i s\u1ea3n ph\u1ea9m s\u1ebd kh\u00e1c nhau \u2013 \u0111i\u1ec1u n\u00e0y l\u00e0 ho\u00e0n to\u00e0n t\u1ef1 nhi\u00ean, t\u1ea1o n\u00ean s\u1ef1 \u0111\u1ed9c \u0111\u00e1o ri\u00eang cho t\u1eebng s\u1ea3n ph\u1ea9m. V\u00ec v\u1eady MOHO s\u1ebd kh\u00f4ng \u00e1p d\u1ee5ng c\u00e1c ch\u00ednh s\u00e1ch \u0111\u1ed5i tr\u1ea3, b\u1ea3o h\u00e0nh v\u00e0 b\u1ea3o tr\u00ec cho c\u00e1c tr\u01b0\u1eddng h\u1ee3p n\u00e0y.<\/em><\/p>\n<p><strong>3. \u0110\u1eb6C \u0110I\u1ec2M N\u1ed4I B\u1eacT<\/strong><br \/>\n<strong><u>B\u1ed9 s\u01b0u t\u1eadp n\u1ed9i th\u1ea5t<\/u>\u00a0OSLO<\/strong>\u00a0l\u1ea5y \u00fd t\u01b0\u1edfng t\u1eeb nh\u1eefng nh\u1ecbp s\u1ed1ng hi\u1ec7n \u0111\u1ea1i, h\u1ed1i h\u1ea3 c\u1ee7a th\u00e0nh ph\u1ed1 OSLO c\u1ee7a Na Uy.<br \/>\n<strong>B\u00e0n tr\u00e0 tr\u00f2n cao \u0111\u1eb7c\u00a0tr\u01b0ng<\/strong><br \/>\nM\u1eb7t b\u00e0n tr\u00e0 sofa mang h\u00ecnh tr\u00f2n truy\u1ec1n th\u1ed1ng, k\u00edch th\u01b0\u1edbc\u00a0nh\u1ecf g\u1ecdn ti\u1ec7n l\u1ee3i \u0111\u1eb7t \u1edf nhi\u1ec1u n\u01a1i nh\u01b0 b\u00ean c\u1ea1nh, tr\u01b0\u1edbc\u00a0<strong>gh\u1ebf sofa ph\u00f2ng kh\u00e1ch<\/strong>, c\u00f9ng v\u1edbi \u0111\u00f3\u00a0ch\u00e2n b\u00e0n c\u0169ng \u0111\u01b0\u1ee3c x\u1eed l\u00fd bo tr\u00f2n t\u1ec9 m\u1ec9.<br \/>\n<img decoding=\"async\" src=\"https:\/\/file.hstatic.net\/200000065946\/file\/noi-that-moho-oslo-ban-sofa-tron-4_68fa43ffef864a59b3b212e70f99afc2.jpg\" alt=\"noi-that-moho-oslo-ban-sofa-tron-3\" \/><\/p>\n<p><strong>M\u1eb7t b\u00e0n Veneer g\u1ed7 s\u1ed3i cao c\u1ea5p<\/strong><br \/>\nVeneer g\u1ed7 s\u1ed3i cao c\u1ea5p tr\u00ean m\u1eb7t b\u00e0n th\u1ec3 hi\u1ec7n v\u1ebb \u0111\u1eb9p l\u00e1ng m\u1ecbn, sang tr\u1ecdng cho t\u1ed5ng th\u1ec3 s\u1ea3n ph\u1ea9m. V\u00e2n g\u1ed7 t\u1ef1 nhi\u00ean \u0111\u1ed9c \u0111\u00e1o t\u1eeb c\u00e2y s\u1ed3i mang \u0111\u1ebfn m\u1ed9t n\u00e9t th\u1ea9m m\u1ef9 m\u1edbi l\u1ea1 cho kh\u00f4ng gian nh\u00e0 b\u1ea1n.<br \/>\n<img decoding=\"async\" src=\"https:\/\/file.hstatic.net\/200000065946\/file\/noi-that-moho-ban-tra-sofa-tron-cao-oslo-1_47319197b7c548809283693b9744f5ab.jpg\" alt=\"B\u00e0n Sofa \u2013 B\u00e0n Cafe \u2013 B\u00e0n Tr\u00e0 Tr\u00f2n Cao G\u1ed7 MOHO OSLO 901 1\" \/><\/p>\n<p><strong>D\u1ec5 d\u00e0ng di chuy\u1ec3n v\u1edbi n\u00fat \u0111\u1ee1 nh\u1ef1a<\/strong><br \/>\nD\u01b0\u1edbi ch\u00e2n b\u00e0n tr\u00e0 sofa \u0111\u01b0\u1ee3c\u00a0g\u1eafn th\u00eam\u00a0n\u00fat \u0111\u1ee1 nh\u1ef1a h\u1ea1n ch\u1ebf tr\u1ea7y x\u01b0\u1edbc v\u00e0 d\u1ec5 d\u00e0ng di chuy\u1ec3n, t\u1ea1o ra \u00e2m thanh \u00eam d\u1ecbu, tr\u00e1nh tr\u1ea7y x\u01b0\u1edbc s\u00e0n nh\u00e0 g\u00e2y m\u1ea5t th\u1ea9m m\u1ef9.<br \/>\n<img decoding=\"async\" src=\"https:\/\/file.hstatic.net\/200000065946\/file\/noi-that-moho-oslo-ban-sofa-tron-5_e825101f083f46adb8072bd2255cf3cf.jpg\" alt=\"noi-that-moho-oslo-ban-sofa-tron-4\" \/><\/p>\n<p><strong>Ch\u00e2n b\u00e0n tr\u00e0 g\u1ed7 cao su<\/strong><br \/>\nCh\u00e2n b\u00e0n l\u00e0m 100% t\u1eeb g\u1ed7 cao su t\u1ef1 nhi\u00ean\u00a0ch\u1eafc ch\u1eafn, d\u1ebbo dai\u00a0v\u00e0 ch\u1ecbu l\u1ef1c n\u00e2ng \u0111\u1ee1\u00a0t\u1ed1t. B\u1ea1n s\u1ebd kh\u00f4ng ph\u1ea3i lo l\u1eafng v\u1ec1 tr\u1ecdng l\u01b0\u1ee3ng nh\u1eefng m\u00f3n\u00a0<strong>\u0111\u1ed3 trang tr\u00ed<\/strong>\u00a0tr\u00ean b\u00e0n.<br \/>\n<img decoding=\"async\" src=\"https:\/\/file.hstatic.net\/200000065946\/file\/noi-that-moho-ban-tra-sofa-tron-cao-oslo-4_45334855fe6c4720bd0ea8d319634ea0.jpg\" alt=\"B\u00e0n Sofa \u2013 B\u00e0n Cafe \u2013 B\u00e0n Tr\u00e0 Tr\u00f2n Cao G\u1ed7 MOHO OSLO 901 4\" \/><\/p>\n<p><strong>C\u00f3 02 m\u00e0u l\u1ef1a ch\u1ecdn<\/strong><br \/>\nM\u00e0u t\u1ef1 nhi\u00ean<br \/>\nM\u00e0u n\u00e2u<br \/>\n<img decoding=\"async\" src=\"https:\/\/file.hstatic.net\/200000065946\/file\/noi-that-moho-ban-tra-sofa-tron-cao-oslo-3_9d938662fd9f41f1880f20a9be1400ae.jpg\" alt=\"B\u00e0n Sofa \u2013 B\u00e0n Cafe \u2013 B\u00e0n Tr\u00e0 Tr\u00f2n Cao G\u1ed7 MOHO OSLO 901 5\" \/><\/p>\n<p><strong>4. KH\u00d4NG\u00a0GIAN S\u1ed0NG<\/strong><br \/>\nB\u00e0n Sofa \u2013 B\u00e0n Cafe \u2013 B\u00e0n Tr\u00e0 Tr\u00f2n Cao G\u1ed7 MOHO OSLO 901 c\u00f3 thi\u1ebft k\u1ebf tr\u00f2n cao \u0111\u1ed9c \u0111\u00e1o, th\u1ed5i l\u00e0n gi\u00f3 hi\u1ec7n \u0111\u1ea1i cho kh\u00f4ng gian\u00a0<strong>n\u1ed9i th\u1ea5t ph\u00f2ng kh\u00e1ch<\/strong>, v\u1edbi thi\u1ebft k\u1ebf n\u00e0y b\u1ea1n c\u00f3 th\u1ec3 b\u1ed1 tr\u00ed ch\u00fang \u1edf tr\u01b0\u1edbc ho\u1eb7c b\u00ean c\u1ea1nh\u00a0<strong>gh\u1ebf sofa<\/strong>, g\u00f3c\u00a0<strong>ph\u00f2ng kh\u00e1ch<\/strong>,\u00a0<strong>ph\u00f2ng ng\u1ee7<\/strong>,\u00a0<strong>ph\u00f2ng \u0103n<\/strong>&#8230; cho \u0111a d\u1ea1ng\u00a0m\u1ee5c \u0111\u00edch theo t\u1eebng kh\u00f4ng gian kh\u00e1c nhau.<br \/>\n<img decoding=\"async\" src=\"https:\/\/file.hstatic.net\/200000065946\/file\/noi-that-moho-oslo-ban-sofa-tron-6_75ee145f384f46e8a094789586b61555.jpg\" alt=\"noi-that-moho-oslo-ban-sofa-tron-5\" \/><br \/>\n<img decoding=\"async\" src=\"https:\/\/file.hstatic.net\/200000065946\/file\/noi-that-moho-ban-tra-sofa-tron-cao-oslo-5_dca5a01d65e44b81a6d1fa9868142ad9.jpg\" alt=\"B\u00e0n Sofa \u2013 B\u00e0n Cafe \u2013 B\u00e0n Tr\u00e0 Tr\u00f2n Cao G\u1ed7 MOHO OSLO 901 3\" \/><\/p>\n","protected":false},"excerpt":{"rendered":"<p><strong><strong>Ch\u1ea5t li\u1ec7u:<\/strong><br \/>\n&#8211; M\u1eb7t b\u00e0n: G\u1ed7 c\u00f4ng nghi\u1ec7p PB chu\u1ea9n CARB-P2 (*), Veneer g\u1ed7 s\u1ed3i t\u1ef1 nhi\u00ean<br \/>\n&#8211; Ch\u00e2n b\u00e0n: G\u1ed7 cao su t\u1ef1 nhi\u00ean<br \/>\n<em>(*) Ti\u00eau chu\u1ea9n California Air Resources Board xu\u1ea5t kh\u1ea9u M\u1ef9, \u0111\u1ea3m b\u1ea3o g\u1ed7 kh\u00f4ng \u0111\u1ed9c h\u1ea1i, an to\u00e0n cho s\u1ee9c kh\u1ecfe<\/em><br \/>\n<em>Ch\u1ed1ng th\u1ea5m, cong v\u00eanh, tr\u1ea7y x\u01b0\u1edbc, m\u1ed1i m\u1ecdt<\/em><br \/>\nS\u1ed1 l\u01b0\u1ee3ng:<\/strong><\/p>\n","protected":false},"featured_media":235,"comment_status":"open","ping_status":"closed","template":"","meta":{"_acf_changed":false},"product_cat":[20,22,21,24,23],"product_tag":[],"tinh-trang":[],"class_list":{"0":"post-234","1":"product","2":"type-product","3":"status-publish","4":"has-post-thumbnail","6":"product_cat-ghe-sofa","7":"product_cat-ghe-sofa-2","8":"product_cat-phong-khach","9":"product_cat-ban-cafe","10":"product_cat-ban-sofa","12":"first","13":"instock","14":"featured","15":"downloadable","16":"shipping-taxable","17":"purchasable","18":"product-type-simple"},"acf":[],"_links":{"self":[{"href":"https:\/\/store.k-tech-services.com\/wp-noithat\/wp-json\/wp\/v2\/product\/234","targetHints":{"allow":["GET"]}}],"collection":[{"href":"https:\/\/store.k-tech-services.com\/wp-noithat\/wp-json\/wp\/v2\/product"}],"about":[{"href":"https:\/\/store.k-tech-services.com\/wp-noithat\/wp-json\/wp\/v2\/types\/product"}],"replies":[{"embeddable":true,"href":"https:\/\/store.k-tech-services.com\/wp-noithat\/wp-json\/wp\/v2\/comments?post=234"}],"wp:featuredmedia":[{"embeddable":true,"href":"https:\/\/store.k-tech-services.com\/wp-noithat\/wp-json\/wp\/v2\/media\/235"}],"wp:attachment":[{"href":"https:\/\/store.k-tech-services.com\/wp-noithat\/wp-json\/wp\/v2\/media?parent=234"}],"wp:term":[{"taxonomy":"product_cat","embeddable":true,"href":"https:\/\/store.k-tech-services.com\/wp-noithat\/wp-json\/wp\/v2\/product_cat?post=234"},{"taxonomy":"product_tag","embeddable":true,"href":"https:\/\/store.k-tech-services.com\/wp-noithat\/wp-json\/wp\/v2\/product_tag?post=234"},{"taxonomy":"tinh-trang","embeddable":true,"href":"https:\/\/store.k-tech-services.com\/wp-noithat\/wp-json\/wp\/v2\/tinh-trang?post=234"}],"curies":[{"name":"wp","href":"https:\/\/api.w.org\/{rel}","templated":true}]}}