{"id":220,"date":"2024-03-27T16:34:56","date_gmt":"2024-03-27T16:34:56","guid":{"rendered":"https:\/\/demo.k-tech.net.vn\/wp-noithat\/?post_type=product&#038;p=220"},"modified":"2024-03-29T02:34:04","modified_gmt":"2024-03-29T02:34:04","slug":"ghe-don-sofa-go-cao-su-tu-nhien","status":"publish","type":"product","link":"https:\/\/store.k-tech-services.com\/wp-noithat\/san-pham\/ghe-don-sofa-go-cao-su-tu-nhien\/","title":{"rendered":"Gh\u1ebf \u0110\u00f4n Sofa G\u1ed7 Cao Su T\u1ef1 Nhi\u00ean"},"content":{"rendered":"<p><strong>1. TH\u00d4NG S\u1ed0 K\u1ef8 THU\u1eacT<\/strong><br \/>\n<img decoding=\"async\" src=\"https:\/\/file.hstatic.net\/200000065946\/file\/noi-that-moho-kich-thuoc-ghe-don_9a7bbd972cfb433bb0cd94fb70694e78.jpg\" alt=\"K\u00edch th\u01b0\u1edbc Gh\u1ebf \u0110\u00f4n Sofa G\u1ed7 Cao Su T\u1ef1 Nhi\u00ean MOHO VLINE 601 M\u00e0u X\u00e1m \u0110\u1eadm\" \/><\/p>\n<p><strong>2. CHI TI\u1ebeT V\u1eacT LI\u1ec6U<\/strong><br \/>\n<strong>V\u1ea3i Polyester<\/strong><br \/>\nGh\u1ebf Sofa \u0111\u01a1n VLINE s\u1eed d\u1ee5ng v\u1ea3i b\u1ecdc polyester\u00a0gi\u00fap\u00a0ch\u1ed1ng nh\u0103n, kh\u00e1ng b\u1ee5i b\u1ea9n v\u00e0 n\u1ea5m m\u1ed1c, d\u1ec5 d\u00e0ng v\u1ec7 sinh. Gh\u1ebf c\u00f3 m\u00e0u x\u00e1m \u0111\u1eadm n\u00e2ng t\u1ea7m th\u1ea9m m\u1ef9 v\u00e0 kh\u00f4ng gian n\u1ed9i th\u1ea5t ph\u00f2ng kh\u00e1ch nh\u00e0 b\u1ea1n.<br \/>\n<strong>G\u1ed7 cao su t\u1ef1 nhi\u00ean<\/strong><br \/>\nN\u1ed9i Th\u1ea5t MOHO s\u1eed d\u1ee5ng ch\u1ea5t li\u1ec7u\u00a0<strong>g\u1ed7 cao su<\/strong>\u00a0gi\u00fap gh\u1ebf sofa g\u1ed7 VLINE c\u00f3 kh\u1ea3 n\u0103ng ch\u1ecbu l\u1ef1c t\u1ed1t v\u00e0 \u0111\u1ed9 b\u1ec1n cao.<br \/>\n<img decoding=\"async\" src=\"https:\/\/file.hstatic.net\/200000065946\/file\/noi-that-moho-go-cao-su-tu-nhien-vai-boc-polyester_f989d4abc5e048988bbe985f3c343465.jpg\" alt=\"Gh\u1ebf sofa g\u1ed7 VLINE n\u1ec7m x\u00e1m \u0111\u1eadm g\u1ed7 cao su v\u00e0 v\u1ea3i b\u1ecdc\" \/><br \/>\n<img decoding=\"async\" src=\"https:\/\/file.hstatic.net\/200000065946\/file\/noi-that-moho-van-go-tu-nhien_3883f71c3edf44d19cad4f577a48e512.jpg\" alt=\"M\u1eaft g\u1ed7 v\u00e0 v\u00e2n g\u1ed7 t\u1ef1 nhi\u00ean\" \/><em>* M\u1ed9t s\u1ed1 s\u1ea3n ph\u1ea9m s\u1eed d\u1ee5ng g\u1ed7 t\u1ef1 nhi\u00ean c\u00f3 th\u1ec3 xu\u1ea5t hi\u1ec7n m\u1eaft g\u1ed7 ng\u1eabu nhi\u00ean v\u00e0 v\u00e2n g\u1ed7 tr\u00ean b\u1ec1 m\u1eb7t m\u1ed7i s\u1ea3n ph\u1ea9m s\u1ebd kh\u00e1c nhau \u2013 \u0111i\u1ec1u n\u00e0y l\u00e0 ho\u00e0n to\u00e0n t\u1ef1 nhi\u00ean, t\u1ea1o n\u00ean s\u1ef1 \u0111\u1ed9c \u0111\u00e1o ri\u00eang cho t\u1eebng s\u1ea3n ph\u1ea9m. V\u00ec v\u1eady MOHO s\u1ebd kh\u00f4ng \u00e1p d\u1ee5ng c\u00e1c ch\u00ednh s\u00e1ch \u0111\u1ed5i tr\u1ea3, b\u1ea3o h\u00e0nh v\u00e0 b\u1ea3o tr\u00ec cho c\u00e1c tr\u01b0\u1eddng h\u1ee3p n\u00e0y.<\/em><\/p>\n<p><strong>3. \u0110\u1eb6C \u0110I\u1ec2M N\u1ed4I B\u1eacT<\/strong><br \/>\nC\u00e1c thi\u1ebft k\u1ebf\u00a0trong\u00a0<strong><u>b\u1ed9 s\u01b0u t\u1eadp n\u1ed9i th\u1ea5t<\/u>\u00a0VLINE<\/strong>\u00a0mang trong m\u00ecnh n\u00e9t \u0111\u1eb9p \u0111\u1eb7c tr\u01b0ng c\u1ee7a h\u1ed3n Vi\u1ec7t c\u00f9ng v\u1ebb \u0111\u1eb9p n\u0103ng \u0111\u1ed9ng c\u1ee7a th\u1eddi \u0111\u1ea1i. V\u201d l\u00e0 vi\u1ebft t\u1eaft c\u1ee7a t\u1eeb \u201cVi\u1ec7t\u201d trong \u201cVi\u1ec7t Nam\u201d.\u00a0\u201cLINE\u201d l\u00e0 c\u00e1c \u0111\u01b0\u1eddng n\u00e9t mang xu h\u01b0\u1edbng hi\u1ec7n \u0111\u1ea1i, ph\u00f3ng kho\u00e1ng c\u1ee7a ng\u00e0y nay.<br \/>\n<strong>Gh\u1ebf sofa \u0111\u01a1n\u00a0c\u00f3 th\u1ec3 k\u1ebft h\u1ee3p \u0111a d\u1ea1ng phong c\u00e1ch<\/strong><br \/>\nGh\u1ebf \u0111\u01a1n c\u00f3\u00a0thi\u1ebft k\u1ebf t\u1ed1i gi\u1ea3n, d\u1ec5 d\u00e0ng k\u1ebft h\u1ee3p v\u1edbi gh\u1ebf sofa VLINE\u00a0th\u00f4ng th\u01b0\u1eddng v\u00e0 sofa g\u00f3c \u0111\u1ec3 t\u1ea1o th\u00e0nh m\u1ed9t b\u1ed9 s\u1ea3n ph\u1ea9m ho\u00e0n ch\u1ec9nh cho n\u1ed9i th\u1ea5t ph\u00f2ng kh\u00e1ch nh\u00e0 b\u1ea1n th\u00eam ho\u00e0n thi\u1ec7n, n\u00e2ng t\u1ea7m kh\u00f4ng gian s\u1ed1ng nh\u00e0 b\u1ea1n.<br \/>\n<img decoding=\"async\" src=\"https:\/\/file.hstatic.net\/200000065946\/file\/noi-that-moho-combo-ghe-sofa-vline-nau-2_df6e7b095cb64b67a1bb9cdaceb721e2.jpg\" alt=\"Gh\u1ebf \u0110\u00f4n Sofa G\u1ed7 Cao Su T\u1ef1 Nhi\u00ean MOHO VLINE 601 M\u00e0u X\u00e1m \u0110\u1eadm N\u00e2u \u0111\u1eb9p\" \/><\/p>\n<p><strong>Ch\u1ea5t v\u1ea3i d\u1ec5 d\u00e0ng v\u1ec7 sinh<\/strong><br \/>\nN\u1ec7m sofa b\u1eb1ng v\u1ea3i polyester ch\u1ed1ng b\u1ee5i, kh\u00e1ng n\u1ea5m m\u1ed1c v\u00e0 c\u00f3 th\u1ec3 d\u1ec5 d\u00e0ng\u00a0th\u00e1o b\u1ecdc n\u1ec7m \u0111\u1ec3 v\u1ec7 sinh. \u0110\u1ec7m gh\u1ebf sofa m\u00e0u x\u00e1m \u0111\u1eadm t\u1ea1o n\u00ean v\u1ebb \u0111\u1eb9p hi\u1ec7n \u0111\u1ea1i.<br \/>\n<img decoding=\"async\" src=\"https:\/\/file.hstatic.net\/200000065946\/file\/nem-vai-boc-soi-tong-hop-de-dang-ve-sinh_944e49469e0649ee986a5b424df877b3.jpg\" alt=\"Gh\u1ebf sofa g\u1ed7 VLINE n\u1ec7m x\u00e1m \u0111\u1eadm l\u00e0m t\u1eeb v\u1ea3i s\u1ee3i t\u1ed5ng h\u1ee3p\" \/><\/p>\n<p><strong>Gh\u1ebf Sofa \u0111\u01a1n c\u00f3 k\u00edch th\u01b0\u1edbc ti\u00eau chu\u1ea9n<\/strong><br \/>\nGh\u1ebf \u0111\u00f4n c\u00f3 k\u00edch th\u01b0\u1edbc r\u1ed9ng\u00a0r\u00e3i,\u00a0v\u1edbi thi\u1ebft k\u1ebf tinh gi\u1ea3n gi\u00fap ch\u00fang g\u1ecdn nh\u1eb9 trong\u00a0di\u1ec7n t\u00edch h\u1eb9p\u00a0cho kh\u00f4ng gian\u00a0<strong>n\u1ed9i th\u1ea5t ph\u00f2ng kh\u00e1ch<\/strong>, b\u1ea1n c\u00f3 th\u1ec3 ng\u1ed3i m\u1ed9t c\u00e1ch tho\u1ea3i m\u00e1i v\u00e0 b\u00e0i tr\u00ed trong nhi\u1ec1u kh\u00f4ng gian kh\u00e1c nhau.<br \/>\n<img decoding=\"async\" src=\"https:\/\/file.hstatic.net\/200000065946\/file\/noi-that-moho-combo-ghe-sofa-vline-nau-kich-thuoc-tieu-chuan_188ed9db3c7d4ef9a2a01b46bdfbc36f.jpg\" alt=\"Gh\u1ebf \u0110\u00f4n Sofa G\u1ed7 Cao Su T\u1ef1 Nhi\u00ean MOHO VLINE 601 M\u00e0u X\u00e1m \u0110\u1eadm K\u00edch Th\u01b0\u1edbc Ti\u00eau Chu\u1ea9n\" \/><\/p>\n<p><strong>Kh\u00f3a d\u00e1n ch\u1ed1ng tr\u01b0\u1ee3t<\/strong><br \/>\nB\u00ean d\u01b0\u1edbi gh\u1ebf c\u00f3\u00a0kh\u00f3a d\u00e1n c\u1ed1 \u0111\u1ecbnh n\u1ec7m, \u0111\u1ea3m b\u1ea3o b\u1ea1n kh\u00f4ng c\u00f2n lo l\u1eafng v\u1ec1 n\u1ec7m tr\u01b0\u1ee3t ra kh\u1ecfi\u00a0<strong>gh\u1ebf sofa<\/strong>\u00a0m\u1ed7i khi ng\u1ed3i.<br \/>\n<img decoding=\"async\" src=\"https:\/\/file.hstatic.net\/200000065946\/file\/noi-that-moho-combo-ghe-sofa-vline-nau-khoa-dan-chong-truot_601d6e45baf54446bd94b5dac3ae7e01.jpg\" alt=\"Gh\u1ebf \u0110\u00f4n Sofa G\u1ed7 Cao Su T\u1ef1 Nhi\u00ean MOHO VLINE 601 M\u00e0u X\u00e1m \u0110\u1eadm Kh\u00f3a D\u00e1n Ch\u1ed1ng Tr\u01b0\u1ee3t\" \/><\/p>\n<p><strong>M\u00fat n\u1ec7m cao c\u1ea5p, d\u00e0y d\u1eb7n v\u00e0 ch\u1ed1ng ch\u00e1y<\/strong><br \/>\n\u0110\u1ed9 b\u1ec1n cao, ch\u1ed1ng x\u1eb9p l\u00fan v\u00e0 \u0111\u1ea1t ti\u00eau chu\u1ea9n c\u1ee7a M\u1ef9 v\u1ec1 kh\u1ea3 n\u0103ng ch\u1ed1ng ch\u00e1y.<br \/>\n<img decoding=\"async\" src=\"https:\/\/file.hstatic.net\/200000065946\/file\/noi-that-moho-combo-ghe-sofa-vline-mau-tu-nhien-vai-polyeste_42483d2a05d5410983effb2940adca7f.jpg\" alt=\"Gh\u1ebf \u0110\u00f4n Sofa G\u1ed7 Cao Su T\u1ef1 Nhi\u00ean MOHO VLINE 601 M\u00e0u X\u00e1m \u0110\u1eadm V\u1ea3i Polyeste\" \/><\/p>\n<p><strong>\u0110\u1ed9 cao ch\u00e2n gh\u1ebf v\u1eeba ph\u1ea3i<\/strong><br \/>\nCh\u00e2n gh\u1ebf c\u00f3 chi\u1ec1u cao h\u1ee3p l\u00fd n\u00ean Robot h\u00fat b\u1ee5i c\u00f3 th\u1ec3 lau d\u1ecdn d\u01b0\u1edbi s\u00e0n gh\u1ebf\u00a0m\u1ed9t c\u00e1ch d\u1ec5 d\u00e0ng.<br \/>\n<strong>Ch\u00e2n gh\u1ebf cao su<\/strong><br \/>\nS\u1eed d\u1ee5ng ch\u1ea5t li\u1ec7u\u00a0<strong>g\u1ed7 cao su<\/strong>\u00a0t\u1ef1 nhi\u00ean v\u1edbi kh\u1ea3 n\u0103ng ch\u1ecbu l\u1ef1c cao.<br \/>\n<img decoding=\"async\" src=\"https:\/\/file.hstatic.net\/200000065946\/file\/noi-that-moho-combo-ghe-sofa-vline-nau-chan-ghe-go-cao-su_43ea0527edb4462b8b3fbc2c4a67a030.jpg\" alt=\"Gh\u1ebf \u0110\u00f4n Sofa G\u1ed7 Cao Su T\u1ef1 Nhi\u00ean MOHO VLINE 601 M\u00e0u X\u00e1m \u0110\u1eadm Ch\u00e2n Gh\u1ebf g\u1ed7 cao su\" \/><\/p>\n<p><strong>C\u00f3 02 m\u00e0u s\u1eafc l\u1ef1a ch\u1ecdn<\/strong><br \/>\nM\u00e0u t\u1ef1 nhi\u00ean<br \/>\nM\u00e0u n\u00e2u<br \/>\n<img decoding=\"async\" src=\"https:\/\/file.hstatic.net\/200000065946\/file\/noi-that-moho-combo-ghe-sofa-vline-co-2-mau_96c02260960d4aa2a2644d18e5d18d96.jpg\" alt=\"Gh\u1ebf \u0110\u00f4n Sofa G\u1ed7 Cao Su T\u1ef1 Nhi\u00ean MOHO VLINE 601 M\u00e0u X\u00e1m \u0110\u1eadm c\u00f3 2 m\u00e0u\" \/><\/p>\n<p><strong>4. KH\u00d4NG GIAN S\u1ed0NG<\/strong><br \/>\nGh\u1ebf \u0110\u00f4n Sofa G\u1ed7 Cao Su T\u1ef1 Nhi\u00ean MOHO VLINE 601\u00a0s\u1edf h\u1eefu thi\u1ebft k\u1ebf hi\u1ec7n \u0111\u1ea1i nh\u01b0ng v\u1eabn mang ch\u00fat d\u00e1ng d\u1ea5p Vi\u1ec7t x\u01b0a, mang \u0111\u1ebfn kh\u00f4ng gian\u00a0n\u1ed9i th\u1ea5t\u00a0ph\u00f2ng kh\u00e1ch m\u1ed9t m\u00e0u s\u1eafc r\u1ea5t ri\u00eang, kh\u00f3 pha l\u1eabn. Khi k\u1ebft h\u1ee3p c\u00f9ng gh\u1ebf sofa b\u0103ng v\u00e0 gh\u1ebf sofa g\u00f3c, \u0111\u00e2y s\u1ebd l\u00e0 b\u1ed9 gh\u1ebf sofa ph\u00f2ng kh\u00e1ch c\u1ea7n thi\u1ebft cho ng\u00f4i nh\u00e0 c\u1ee7a b\u1ea1n.<br \/>\n<img decoding=\"async\" src=\"https:\/\/file.hstatic.net\/200000065946\/file\/noi-that-moho-combo-ghe-sofa-vline-mau-tu-nhien_ba1ecedfaeeb4057911a74de6f9a1faa.jpg\" alt=\"Gh\u1ebf \u0110\u00f4n Sofa G\u1ed7 Cao Su T\u1ef1 Nhi\u00ean MOHO VLINE 601 M\u00e0u X\u00e1m \u0110\u1eadm m\u00e0u t\u1ef1 nhi\u00ean\" \/><br \/>\n<img decoding=\"async\" src=\"https:\/\/file.hstatic.net\/200000065946\/file\/noi-that-moho-combo-ghe-sofa-vline-nau_3c551d79c78f427a99a0d5102432ed32.jpg\" alt=\"Gh\u1ebf \u0110\u00f4n Sofa G\u1ed7 Cao Su T\u1ef1 Nhi\u00ean MOHO VLINE 601 M\u00e0u X\u00e1m \u0110\u1eadm m\u00e0u x\u00e1m \u0111\u1eadm\" \/><\/p>\n","protected":false},"excerpt":{"rendered":"<p><strong>Ch\u1ea5t li\u1ec7u:<\/strong><\/p>\n<p style=\"margin-top: 0px; margin-bottom: 1rem; font-family: Commissioner, sans-serif; font-size: 14px;\">&#8211; G\u1ed7 cao su t\u1ef1 nhi\u00ean<\/p>\n<p>&nbsp;<\/p>\n<p style=\"margin-top: 0px; margin-bottom: 1rem; font-family: Commissioner, sans-serif; font-size: 14px;\"><em>&#8211;\u00a0<\/em><span style=\"font-family: Commissioner, sans-serif;\">T\u1ea5m ph\u1ea3n: G\u1ed7 c\u00f4ng nghi\u1ec7p Plywood chu\u1ea9n CARB-P2 (*)<\/span><\/p>\n<p>&nbsp;<\/p>\n<p style=\"margin-top: 0px; margin-bottom: 1rem; font-family: Commissioner, sans-serif; font-size: 14px;\"><em>(*) Ti\u00eau chu\u1ea9n California Air Resources Board xu\u1ea5t kh\u1ea9u M\u1ef9, \u0111\u1ea3m b\u1ea3o g\u1ed7 kh\u00f4ng \u0111\u1ed9c h\u1ea1i, an to\u00e0n s\u1ee9c kh\u1ecfe.Ch\u1ed1ng th\u1ea5m, cong v\u00eanh, tr\u1ea7y x\u01b0\u1edbc, m\u1ed1i m\u1ecdt<\/em><\/p>\n<p>&nbsp;<\/p>\n","protected":false},"featured_media":180,"comment_status":"open","ping_status":"closed","template":"","meta":{"_acf_changed":false},"product_cat":[20,21,56,44],"product_tag":[],"tinh-trang":[],"class_list":{"0":"post-220","1":"product","2":"type-product","3":"status-publish","4":"has-post-thumbnail","6":"product_cat-ghe-sofa","7":"product_cat-phong-khach","8":"product_cat-ghe","9":"product_cat-tu-quan-ao","11":"first","12":"instock","13":"sale","14":"featured","15":"downloadable","16":"shipping-taxable","17":"purchasable","18":"product-type-simple"},"acf":[],"_links":{"self":[{"href":"https:\/\/store.k-tech-services.com\/wp-noithat\/wp-json\/wp\/v2\/product\/220","targetHints":{"allow":["GET"]}}],"collection":[{"href":"https:\/\/store.k-tech-services.com\/wp-noithat\/wp-json\/wp\/v2\/product"}],"about":[{"href":"https:\/\/store.k-tech-services.com\/wp-noithat\/wp-json\/wp\/v2\/types\/product"}],"replies":[{"embeddable":true,"href":"https:\/\/store.k-tech-services.com\/wp-noithat\/wp-json\/wp\/v2\/comments?post=220"}],"wp:featuredmedia":[{"embeddable":true,"href":"https:\/\/store.k-tech-services.com\/wp-noithat\/wp-json\/wp\/v2\/media\/180"}],"wp:attachment":[{"href":"https:\/\/store.k-tech-services.com\/wp-noithat\/wp-json\/wp\/v2\/media?parent=220"}],"wp:term":[{"taxonomy":"product_cat","embeddable":true,"href":"https:\/\/store.k-tech-services.com\/wp-noithat\/wp-json\/wp\/v2\/product_cat?post=220"},{"taxonomy":"product_tag","embeddable":true,"href":"https:\/\/store.k-tech-services.com\/wp-noithat\/wp-json\/wp\/v2\/product_tag?post=220"},{"taxonomy":"tinh-trang","embeddable":true,"href":"https:\/\/store.k-tech-services.com\/wp-noithat\/wp-json\/wp\/v2\/tinh-trang?post=220"}],"curies":[{"name":"wp","href":"https:\/\/api.w.org\/{rel}","templated":true}]}}