{"id":23,"date":"2024-03-27T06:46:58","date_gmt":"2024-03-27T06:46:58","guid":{"rendered":"https:\/\/demo.k-tech.net.vn\/wp-noithat\/?page_id=23"},"modified":"2024-03-29T10:57:33","modified_gmt":"2024-03-29T10:57:33","slug":"dang-ky","status":"publish","type":"page","link":"https:\/\/store.k-tech-services.com\/wp-noithat\/dang-ky\/","title":{"rendered":"\u0110\u0103ng k\u00fd"},"content":{"rendered":"\t<section class=\"section\" id=\"section_142512849\">\n\t\t<div class=\"bg section-bg fill bg-fill  bg-loaded\" >\n\n\t\t\t\n\t\t\t\n\t\t\t\n\n\t\t<\/div>\n\n\t\t\n\n\t\t<div class=\"section-content relative\">\n\t\t\t\n<div class=\"row\" style=\"max-width:90%\" id=\"row-1444553240\">\n\n\t<div id=\"col-459246794\" class=\"col small-12 large-12\"  >\n\t\t\t\t<div class=\"col-inner\"  >\n\t\t\t\n\t\t\t\n\n<p><!DOCTYPE html><br \/>\n<html lang=\"en\"><br \/>\n<head><br \/>\n<meta charset=\"UTF-8\"><br \/>\n<meta name=\"viewport\" content=\"width=device-width, initial-scale=1.0\"><br \/>\n<title>Registration Form<\/title><\/p>\n<style>\n  body {\n    font-family: Arial, sans-serif;\n  }\n  .form-container {\n    width: 300px;\n    margin: 50px auto;\n    border: 1px solid #ddd;\n    padding: 20px;\n    box-shadow: 0 0 10px rgba(0, 0, 0, 0.1);\n  }\n  h2 {\n    text-align: center;\n    margin-bottom: 20px;\n  }\n  .input-group {\n    margin-bottom: 10px;\n  }\n  .input-group input {\n    width: 100%;\n    padding: 10px;\n    border: 1px solid #ccc;\n    border-radius: 4px;\n  }\n  .submit-btn {\n    width: 100%;\n    padding: 10px;\n    background-color: #000;\n    border: none;\n    color: white;\n    border-radius: 4px;\n    cursor: pointer;\n  }\n  .social-buttons {\n    display: flex;\n    justify-content: space-around;\n    margin-top: 20px;\n  }\n  .social-button {\n    padding: 10px;\n    border: none;\n    border-radius: 4px;\n    cursor: pointer;\n  }\n  .facebook { background-color: #3b5998; color: white; }\n  .google { background-color: #dd4b39; color: white; }\n<\/style>\n<p><\/head><br \/>\n<body><\/p>\n<div class=\"form-container\">\n<h2>\u0110\u0102NG K\u00dd<\/h2>\n<div class=\"input-group\">\n    <input type=\"text\" placeholder=\"H\u1ecd\">\n  <\/div>\n<div class=\"input-group\">\n    <input type=\"text\" placeholder=\"T\u00ean\">\n  <\/div>\n<div class=\"input-group\">\n    <input type=\"email\" placeholder=\"Email\">\n  <\/div>\n<div class=\"input-group\">\n    <input type=\"text\" placeholder=\"S\u1ed1 \u0111i\u1ec7n tho\u1ea1i\">\n  <\/div>\n<div class=\"input-group\">\n    <input type=\"password\" placeholder=\"M\u1eadt kh\u1ea9u\">\n  <\/div>\n<p>  <button class=\"submit-btn\">\u0110\u0103ng k\u00fd<\/button><\/p>\n<div class=\"social-buttons\">\n    <button class=\"social-button facebook\">Facebook<\/button><br \/>\n    <button class=\"social-button google\">Google<\/button>\n  <\/div>\n<\/div>\n<p><\/body><br \/>\n<\/html><br \/>\n\n\t\t<\/div>\n\t\t\t\t\t<\/div>\n\n\t\n<\/div>\n\t\t<\/div>\n\n\t\t\n<style>\n#section_142512849 {\n  padding-top: 30px;\n  padding-bottom: 30px;\n}\n<\/style>\n\t<\/section>\n\t\n","protected":false},"excerpt":{"rendered":"","protected":false},"author":1,"featured_media":0,"parent":0,"menu_order":0,"comment_status":"closed","ping_status":"closed","template":"page-blank.php","meta":{"_acf_changed":false,"footnotes":""},"class_list":["post-23","page","type-page","status-publish","hentry"],"acf":[],"_links":{"self":[{"href":"https:\/\/store.k-tech-services.com\/wp-noithat\/wp-json\/wp\/v2\/pages\/23","targetHints":{"allow":["GET"]}}],"collection":[{"href":"https:\/\/store.k-tech-services.com\/wp-noithat\/wp-json\/wp\/v2\/pages"}],"about":[{"href":"https:\/\/store.k-tech-services.com\/wp-noithat\/wp-json\/wp\/v2\/types\/page"}],"author":[{"embeddable":true,"href":"https:\/\/store.k-tech-services.com\/wp-noithat\/wp-json\/wp\/v2\/users\/1"}],"replies":[{"embeddable":true,"href":"https:\/\/store.k-tech-services.com\/wp-noithat\/wp-json\/wp\/v2\/comments?post=23"}],"version-history":[{"count":5,"href":"https:\/\/store.k-tech-services.com\/wp-noithat\/wp-json\/wp\/v2\/pages\/23\/revisions"}],"predecessor-version":[{"id":558,"href":"https:\/\/store.k-tech-services.com\/wp-noithat\/wp-json\/wp\/v2\/pages\/23\/revisions\/558"}],"wp:attachment":[{"href":"https:\/\/store.k-tech-services.com\/wp-noithat\/wp-json\/wp\/v2\/media?parent=23"}],"curies":[{"name":"wp","href":"https:\/\/api.w.org\/{rel}","templated":true}]}}