{"id":98,"date":"2024-03-27T09:15:49","date_gmt":"2024-03-27T09:15:49","guid":{"rendered":"https:\/\/demo.k-tech.net.vn\/wp-mypham\/?post_type=product&#038;p=98"},"modified":"2024-04-02T04:33:12","modified_gmt":"2024-04-02T04:33:12","slug":"san-pham-demo-3","status":"publish","type":"product","link":"https:\/\/store.k-tech-services.com\/wp-mypham\/san-pham\/san-pham-demo-3\/","title":{"rendered":"S\u1ea3n ph\u1ea9m demo 3"},"content":{"rendered":"<p>N\u01b0\u1edbc C\u00e2n B\u1eb1ng Hoa C\u00fac Calendula Herbal Extract Alcohol-Free Toner\u00a0l\u00e0 d\u00f2ng s\u1ea3n ph\u1ea9m\u00a0n\u01b0\u1edbc c\u00e2n b\u1eb1ng da\u00a0b\u00e1n ch\u1ea1y nh\u1ea5t c\u1ee7a th\u01b0\u01a1ng hi\u1ec7u Kiehl\u2019s, \u0111\u01b0\u1ee3c kh\u00e1ch h\u00e0ng \u01b0a chu\u1ed9ng t\u1eeb nh\u1eefng n\u0103m 1960, v\u1edbi c\u00f4ng th\u1ee9c kh\u00f4ng c\u1ed3n v\u00e0 chi\u1ebft xu\u1ea5t t\u1eeb c\u00e1nh hoa C\u00fac\u00a0gi\u00fap l\u00e0m d\u1ecbu v\u00e0 c\u00e2n b\u1eb1ng da hi\u1ec7u qu\u1ea3.<\/p>\n<p>Kiehl&#8217;s Calendula Herbal Extract Alcohol-Free Toner\u00a0\u0111\u01b0\u1ee3c \u0111i\u1ec1u ch\u1ebf v\u1edbi chi\u1ebft xu\u1ea5t t\u1eeb c\u00e1nh hoa C\u00fac, ch\u1ee9a n\u0103m h\u1ee3p ch\u1ea5t l\u00e0m d\u1ecbu da gi\u00fap gi\u1ea3m c\u00e1c d\u1ea5u hi\u1ec7u c\u0103ng th\u1eb3ng tr\u00ean da bao g\u1ed3m m\u1ea9n \u0111\u1ecf, ti\u1ebft nhi\u1ec1u d\u1ea7u th\u1eeba v\u00e0 tr\u1edf n\u00ean nh\u1ea1y c\u1ea3m. C\u00f4ng th\u1ee9c d\u1ecbu nh\u1eb9 kh\u00f4ng ch\u1ee9a c\u1ed3n c\u1ee7a\u00a0Toner Hoa C\u00fac\u00a0Kiehl&#8217;s\u00a0l\u00fd t\u01b0\u1edfng cho da th\u01b0\u1eddng, da d\u1ea7u v\u00e0 c\u1ea3 da nh\u1ea1y c\u1ea3m, mang l\u1ea1i l\u00e0n da \u0111\u1ec1u m\u00e0u v\u00e0 c\u1ea3m gi\u00e1c d\u1ecbu nh\u1eb9, s\u1ea3ng kho\u00e1i khi s\u1eed d\u1ee5ng.<\/p>\n<p>N\u01b0\u1edbc C\u00e2n B\u1eb1ng Kiehl&#8217;s Hoa C\u00fac L\u00e0m D\u1ecbu Da Calendula Herbal Extract Alcohol-Free Toner\u00a0hi\u1ec7n \u0111\u00e3 c\u00f3 m\u1eb7t t\u1ea1i\u00a0v\u1edbi 3 ph\u00e2n lo\u1ea1i cho b\u1ea1n l\u1ef1a ch\u1ecdn:<\/p>\n<ul>\n<li>N\u01b0\u1edbc C\u00e2n B\u1eb1ng Kiehl&#8217;s\u00a0Calendula Herbal Extract Alcohol-Free Toner\u00a0125ml (b\u1ea3n th\u01b0\u1eddng)<\/li>\n<li>N\u01b0\u1edbc C\u00e2n B\u1eb1ng Kiehl&#8217;s\u00a0Calendula Herbal Extract Alcohol-Free Toner\u00a0250ml\u00a0(b\u1ea3n th\u01b0\u1eddng)<\/li>\n<li>N\u01b0\u1edbc C\u00e2n B\u1eb1ng Kiehl&#8217;s\u00a0Calendula Herbal Extract Alcohol-Free Toner\u00a0250ml (phi\u00ean b\u1ea3n gi\u1edbi h\u1ea1n m\u00f9a l\u1ec5 h\u1ed9i 2022)<\/li>\n<li>N\u01b0\u1edbc C\u00e2n B\u1eb1ng Kiehl&#8217;s\u00a0Calendula Herbal Extract Alcohol-Free Toner\u00a0500ml\u00a0(b\u1ea3n th\u01b0\u1eddng)<\/li>\n<\/ul>\n<p>&nbsp;<\/p>\n<h2>Lo\u1ea1i da ph\u00f9 h\u1ee3p:<\/h2>\n<ul>\n<li>D\u00e0nh cho da th\u01b0\u1eddng v\u00e0 da d\u1ea7u, k\u1ec3 c\u1ea3 da nh\u1ea1y c\u1ea3m v\u00e0 da\u00a0m\u1ee5n.<\/li>\n<\/ul>\n<h2>Gi\u1ea3i ph\u00e1p cho t\u00ecnh tr\u1ea1ng da:<\/h2>\n<ul>\n<li>L\u00e0n da \u0111ang g\u1eb7p c\u00e1c v\u1ea5n \u0111\u1ec1 v\u1ec1\u00a0nh\u1ea1y c\u1ea3m, k\u00edch \u1ee9ng, n\u1ed5i m\u1ea9n \u0111\u1ecf.<\/li>\n<li>Da th\u01b0\u1eddng xuy\u00ean ti\u1ebft d\u1ea7u th\u1eeba, da m\u1ee5n ho\u1eb7c d\u1ec5 n\u1ed5i m\u1ee5n.<\/li>\n<\/ul>\n<h2>C\u00f4ng d\u1ee5ng:<\/h2>\n<ul>\n<li>Nh\u1eb9 nh\u00e0ng l\u00e0m d\u1ecbu gi\u00fap l\u00e0n da tr\u1edf n\u00ean t\u01b0\u01a1i t\u1eafn h\u01a1n.<\/li>\n<li>Gi\u00fap l\u00e0m d\u1ecbu l\u00e0n da g\u1eb7p v\u1ea5n \u0111\u1ec1 nh\u01b0 m\u1ea9n \u0111\u1ecf, \u0111\u1ed5\u00a0d\u1ea7u th\u1eeba\u00a0v\u00e0 da nh\u1ea1y c\u1ea3m.<\/li>\n<li>Hi\u1ec7u qu\u1ea3 l\u00e0m s\u1ea1ch da m\u00e0 kh\u00f4ng ch\u1ee9a ch\u1ea5t l\u00e0m kh\u00f4 t\u1ed5ng h\u1ee3p.<\/li>\n<\/ul>\n<h2>\u0110\u1ed9 an to\u00e0n:<\/h2>\n<ul>\n<li>S\u1ea3n ph\u1ea9m kh\u00f4ng ch\u1ee9a paraben, silicone, c\u1ed3n, d\u1ea7u kho\u00e1ng v\u00e0 m\u00e0u nhu\u1ed9m nh\u00e2n t\u1ea1o.<\/li>\n<li>C\u00e1nh Hoa C\u00fac v\u1edbi ngu\u1ed3n cung b\u1ec1n v\u1eefng, c\u00f3 th\u1ec3 t\u00e1i t\u1ea1o.<\/li>\n<li>Bao b\u00ec \u0111\u01b0\u1ee3c l\u00e0m t\u1eeb nh\u1ef1a t\u00e1i ch\u1ebf l\u00ean \u0111\u1ebfn 100%.<\/li>\n<\/ul>\n<h2>B\u1ea1n c\u00f3 bi\u1ebft?<\/h2>\n<p>Kiehl&#8217;s l\u1ea7n \u0111\u1ea7u ti\u00ean \u0111i\u1ec1u ch\u1ebf toner v\u1edbi c\u00e1nh Hoa C\u00fac \u0111\u01b0\u1ee3c thu ho\u1ea1ch ho\u00e0n to\u00e0n th\u1ee7 c\u00f4ng t\u1eeb cu\u1ed1i nh\u1eefng n\u0103m 1960, nh\u01b0ng tr\u00ean th\u1ef1c t\u1ebf th\u00e0nh ph\u1ea7n n\u00e0y \u0111\u00e3 \u0111\u01b0\u1ee3c Kiehl&#8217;s \u0111\u01b0a v\u00e0o s\u1eed d\u1ee5ng t\u1eeb r\u1ea5t l\u00e2u tr\u01b0\u1edbc \u0111\u00f3. L\u00e0 m\u1ed9t th\u00e0nh ph\u1ea7n n\u1ed5i ti\u1ebfng trong Y h\u1ecdc Trung Hoa C\u1ed5, Hoa C\u00fac \u0111\u00e3 \u0111\u01b0\u1ee3c s\u1eed d\u1ee5ng r\u1ed9ng r\u00e3i nh\u01b0 m\u1ed9t ph\u01b0\u01a1ng th\u1ee9c l\u00e0m d\u1ecbu v\u00e0 th\u01b0 gi\u00e3n t\u1eeb th\u1ebf k\u1ec9 th\u1ee9 12.<\/p>\n<p>&nbsp;<\/p>\n<p>&nbsp;<\/p>\n<h2>B\u1ea3o qu\u1ea3n:<\/h2>\n<ul>\n<li>B\u1ea3o qu\u1ea3n n\u01a1i kh\u00f4 r\u00e1o, tho\u00e1ng m\u00e1t, tr\u00e1nh \u00e1nh n\u1eafng tr\u1ef1c ti\u1ebfp ho\u1eb7c n\u01a1i c\u00f3 nhi\u1ec7t \u0111\u1ed9 cao \/ \u1ea9m \u01b0\u1edbt.<\/li>\n<li>Tr\u00e1nh xa t\u1ea7m tay tr\u1ebb em.<\/li>\n<li>\u0110\u1eady n\u1eafp k\u00edn sau khi s\u1eed d\u1ee5ng.<\/li>\n<\/ul>\n<h2>Th\u00f4ng s\u1ed1 s\u1ea3n ph\u1ea9m:<\/h2>\n<ul>\n<li>Th\u01b0\u01a1ng hi\u1ec7u:\u00a0KIEHL&#8217;S<\/li>\n<li>Xu\u1ea5t x\u1ee9 th\u01b0\u01a1ng hi\u1ec7u:\u00a0M\u1ef9<\/li>\n<li>Dung t\u00edch:\u00a0125ml\/ 250ml\/ 500ml<\/li>\n<\/ul>\n<p>*L\u01b0u \u00fd: T\u00e1c d\u1ee5ng c\u00f3 th\u1ec3 kh\u00e1c nhau tu\u1ef3 c\u01a1 \u0111\u1ecba c\u1ee7a ng\u01b0\u1eddi d\u00f9ng<\/p>\n<p>L\u00e0m sao \u0111\u1ec3 ph\u00e2n bi\u1ec7t h\u00e0ng c\u00f3 tr\u1ed9n hay kh\u00f4ng ?<\/p>\n<ul>\n<li>H\u00e0ng tr\u1ed9n s\u1ebd kh\u00f4ng th\u1ec3\u00a0xu\u1ea5t ho\u00e1 \u0111\u01a1n \u0111\u1ecf (VAT) 100%\u00a0\u0111\u01b0\u1ee3c do c\u00f3 h\u00e0ng kh\u00f4ng ngu\u1ed3n g\u1ed1c trong \u0111\u00f3.<\/li>\n<li>T\u1ea1i Hasaki, 100% h\u00e0ng b\u00e1n ra s\u1ebd \u0111\u01b0\u1ee3c\u00a0xu\u1ea5t ho\u00e1 \u0111\u01a1n \u0111\u1ecf\u00a0cho d\u00f9 kh\u00e1ch h\u00e0ng c\u00f3 l\u1ea5y hay kh\u00f4ng. N\u1ebfu c\u00f3 nhu c\u1ea7u l\u1ea5y ho\u00e1 \u0111\u01a1n \u0111\u1ecf, qu\u00fd kh\u00e1ch vui l\u00f2ng l\u1ea5y tr\u01b0\u1edbc 22h c\u00f9ng ng\u00e0y. V\u00ec sau 22h, h\u1ec7 th\u1ed1ng Hasaki s\u1ebd t\u1ef1 \u0111\u1ed9ng xu\u1ea5t h\u1ebft ho\u00e1 \u0111\u01a1n cho nh\u1eefng h\u00e0ng ho\u00e1 m\u00e0 kh\u00e1ch h\u00e0ng kh\u00f4ng \u0111\u0103ng k\u00ed l\u1ea5y ho\u00e1 \u0111\u01a1n.<\/li>\n<li>Do\u00a0xu\u1ea5t \u0111\u01b0\u1ee3c ho\u00e1 \u0111\u01a1n \u0111\u1ecf 100%\u00a0n\u00ean \u0111\u1ea3m b\u1ea3o 100% h\u00e0ng t\u1ea1i Hasaki l\u00e0 h\u00e0ng ch\u00ednh h\u00e3ng c\u00f3 ngu\u1ed3n g\u1ed1c r\u00f5 r\u00e0ng.<\/li>\n<\/ul>\n<p>Th\u00f4ng s\u1ed1 s\u1ea3n ph\u1ea9m<\/p>\n<table border=\"0\" cellspacing=\"0\" cellpadding=\"0\">\n<tbody>\n<tr>\n<td>Barcode<\/td>\n<td>3700194711702<\/td>\n<\/tr>\n<tr>\n<td>Th\u01b0\u01a1ng Hi\u1ec7u<\/td>\n<td>Kiehl&#8217;s<\/td>\n<\/tr>\n<tr>\n<td>Xu\u1ea5t x\u1ee9 th\u01b0\u01a1ng hi\u1ec7u<\/td>\n<td>M\u1ef9<\/td>\n<\/tr>\n<tr>\n<td>N\u01a1i s\u1ea3n xu\u1ea5t<\/td>\n<td>United States<\/td>\n<\/tr>\n<tr>\n<td>Lo\u1ea1i da<\/td>\n<td>Da d\u1ea7u<\/td>\n<\/tr>\n<tr>\n<td>\u0110\u1eb7c T\u00ednh<\/td>\n<td>Ng\u00e0y V\u00e0 \u0110\u00eam<\/td>\n<\/tr>\n<tr>\n<td>Gi\u1edbi t\u00ednh<\/td>\n<td>T\u1ea5t c\u1ea3<\/td>\n<\/tr>\n<tr>\n<td>V\u1ea5n \u0111\u1ec1 v\u1ec1 da<\/td>\n<td>Da nh\u1ea1y c\u1ea3m, k\u00edch \u1ee9ng, m\u1ea9n \u0111\u1ecf<\/td>\n<\/tr>\n<\/tbody>\n<\/table>\n<p>Th\u00e0nh ph\u1ea7n s\u1ea3n ph\u1ea9m<\/p>\n<p>Th\u00e0nh ph\u1ea7n ch\u00ednh:<\/p>\n<ul>\n<li>CHI\u1ebeT XU\u1ea4T HOA C\u00daC: Xu\u1ea5t x\u1ee9 t\u1eeb \u0110\u1ecba Trung H\u1ea3i, chi\u1ebft xu\u1ea5t Hoa C\u00fac v\u00e0 c\u00e1nh Hoa C\u00fac c\u00f3 \u0111\u1eb7c t\u00ednh l\u00e0m d\u1ecbu da v\u00e0 th\u01b0\u1eddng \u0111\u01b0\u1ee3c s\u1eed d\u1ee5ng trong c\u00e1c s\u1ea3n ph\u1ea9m ch\u0103m s\u00f3c d\u00e0nh cho da d\u1ea7u. Qua h\u00e0ng th\u1ebf k\u1ec9, Hoa C\u00fac c\u00f2n \u0111\u01b0\u1ee3c bi\u1ebft \u0111\u1ebfn nh\u01b0 m\u1ed9t lo\u1ea1i d\u01b0\u1ee3c th\u1ea3o qu\u00fd trong c\u00e1c b\u00e0i thu\u1ed1c c\u1ed5 truy\u1ec1n c\u1ee7a Ayurvedic (\u1ea4n \u0110\u1ed9) v\u00e0 Trung Qu\u1ed1c.<\/li>\n<li>ALLANTOIN: Allantoin l\u00e0 h\u1ee3p ch\u1ea5t \u0111\u01b0\u1ee3c t\u00ecm th\u1ea5y trong r\u1ec5 c\u00e2y Li\u00ean M\u1ed9c (comfrey) \u0111\u00e3 \u0111\u01b0\u1ee3c s\u1eed d\u1ee5ng l\u00e2u \u0111\u1eddi trong ng\u00e0nh y h\u1ecdc th\u1ea3o d\u01b0\u1ee3c \u00c2u &#8211; \u00c1. Trong c\u00f4ng th\u1ee9c c\u1ee7a Kiehl&#8217;s, Allatoin c\u00f3 kh\u1ea3 n\u0103ng l\u00e0m d\u1ecbu v\u00e0 th\u01b0 gi\u00e3n cho l\u00e0n da.<\/li>\n<li>R\u1ec4 NG\u01afU B\u00c0NG: R\u1ec5 Ng\u01b0u B\u00e0ng \u0111\u00e3 \u0111\u01b0\u1ee3c s\u1eed d\u1ee5ng trong nhi\u1ec1u th\u1ebf k\u1ec9 v\u1edbi c\u00f4ng d\u1ee5ng d\u01b0\u1ee1ng \u1ea9m cho da kh\u00f4. N\u1ed5i ti\u1ebfng v\u1edbi \u0111\u1eb7c t\u00ednh l\u00e0m d\u1ecbu, R\u1ec5 Ng\u01b0u B\u00e0ng c\u0169ng \u0111\u01b0\u1ee3c cho l\u00e0 hi\u1ec7u qu\u1ea3 trong vi\u1ec7c h\u1ed7 tr\u1ee3 gi\u1ea3m thi\u1ec3u l\u01b0\u1ee3ng d\u1ea7u th\u1eeba tr\u00ean da.<\/li>\n<\/ul>\n<p>Th\u00e0nh ph\u1ea7n chi ti\u1ebft:<\/p>\n<p>Aqua \/ Water, Propylene Glycol, Propanediol, Phenoxyethanol, Chlorphenesin, Arctium Lappa Root Extract, Disodium Edta, Calendula Officinalis Flower Extract, Calendula Officinalis Flower, Hydrolyzed Corn Starch, Allantoin, Hedera Helix Extract &#8211; Ivy Leaf\/Stem Extract, Glycerin, Althaea Officinalis Root Extract, Sodium Hydroxide, Citric Acid<\/p>\n<p>H\u01b0\u1edbng d\u1eabn s\u1eed d\u1ee5ng<\/p>\n<ul>\n<li>Sau khi r\u1eeda m\u1eb7t, l\u00e0m \u1ea9m mi\u1ebfng b\u00f4ng t\u1ea9y trang v\u1edbi toner kh\u00f4ng c\u1ed3n.<\/li>\n<li>Thoa \u0111\u1ec1u l\u00ean nh\u1eefng v\u00f9ng da c\u1ea7n thi\u1ebft. Tr\u00e1nh ti\u1ebfp x\u00fac v\u1edbi m\u1eaft.<\/li>\n<li>Th\u1eddi \u0111i\u1ec3m s\u1eed d\u1ee5ng:\u00a0S\u1eed d\u1ee5ng h\u00e0ng ng\u00e0y, m\u1ed7i s\u00e1ng v\u00e0 t\u1ed1i \u0111\u1ec3 tr\u1ea3i nghi\u1ec7m hi\u1ec7u qu\u1ea3 l\u00e0m d\u1ecbu da t\u1ed1i \u01b0u.<\/li>\n<li>Kh\u00e1m ph\u00e1 c\u00e1c s\u1ea3n ph\u1ea9m kh\u00e1c trong B\u1ed9 s\u01b0u t\u1eadp ch\u0103m s\u00f3c da t\u1eeb Hoa C\u00fac, bao g\u1ed3m\u00a0<a href=\"https:\/\/hasaki.vn\/san-pham\/sua-rua-mat-hoa-cuc-kiehl-s-230ml-73152.html\" target=\"_blank\" rel=\"noopener\">s\u1eefa r\u1eeda m\u1eb7t t\u1ea1o b\u1ecdt<\/a>, m\u1eb7t n\u1ea1 l\u00e0m d\u1ecbu da v\u00e0 kem d\u01b0\u1ee1ng \u1ea9m ng\u1eadm n\u01b0\u1edbc.<\/li>\n<\/ul>\n","protected":false},"excerpt":{"rendered":"<p>N\u01b0\u1edbc C\u00e2n B\u1eb1ng Hoa C\u00fac Calendula Herbal Extract Alcohol-Free Toner\u00a0l\u00e0 d\u00f2ng s\u1ea3n ph\u1ea9m\u00a0n\u01b0\u1edbc c\u00e2n b\u1eb1ng da\u00a0b\u00e1n ch\u1ea1y nh\u1ea5t c\u1ee7a th\u01b0\u01a1ng hi\u1ec7u Kiehl\u2019s, \u0111\u01b0\u1ee3c kh\u00e1ch h\u00e0ng \u01b0a chu\u1ed9ng t\u1eeb nh\u1eefng n\u0103m 1960, v\u1edbi c\u00f4ng th\u1ee9c kh\u00f4ng c\u1ed3n v\u00e0 chi\u1ebft xu\u1ea5t t\u1eeb c\u00e1nh hoa C\u00fac\u00a0gi\u00fap l\u00e0m d\u1ecbu v\u00e0 c\u00e2n b\u1eb1ng da hi\u1ec7u qu\u1ea3. Kiehl&#8217;s Calendula Herbal Extract [&#8230;]\n","protected":false},"featured_media":82,"comment_status":"open","ping_status":"closed","template":"","meta":{"_acf_changed":false},"test":[],"product_brand":[],"product_cat":[19,18,20,17],"product_tag":[],"thuong-hieu":[],"class_list":{"0":"post-98","1":"product","2":"type-product","3":"status-publish","4":"has-post-thumbnail","6":"product_cat-cham-soc-co-the","7":"product_cat-son-tint","8":"product_cat-sua-rua-mat","9":"product_cat-trang-diem","11":"first","12":"instock","13":"shipping-taxable","14":"purchasable","15":"product-type-simple"},"acf":[],"jetpack_sharing_enabled":true,"_links":{"self":[{"href":"https:\/\/store.k-tech-services.com\/wp-mypham\/wp-json\/wp\/v2\/product\/98","targetHints":{"allow":["GET"]}}],"collection":[{"href":"https:\/\/store.k-tech-services.com\/wp-mypham\/wp-json\/wp\/v2\/product"}],"about":[{"href":"https:\/\/store.k-tech-services.com\/wp-mypham\/wp-json\/wp\/v2\/types\/product"}],"replies":[{"embeddable":true,"href":"https:\/\/store.k-tech-services.com\/wp-mypham\/wp-json\/wp\/v2\/comments?post=98"}],"wp:featuredmedia":[{"embeddable":true,"href":"https:\/\/store.k-tech-services.com\/wp-mypham\/wp-json\/wp\/v2\/media\/82"}],"wp:attachment":[{"href":"https:\/\/store.k-tech-services.com\/wp-mypham\/wp-json\/wp\/v2\/media?parent=98"}],"wp:term":[{"taxonomy":"test","embeddable":true,"href":"https:\/\/store.k-tech-services.com\/wp-mypham\/wp-json\/wp\/v2\/test?post=98"},{"taxonomy":"product_brand","embeddable":true,"href":"https:\/\/store.k-tech-services.com\/wp-mypham\/wp-json\/wp\/v2\/product_brand?post=98"},{"taxonomy":"product_cat","embeddable":true,"href":"https:\/\/store.k-tech-services.com\/wp-mypham\/wp-json\/wp\/v2\/product_cat?post=98"},{"taxonomy":"product_tag","embeddable":true,"href":"https:\/\/store.k-tech-services.com\/wp-mypham\/wp-json\/wp\/v2\/product_tag?post=98"},{"taxonomy":"thuong-hieu","embeddable":true,"href":"https:\/\/store.k-tech-services.com\/wp-mypham\/wp-json\/wp\/v2\/thuong-hieu?post=98"}],"curies":[{"name":"wp","href":"https:\/\/api.w.org\/{rel}","templated":true}]}}