{"id":113,"date":"2024-03-27T10:36:50","date_gmt":"2024-03-27T10:36:50","guid":{"rendered":"https:\/\/demo.k-tech.net.vn\/wp-mypham\/?post_type=product&#038;p=113"},"modified":"2024-04-02T10:39:35","modified_gmt":"2024-04-02T10:39:35","slug":"san-pham-demo-6","status":"publish","type":"product","link":"https:\/\/store.k-tech-services.com\/wp-mypham\/san-pham\/san-pham-demo-6\/","title":{"rendered":"s\u1ea3n ph\u1ea9m demo 6"},"content":{"rendered":"","protected":false},"excerpt":{"rendered":"<p>N\u01b0\u1edbc T\u1ea9y Trang\u00a0Garnier Micellar Cleansing Water\u00a0l\u00e0 d\u00f2ng s\u1ea3n ph\u1ea9m\u00a0t\u1ea9y trang\u00a0n\u1ed5i ti\u1ebfng \u0111\u1ebfn t\u1eeb\u00a0th\u01b0\u01a1ng hi\u1ec7u Garnier\u00a0c\u1ee7a Ph\u00e1p, s\u1eed d\u1ee5ng c\u00f4ng ngh\u1ec7 Micelles (Micellar Technology) c\u00f3 ch\u1ee9a c\u00e1c ph\u00e2n t\u1eed mi-xen ho\u1ea1t \u0111\u1ed9ng theo c\u01a1 ch\u1ebf nam ch\u00e2m gi\u00fap nh\u1eb9 nh\u00e0ng\u00a0l\u00e0m s\u1ea1ch da\u00a0v\u00e0 l\u1ea5y \u0111i b\u1ee5i b\u1ea9n, c\u1eb7n\u00a0trang \u0111i\u1ec3m v\u00e0 d\u1ea7u th\u1eeba s\u00e2u b\u00ean trong l\u1ed7 ch\u00e2n l\u00f4ng m\u00e0 kh\u00f4ng g\u00e2y kh\u00f4 da.<\/p>\n<p><img decoding=\"async\" title=\"Mua N\u01b0\u1edbc T\u1ea9y Trang Garnier L\u00e0m S\u1ea1ch S\u00e2u L\u1edbp Trang \u0110i\u1ec3m\" src=\"https:\/\/media.hcdn.vn\/wysiwyg\/HaNguyen1\/nuoc-tay-trang-garnier-1.jpg\" alt=\"N\u01b0\u1edbc T\u1ea9y Trang Garnier L\u00e0m S\u1ea1ch S\u00e2u L\u1edbp Trang \u0110i\u1ec3m\" data-was-processed=\"true\" \/><\/p>\n<p>&nbsp;<\/p>\n<p>N\u01b0\u1edbc L\u00e0m S\u1ea1ch V\u00e0 T\u1ea9y Trang Cho M\u1ecdi Lo\u1ea1i Da Garnier Micellar Cleansing Water 400ml\u00a0hi\u1ec7n \u0111\u00e3 c\u00f3 m\u1eb7t t\u1ea1i<a href=\"https:\/\/hasaki.vn\/\" target=\"_blank\" rel=\"noopener\">i<\/a>\u00a0\u1edbi 4 ph\u00e2n lo\u1ea1i d\u00e0nh cho t\u1eebng v\u1ea5n \u0111\u1ec1 da ri\u00eang bi\u1ec7t:<\/p>\n<ul>\n<li>N\u01b0\u1edbc T\u1ea9y Trang Garnier\u00a0Micellar Oil Infused Cleansing Water 400ml:\u00a0d\u00e0nh cho da trang \u0111i\u1ec3m, gi\u00fap l\u00e0m s\u1ea1ch s\u00e2u da.<\/li>\n<li>N\u01b0\u1edbc T\u1ea9y Trang Garnier Micellar Cleansing Water Vitamin C\u00a0400ml:\u00a0d\u00e0nh cho da s\u1ea1m m\u00e0u,\u00a0gi\u00fap l\u00e0m s\u00e1ng da, h\u1ed7 tr\u1ee3 m\u1edd th\u00e2m n\u00e1m.<\/li>\n<li>N\u01b0\u1edbc T\u1ea9y Trang Garnier\u00a0Micellar Cleansing Water For Oily &amp; Acne-Prone Skin\u00a0400ml:\u00a0d\u00e0nh cho da d\u1ea7u &amp; m\u1ee5n.<\/li>\n<li>N\u01b0\u1edbc T\u1ea9y Trang Garnier\u00a0Micellar Cleansing Water For Sensitive Skin\u00a0400ml:\u00a0d\u00e0nh cho da nh\u1ea1y c\u1ea3m.<\/li>\n<\/ul>\n<p>&nbsp;<\/p>\n<p><img decoding=\"async\" title=\"Mua N\u01b0\u1edbc T\u1ea9y Trang Garnier L\u00e0m S\u1ea1ch S\u00e2u L\u1edbp Trang \u0110i\u1ec3m T\u1ea1i Hasaki\" src=\"https:\/\/media.hasaki.vn\/wysiwyg\/HaNguyen\/nuoc-tay-trang-garnier-125ml-4.jpg\" alt=\"N\u01b0\u1edbc T\u1ea9y Trang Garnier L\u00e0m S\u1ea1ch S\u00e2u L\u1edbp Trang \u0110i\u1ec3m Hasaki\" data-was-processed=\"true\" \/><\/p>\n<p>&nbsp;<\/p>\n<h2>1.\u00a0N\u01b0\u1edbc T\u1ea9y Trang Garnier\u00a0Micellar Oil Infused Cleansing Water<\/h2>\n<p>Vi\u1ec7c t\u1ea9y trang sau m\u1ed9t ng\u00e0y d\u00e0i m\u1ec7t m\u1ecfi gi\u1edd \u0111\u00e2y th\u1eadt d\u1ec5 d\u00e0ng v\u1edbi\u00a0Garnier Micellar Oil Infused Cleansing Water with Argan Oil!\u00a0S\u1ea3n ph\u1ea9m \u1ee9ng d\u1ee5ng c\u00f4ng ngh\u1ec7 Micelles k\u1ebft h\u1ee3p c\u00f9ng d\u1ea7u Argan gi\u00fap l\u00e0m s\u1ea1ch s\u00e2u v\u00e0 lo\u1ea1i b\u1ecf to\u00e0n b\u1ed9 l\u1edbp trang \u0111i\u1ec3m, k\u1ec3 c\u1ea3 l\u1edbp trang \u0111i\u1ec3m kh\u00f4ng th\u1ea5m n\u01b0\u1edbc c\u1ee9ng \u0111\u1ea7u nh\u1ea5t. C\u00f4ng th\u1ee9c \u0111\u1ed9c \u0111\u00e1o d\u1ec5 d\u00e0ng th\u1ea9m th\u1ea5u, gi\u00fap nu\u00f4i d\u01b0\u1ee1ng l\u00e0n da m\u1ec1m m\u1ea1i v\u00e0 \u1ea9m m\u1ecbn sau khi t\u1ea9y trang m\u00e0 kh\u00f4ng \u0111\u1ec3 l\u1ea1i c\u1ea3m gi\u00e1c nh\u1eddn d\u00ednh.<\/p>\n<p>&nbsp;<\/p>\n<p><img decoding=\"async\" title=\"N\u01b0\u1edbc T\u1ea9y Trang Garnier L\u00e0m S\u1ea1ch S\u00e2u L\u1edbp Trang \u0110i\u1ec3m C\u00f3 T\u1ea1i Hasaki\" src=\"https:\/\/media.hasaki.vn\/wysiwyg\/HaNguyen\/nuoc-tay-trang-garnier-lam-sach-sau-lop-trang-diem-400ml-1.jpg\" alt=\"Mua N\u01b0\u1edbc T\u1ea9y Trang Garnier L\u00e0m S\u1ea1ch S\u00e2u L\u1edbp Trang \u0110i\u1ec3m Ngay\" data-was-processed=\"true\" \/><\/p>\n<p>&nbsp;<\/p>\n<p>&nbsp;<\/p>\n<p>&nbsp;<\/p>\n<h3>Lo\u1ea1i da ph\u00f9 h\u1ee3p:<\/h3>\n<ul>\n<li>S\u1ea3n ph\u1ea9m ph\u00f9 h\u1ee3p cho m\u1ecdi lo\u1ea1i da, \u0111\u1eb7c bi\u1ec7t l\u00e0\u00a0da kh\u00f4.<\/li>\n<\/ul>\n<h3>Gi\u1ea3i ph\u00e1p cho t\u00ecnh tr\u1ea1ng da:<\/h3>\n<ul>\n<li>Da thi\u1ebfu \u1ea9m &#8211; thi\u1ebfu n\u01b0\u1edbc, d\u1ec5 kh\u00f4 c\u0103ng, th\u00f4 r\u00e1p sau khi t\u1ea9y trang.<\/li>\n<li>Da trang \u0111i\u1ec3m, \u0111\u1eb7c bi\u1ec7t l\u00e0 s\u1ea3n ph\u1ea9m trang \u0111i\u1ec3m l\u00e2u tr\u00f4i, ch\u1ed1ng th\u1ea5m n\u01b0\u1edbc.<\/li>\n<\/ul>\n<h3>\u01afu th\u1ebf n\u1ed5i b\u1eadt:<\/h3>\n<ul>\n<li>S\u1eed d\u1ee5ng\u00a0c\u00f4ng ngh\u1ec7 Micelles (Micellar Technology)\u00a0&#8211; ph\u00e2n t\u1eed Micelles l\u1ea5y \u0111i b\u1ee5i b\u1ea9n s\u00e2u b\u00ean trong l\u1ed7 ch\u00e2n l\u00f4ng theo c\u01a1 ch\u1ebf ho\u1ea1t \u0111\u1ed9ng c\u1ee7a nam ch\u00e2m khi lau nh\u1eb9 tr\u00ean da m\u00e0 kh\u00f4ng c\u1ea7n ch\u00e0 x\u00e1t.<\/li>\n<li>B\u1ed5 sung\u00a0d\u1ea7u h\u1ea1t Argan thi\u00ean nhi\u00ean\u00a0c\u00f3 t\u00e1c d\u1ee5ng\u00a0l\u1ea5y \u0111i c\u1eb7n b\u1ea9n trang \u0111i\u1ec3m v\u00e0\u00a0d\u01b0\u1ee1ng \u1ea9m cho da.<\/li>\n<li>L\u00e0m s\u1ea1ch hi\u1ec7u qu\u1ea3 k\u1ec3 c\u1ea3 l\u1edbp trang \u0111i\u1ec3m kh\u00f4ng th\u1ea5m n\u01b0\u1edbc (waterproof).<\/li>\n<li>K\u1ebft c\u1ea5u kh\u00f4ng nh\u1eddn, kh\u00f4ng b\u1ebft d\u00ednh, ph\u00f9 h\u1ee3p v\u1edbi m\u1ecdi lo\u1ea1i da.<\/li>\n<li>C\u00f4ng th\u1ee9c kh\u00f4ng ch\u1ee9a c\u1ed3n, kh\u00f4ng g\u00e2y k\u00edch \u1ee9ng da.<\/li>\n<\/ul>\n<h2>2.\u00a0N\u01b0\u1edbc T\u1ea9y Trang Garnier Micellar Cleansing Water Vitamin C<\/h2>\n<p>L\u1ea7n \u0111\u1ea7u ti\u00ean, th\u01b0\u01a1ng hi\u1ec7u Garnier cho ra \u0111\u1eddi d\u00f2ng s\u1ea3n ph\u1ea9m n\u01b0\u1edbc t\u1ea9y trang m\u1edbi v\u1edbi s\u1ef1 k\u1ebft h\u1ee3p gi\u1eefa c\u00f4ng ngh\u1ec7 Micelles (Micellar Technology) v\u00e0 th\u00e0nh ph\u1ea7n l\u00e0m s\u00e1ng da Vitamin C &#8211;\u00a0Garnier Vitamin C Micellar Water\u00a0gi\u00fap lo\u1ea1i b\u1ecf l\u1edbp trang \u0111i\u1ec3m v\u00e0 l\u00e0m s\u1ea1ch da ch\u1ec9 trong 1 l\u1ea7n s\u1eed d\u1ee5ng, mang l\u1ea1i l\u00e0n da t\u01b0\u01a1i s\u00e1ng v\u00e0 r\u1ea1ng r\u1ee1 h\u01a1n t\u1ee9c th\u00ec.<\/p>\n<p>&nbsp;<\/p>\n<p><img decoding=\"async\" title=\"N\u01b0\u1edbc T\u1ea9y Trang Garnier D\u01b0\u1ee1ng S\u00e1ng Da\" src=\"https:\/\/media.hcdn.vn\/wysiwyg\/HaNguyen1\/nuoc-tay-trang-garnier-2.jpg\" alt=\"N\u01b0\u1edbc T\u1ea9y Trang Garnier Micellar Cleansing Water Vitamin C\" data-was-processed=\"true\" \/><\/p>\n<p>&nbsp;<\/p>\n<p>C\u00f4ng th\u1ee9c ch\u1ee9a c\u00e1c ph\u00e2n t\u1eed mi-xen ho\u1ea1t \u0111\u1ed9ng nh\u01b0 m\u1ed9t th\u1ecfi nam ch\u00e2m t\u1ef1 \u0111\u1ed9ng gi\u00fap h\u00fat\u00a0s\u1ea1ch c\u1eb7n trang \u0111i\u1ec3m, b\u1ee5i b\u1ea9n v\u00e0 d\u1ea7u th\u1eeba; c\u00f9ng Vitamin C gi\u00fap lo\u1ea1i b\u1ecf t\u00ecnh tr\u1ea1ng x\u1ec9n m\u00e0u &amp; th\u00e2m s\u1ea1m, nu\u00f4i d\u01b0\u1ee1ng da s\u00e1ng m\u1ecbn. Ngay t\u1eeb l\u1ea7n s\u1eed d\u1ee5ng \u0111\u1ea7u ti\u00ean, b\u1ea1n s\u1ebd c\u1ea3m nh\u1eadn \u0111\u01b0\u1ee3c m\u1ed9t l\u00e0n da s\u1ea1ch ho\u00e0n h\u1ea3o, m\u1ecbn m\u00e0ng, r\u1ea1ng r\u1ee1 v\u00e0 t\u01b0\u01a1i s\u00e1ng h\u01a1n t\u1ee9c th\u00ec.<\/p>\n<p>\u0110\u1eb7c bi\u1ec7t, s\u1ea3n ph\u1ea9m kh\u00f4ng ch\u1ee9a c\u1ed3n v\u00e0 h\u01b0\u01a1ng li\u1ec7u, kh\u00f4ng g\u00e2y k\u00edch \u1ee9ng khi s\u1eed d\u1ee5ng.<\/p>\n<h3>Lo\u1ea1i da ph\u00f9 h\u1ee3p:<\/h3>\n<ul>\n<li>S\u1ea3n ph\u1ea9m ph\u00f9 h\u1ee3p cho m\u1ecdi lo\u1ea1i da, k\u1ec3 c\u1ea3 da nh\u1ea1y c\u1ea3m.<\/li>\n<\/ul>\n<h3>Gi\u1ea3i ph\u00e1p cho t\u00ecnh tr\u1ea1ng da:<\/h3>\n<ul>\n<li>Da x\u1ec9n m\u00e0u &amp; th\u00e2m s\u1ea1m<\/li>\n<\/ul>\n<h3>\u01afu th\u1ebf n\u1ed5i b\u1eadt:<\/h3>\n<ul>\n<li>S\u1eed d\u1ee5ng\u00a0c\u00f4ng ngh\u1ec7 Micelles (Micellar Technology) &#8211;\u00a0ph\u00e2n t\u1eed Micelles l\u1ea5y \u0111i b\u1ee5i b\u1ea9n s\u00e2u b\u00ean trong l\u1ed7 ch\u00e2n l\u00f4ng theo c\u01a1 ch\u1ebf ho\u1ea1t \u0111\u1ed9ng c\u1ee7a nam ch\u00e2m khi lau nh\u1eb9 tr\u00ean da m\u00e0 kh\u00f4ng c\u1ea7n ch\u00e0 x\u00e1t.<\/li>\n<li>B\u1ed5 sung\u00a0Vitamin C\u00a0chi\u1ebft xu\u1ea5t t\u1eeb qu\u1ea3 Yuzu t\u1ef1 nhi\u00ean\u00a0gi\u00fap d\u01b0\u1ee1ng s\u00e1ng da, c\u1ea3i thi\u1ec7n t\u00ecnh tr\u1ea1ng da t\u1ed1i x\u1ec9n v\u00e0 kh\u00f4ng \u0111\u1ec1u m\u00e0u, h\u1ed7 tr\u1ee3 l\u00e0m m\u1edd v\u1ebft th\u00e2m.<\/li>\n<li>C\u00f4ng th\u1ee9c kh\u00f4ng ch\u1ee9a c\u1ed3n v\u00e0 h\u01b0\u01a1ng li\u1ec7u, kh\u00f4ng g\u00e2y k\u00edch \u1ee9ng \u0111\u1ed1i v\u1edbi l\u00e0n da nh\u1ea1y c\u1ea3m.<\/li>\n<li>K\u1ebft c\u1ea5u kh\u00f4ng nh\u1eddn, kh\u00f4ng b\u1ebft d\u00ednh, ph\u00f9 h\u1ee3p v\u1edbi m\u1ecdi lo\u1ea1i da.<\/li>\n<\/ul>\n<h2>3.\u00a0N\u01b0\u1edbc T\u1ea9y Trang Garnier\u00a0Micellar Cleansing Water For Oily &amp; Acne-Prone Skin<\/h2>\n<p>Garnier Micellar Cleansing Water\u00a0For Oily &amp; Acne-Prone Skin\u00a0l\u00e0 d\u00f2ng s\u1ea3n ph\u1ea9m n\u01b0\u1edbc l\u00e0m s\u1ea1ch v\u00e0 t\u1ea9y trang \u0111a n\u0103ng \u0111\u01b0\u1ee3c thi\u1ebft k\u1ebf chuy\u00ean bi\u1ec7t d\u00e0nh cho da d\u1ea7u &amp; m\u1ee5n, gi\u00fap l\u00e0m s\u1ea1ch hi\u1ec7u qu\u1ea3 m\u00e0 kh\u00f4ng g\u00e2y k\u00edch \u1ee9ng hay t\u1ed5n th\u01b0\u01a1ng cho l\u00e0n da c\u1ee7a b\u1ea1n. V\u1edbi c\u00f4ng d\u1ee5ng ch\u0103m s\u00f3c da 3 trong 1, b\u1ea1n c\u00f3 th\u1ec3 s\u1eed d\u1ee5ng\u00a0Garnier Micellar Water\u00a0nh\u01b0 m\u1ed9t s\u1ea3n ph\u1ea9m l\u00e0m s\u1ea1ch da, toner ho\u1eb7c t\u1ea9y trang. S\u1ea3n ph\u1ea9m d\u00f9ng \u0111\u01b0\u1ee3c cho da m\u1eb7t, m\u1eaft &amp; m\u00f4i.<\/p>\n<p><img decoding=\"async\" title=\"N\u01b0\u1edbc T\u1ea9y Trang Garnier Micellar Cleansing Water For Oily &amp; Acne-Prone Skin 400ml\" src=\"https:\/\/media.hcdn.vn\/wysiwyg\/Chau\/nuoc-tay-trang-garnier-400ml-1_1.jpg\" alt=\"N\u01b0\u1edbc T\u1ea9y Trang Garnier Micellar Cleansing Water For Oily &amp; Acne-Prone Skin\" data-was-processed=\"true\" \/><\/p>\n<p>&nbsp;<\/p>\n<p>C\u00f4ng th\u1ee9c ch\u1ee9a c\u00e1c ph\u00e2n t\u1eed mi-xen ho\u1ea1t \u0111\u1ed9ng nh\u01b0 m\u1ed9t th\u1ecfi nam ch\u00e2m t\u1ef1 \u0111\u1ed9ng gi\u00fap h\u00fat\u00a0s\u1ea1ch c\u1eb7n trang \u0111i\u1ec3m, b\u1ee5i b\u1ea9n v\u00e0 d\u1ea7u th\u1eeba hi\u1ec7u qu\u1ea3 m\u00e0 kh\u00f4ng c\u1ea7n ch\u00e0 x\u00e1t m\u1ea1nh, kh\u00f4ng c\u1ea7n r\u1eeda l\u1ea1i v\u1edbi n\u01b0\u1edbc. L\u00e0n da sau khi \u0111\u01b0\u1ee3c l\u00e0m s\u1ea1ch tr\u1edf n\u00ean tho\u00e1ng nh\u1eb9, t\u01b0\u01a1i m\u00e1t, kh\u00f4ng h\u1ec1 nh\u1eddn d\u00ednh m\u00e0 v\u1eabn duy tr\u00ec \u0111\u01b0\u1ee3c \u0111\u1ed9 \u1ea9m t\u1ef1 nhi\u00ean, kh\u00f4ng g\u00e2y k\u00edch \u1ee9ng da.<\/p>\n<h3>Lo\u1ea1i da ph\u00f9 h\u1ee3p:<\/h3>\n<ul>\n<li>S\u1ea3n ph\u1ea9m ph\u00f9 h\u1ee3p cho\u00a0da d\u1ea7u, h\u1ed7n h\u1ee3p thi\u00ean d\u1ea7u.<\/li>\n<\/ul>\n<h3>Gi\u1ea3i ph\u00e1p cho t\u00ecnh tr\u1ea1ng da:<\/h3>\n<ul>\n<li>Da d\u1ea7u th\u1eeba &#8211; l\u1ed7 ch\u00e2n l\u00f4ng to<\/li>\n<li>Da m\u1ee5n\u00a0ho\u1eb7c d\u1ec5 n\u1ed5i m\u1ee5n<\/li>\n<\/ul>\n<h3>\u01afu th\u1ebf n\u1ed5i b\u1eadt:<\/h3>\n<ul>\n<li>S\u1eed d\u1ee5ng\u00a0c\u00f4ng ngh\u1ec7 Micelles (Micellar Technology) &#8211;\u00a0ph\u00e2n t\u1eed Micelles l\u1ea5y \u0111i b\u1ee5i b\u1ea9n s\u00e2u b\u00ean trong l\u1ed7 ch\u00e2n l\u00f4ng theo c\u01a1 ch\u1ebf ho\u1ea1t \u0111\u1ed9ng c\u1ee7a nam ch\u00e2m khi lau nh\u1eb9 tr\u00ean da m\u00e0 kh\u00f4ng c\u1ea7n ch\u00e0 x\u00e1t.<\/li>\n<li>L\u00e0m s\u1ea1ch s\u00e2u da v\u00e0 lo\u1ea1i b\u1ecf d\u1ea7u th\u1eeba hi\u1ec7u qu\u1ea3 &#8211; m\u1ed9t trong nh\u1eefng nguy\u00ean nh\u00e2n g\u00e2y n\u00ean t\u00ecnh tr\u1ea1ng m\u1ee5n, gi\u00fap l\u1ed7 ch\u00e2n l\u00f4ng th\u00f4ng tho\u00e1ng, gi\u1ea3m thi\u1ec3u b\u00edt t\u1eafc.<\/li>\n<li>Kh\u00f4ng ch\u1ee9a h\u01b0\u01a1ng li\u1ec7u, kh\u00f4ng g\u00e2y k\u00edch \u1ee9ng da.<\/li>\n<li>K\u1ebft c\u1ea5u l\u1ecfng nh\u1eb9, t\u01b0\u01a1i m\u00e1t, kh\u00f4ng b\u1ebft d\u00ednh, kh\u00f4ng c\u1ea7n r\u1eeda l\u1ea1i v\u1edbi n\u01b0\u1edbc.<\/li>\n<\/ul>\n<h3>4.\u00a0N\u01b0\u1edbc T\u1ea9y Trang Garnier\u00a0Micellar Cleansing Water For Sensitive Skin\u00a0400ml<\/h3>\n<p>Garnier Micellar Cleansing Water For Sensitive Skin\u00a0l\u00e0 d\u00f2ng s\u1ea3n ph\u1ea9m n\u01b0\u1edbc l\u00e0m s\u1ea1ch v\u00e0 t\u1ea9y trang \u0111a n\u0103ng \u0111\u01b0\u1ee3c thi\u1ebft k\u1ebf chuy\u00ean bi\u1ec7t d\u00e0nh cho l\u00e0n da nh\u1ea1y c\u1ea3m, gi\u00fap l\u00e0m s\u1ea1ch hi\u1ec7u qu\u1ea3 m\u00e0 kh\u00f4ng g\u00e2y t\u1ed5n h\u1ea1i cho l\u00e0n da c\u1ee7a b\u1ea1n. S\u1ea3n ph\u1ea9m ch\u0103m s\u00f3c da 3 trong 1 n\u00e0y c\u00f3 th\u1ec3 \u0111\u01b0\u1ee3c s\u1eed d\u1ee5ng nh\u01b0 m\u1ed9t s\u1ea3n ph\u1ea9m l\u00e0m s\u1ea1ch, toner ho\u1eb7c t\u1ea9y trang &#8211; v\u1edbi c\u00f4ng ngh\u1ec7 Micelles ch\u1ee9a c\u00e1c h\u1ea1t ph\u00e2n t\u1eed mi-xen gi\u00fap lo\u1ea1i b\u1ecf b\u1ee5i b\u1ea9n, d\u1ea7u th\u1eeba v\u00e0 l\u1edbp trang \u0111i\u1ec3m theo c\u01a1 ch\u1ebf ho\u1ea1t \u0111\u1ed9ng c\u1ee7a nam ch\u00e2m m\u00e0 kh\u00f4ng c\u1ea7n ch\u00e0 x\u00e1t m\u1ea1nh, kh\u00f4ng c\u1ea7n r\u1eeda l\u1ea1i v\u1edbi n\u01b0\u1edbc. C\u00f4ng th\u1ee9c kh\u00f4ng ch\u1ee9a c\u1ed3n &amp; h\u01b0\u01a1ng li\u1ec7u, kh\u00f4ng g\u00e2y d\u1ecb \u1ee9ng, th\u00edch h\u1ee3p cho da nh\u1ea1y c\u1ea3m.<\/p>\n<p><img decoding=\"async\" title=\"Mua N\u01b0\u1edbc T\u1ea9y Trang Garnier Micellar Cleansing Water For Sensitive Skin\" src=\"https:\/\/media.hasaki.vn\/wysiwyg\/HaNguyen\/nuoc-tay-trang-garnier-danh-cho-da-nhay-cam-400ml-1.jpg\" alt=\"N\u01b0\u1edbc T\u1ea9y Trang Garnier Micellar Cleansing Water For Sensitive Skin\" data-was-processed=\"true\" \/><\/p>\n<p>&nbsp;<\/p>\n<h3>Lo\u1ea1i da ph\u00f9 h\u1ee3p:<\/h3>\n<ul>\n<li>S\u1ea3n ph\u1ea9m ph\u00f9 h\u1ee3p cho\u00a0da nh\u1ea1y c\u1ea3m.<\/li>\n<\/ul>\n<h3>Gi\u1ea3i ph\u00e1p cho t\u00ecnh tr\u1ea1ng da:<\/h3>\n<ul>\n<li>Da nh\u1ea1y c\u1ea3m &#8211; k\u00edch \u1ee9ng<\/li>\n<\/ul>\n<h3>\u01afu th\u1ebf n\u1ed5i b\u1eadt:<\/h3>\n<ul>\n<li>S\u1eed d\u1ee5ng\u00a0c\u00f4ng ngh\u1ec7 Micelles (Micellar Technology)\u00a0&#8211; ph\u00e2n t\u1eed Micelles l\u1ea5y \u0111i b\u1ee5i b\u1ea9n s\u00e2u b\u00ean trong l\u1ed7 ch\u00e2n l\u00f4ng theo c\u01a1 ch\u1ebf ho\u1ea1t \u0111\u1ed9ng c\u1ee7a nam ch\u00e2m khi lau nh\u1eb9 tr\u00ean da m\u00e0 kh\u00f4ng c\u1ea7n ch\u00e0 x\u00e1t.<\/li>\n<li>L\u00e0m s\u1ea1ch da d\u1ecbu nh\u1eb9, lo\u1ea1i b\u1ecf b\u1ee5i b\u1ea9n, d\u1ea7u th\u1eeba v\u00e0 l\u1edbp trang \u0111i\u1ec3m hi\u1ec7u qu\u1ea3.<\/li>\n<li>Kh\u00f4ng ch\u1ee9a c\u1ed3n &amp; h\u01b0\u01a1ng li\u1ec7u, kh\u00f4ng g\u00e2y k\u00edch \u1ee9ng da.<\/li>\n<li>K\u1ebft c\u1ea5u l\u1ecfng nh\u1eb9, t\u01b0\u01a1i m\u00e1t, kh\u00f4ng b\u1ebft d\u00ednh, kh\u00f4ng c\u1ea7n r\u1eeda l\u1ea1i v\u1edbi n\u01b0\u1edbc.<\/li>\n<\/ul>\n","protected":false},"featured_media":81,"comment_status":"open","ping_status":"closed","template":"","meta":{"_acf_changed":false},"test":[],"product_brand":[],"product_cat":[19,18,20,17],"product_tag":[],"thuong-hieu":[52],"class_list":{"0":"post-113","1":"product","2":"type-product","3":"status-publish","4":"has-post-thumbnail","6":"product_cat-cham-soc-co-the","7":"product_cat-son-tint","8":"product_cat-sua-rua-mat","9":"product_cat-trang-diem","10":"thuong-hieu-dior","12":"first","13":"instock","14":"sale","15":"shipping-taxable","16":"purchasable","17":"product-type-simple"},"acf":[],"jetpack_sharing_enabled":true,"_links":{"self":[{"href":"https:\/\/store.k-tech-services.com\/wp-mypham\/wp-json\/wp\/v2\/product\/113","targetHints":{"allow":["GET"]}}],"collection":[{"href":"https:\/\/store.k-tech-services.com\/wp-mypham\/wp-json\/wp\/v2\/product"}],"about":[{"href":"https:\/\/store.k-tech-services.com\/wp-mypham\/wp-json\/wp\/v2\/types\/product"}],"replies":[{"embeddable":true,"href":"https:\/\/store.k-tech-services.com\/wp-mypham\/wp-json\/wp\/v2\/comments?post=113"}],"wp:featuredmedia":[{"embeddable":true,"href":"https:\/\/store.k-tech-services.com\/wp-mypham\/wp-json\/wp\/v2\/media\/81"}],"wp:attachment":[{"href":"https:\/\/store.k-tech-services.com\/wp-mypham\/wp-json\/wp\/v2\/media?parent=113"}],"wp:term":[{"taxonomy":"test","embeddable":true,"href":"https:\/\/store.k-tech-services.com\/wp-mypham\/wp-json\/wp\/v2\/test?post=113"},{"taxonomy":"product_brand","embeddable":true,"href":"https:\/\/store.k-tech-services.com\/wp-mypham\/wp-json\/wp\/v2\/product_brand?post=113"},{"taxonomy":"product_cat","embeddable":true,"href":"https:\/\/store.k-tech-services.com\/wp-mypham\/wp-json\/wp\/v2\/product_cat?post=113"},{"taxonomy":"product_tag","embeddable":true,"href":"https:\/\/store.k-tech-services.com\/wp-mypham\/wp-json\/wp\/v2\/product_tag?post=113"},{"taxonomy":"thuong-hieu","embeddable":true,"href":"https:\/\/store.k-tech-services.com\/wp-mypham\/wp-json\/wp\/v2\/thuong-hieu?post=113"}],"curies":[{"name":"wp","href":"https:\/\/api.w.org\/{rel}","templated":true}]}}