{"id":347,"date":"2024-04-05T04:59:32","date_gmt":"2024-04-05T04:59:32","guid":{"rendered":"https:\/\/demo.k-tech.net.vn\/wp-khoahoc\/?post_type=product&#038;p=347"},"modified":"2024-04-08T01:43:21","modified_gmt":"2024-04-08T01:43:21","slug":"xay-dung-he-thong-kinh-doanh","status":"publish","type":"product","link":"https:\/\/store.k-tech-services.com\/wp-khoahoc\/san-pham\/xay-dung-he-thong-kinh-doanh\/","title":{"rendered":"X\u00e2y d\u1ef1ng h\u1ec7 th\u1ed1ng kinh doanh"},"content":{"rendered":"<p>B\u00e1n h\u00e0ng online ng\u00e0y c\u00e0ng ph\u1ed5 bi\u1ebfn hi\u1ec7n nay, nh\u01b0ng c\u00e0ng c\u00f3 nhi\u1ec1u ng\u01b0\u1eddi b\u00e1n\u00a0th\u00ec th\u1ecb tr\u01b0\u1eddng c\u1ea1nh tranh l\u1ea1i c\u00e0ng cao.<\/p>\n<p>M\u1ed9t c\u00e1ch th\u1ee9c ti\u1ebfp c\u1eadn kh\u00e1ch h\u00e0ng t\u1ed1t nh\u1ea5t c\u1ee7a vi\u1ec7c b\u00e1n h\u00e0ng onlie l\u00e0 livestream tr\u00ean c\u00e1c trang m\u1ea1ng x\u00e3 h\u1ed9i, \u0111\u1eb7c bi\u1ec7t l\u00e0 facebook. Nh\u01b0ng kh\u00f4ng ph\u1ea3i ai c\u0169ng bi\u1ebft c\u00e1ch v\u1eadn d\u1ee5ng livestream m\u1ed9t c\u00e1ch hi\u1ec7u qu\u1ea3.<\/p>\n<p>\u0110\u1ec3 h\u1ecdc b\u00e1n h\u00e0ng online\u00a0hi\u1ec7u qu\u1ea3 t\u1eeb vi\u1ec7c livestream ch\u00fang ta ph\u1ea3i c\u00f3 \u0111\u01b0\u1ee3c nh\u1eefng ki\u1ebfn th\u1ee9c c\u1ea7n thi\u1ebft, khoa h\u1ecdc \u0111\u1ec3 ti\u1ebfp c\u1eadn c\u0169ng nh\u01b0 thu h\u00fat kh\u00e1ch h\u00e0ng v\u00e0o\u00a0s\u1ea3n ph\u1ea9m kinh doanh c\u1ee7a m\u00ecnh.<\/p>\n<p>Kh\u00f3a h\u1ecdc th\u1ef1c chi\u1ebfn t\u1ea1i nh\u00e0\u00a0<strong>\u201cS\u00e1t th\u1ee7 b\u00e1n h\u00e0ng\u00a0Livestream\u201d\u00a0<\/strong>do th\u1ea7y Ph\u1ea1m Th\u00e0nh Long gi\u1ea3ng d\u1ea1y s\u1ebd gi\u00fap b\u1ea1n c\u00f3 \u0111\u01b0\u1ee3c nh\u1eefng ki\u1ebfn th\u1ee9c, k\u1ef9 n\u0103ng c\u1ea7n thi\u1ebft v\u00e0 b\u00ed quy\u1ebft hi\u1ec7u qu\u1ea3 nh\u1ea5t \u0111\u1ec3 b\u1ea1n c\u00f3 doanh thu v\u01b0\u1ee3t b\u1eadc t\u1eeb vi\u1ec7c livestream c\u1ee7a m\u00ecnh.<\/p>\n<p>Kh\u00f3a h\u1ecdc g\u1ed3m nh\u1eefng n\u1ed9i dung g\u00ec?<\/p>\n<p><em>Ph\u1ea7n 1:\u00a0T\u1ed5ng h\u1ee3p c\u00e1c y\u1ebfu t\u1ed1 ti\u1ebfp c\u1eadn kh\u00e1ch h\u00e0ng khi livestream<\/em><\/p>\n<p>Nh\u1eefng y\u1ebfu t\u1ed1 khi livestream b\u1ea1n ph\u1ea3i l\u01b0u \u00fd \u0111\u1ebb c\u00f3 th\u1ec3 ti\u1ebfp c\u1eadn \u0111\u01b0\u1ee3c t\u1edbi kh\u00e1ch h\u00e0ng c\u1ee7a m\u00ecnh: c\u00e1ch \u0111\u1ec3 t\u1ea1o n\u00ean b\u1ee9c \u1ea3nh \u0111\u1eb9p, c\u00e1c b\u01b0\u1edbc chu\u1ea9n b\u1ecb \u0111\u1ec3 livestream hi\u1ec7u qu\u1ea3 nh\u1ea5t\u2026<\/p>\n<p><em>Ph\u1ea7n 2: Nh\u1eefng \u0111i\u1ec1u c\u1ea7n l\u01b0u \u00fd \u0111\u1ec3 livestream h\u1ea5p d\u1eabn<\/em><\/p>\n<p>Chia s\u1ebb cho b\u1ea1n: 7 m\u1ee5c ti\u00eau marketing tr\u01b0\u1edbc khi livestream \u0111\u1ec3 b\u1ea1n c\u00f3 th\u1ec3 b\u00e1n \u0111\u01b0\u1ee3c h\u00e0ng t\u1ed1t nh\u1ea5t c\u00f3 th\u1ec3, m\u1eb9o \u0111\u1ec3 c\u00f3 th\u1ec3 thu h\u00fat \u0111\u01b0\u1ee3c l\u01b0\u1ee3t xem, l\u01b0\u1ee3t share tr\u00ean Facebook, chi\u1ebfn l\u01b0\u1ee3c v\u00e0 b\u00ed k\u00edp s\u1eed d\u1ee5ng\u00a0clip khi l\u00e0m vi\u1ec7c v\u1edbi ng\u01b0\u1eddi c\u00f3 \u1ea3nh h\u01b0\u1edfng\u2026<\/p>\n<p><em>Ph\u1ea7n 3:\u00a0Nh\u1eefng m\u1eb9o c\u1ea7n thi\u1ebft khi livestream<\/em><\/p>\n<p>B\u00ed quy\u1ebft \u0111\u1ec3 b\u1ea1n lu\u00f4n t\u1ef1 tin v\u00e0 tho\u1ea3i m\u00e1i khi ti\u1ebfn h\u00e0ng livestream b\u00e1n h\u00e0ng, c\u00f9ng v\u1edbi \u0111\u00f3 l\u00e0 nh\u1eefng chia s\u1ebb v\u1ec1 c\u00e1c k\u00eanh m\u1ea1ng x\u00e3 h\u1ed9i m\u00e0 b\u1ea1n kh\u00f4ng n\u00ean b\u1ecf l\u1ee1 khi livestream b\u00e1n h\u00e0ng.<\/p>\n<p><em>Ph\u1ea7n 4: \u0110\u1ec3 bi\u1ebfn livestream th\u00e0nh m\u1ed9t si\u00eau ph\u1ea9m t\u0103ng doanh thu c\u1ee7a b\u1ea1n<\/em><\/p>\n<p>Nh\u1eefng y\u1ebfu t\u1ed1 k\u1ef9 thu\u1eadt \u0111\u1ec3 b\u1ea1n c\u00f3 th\u1ec3 livestream hi\u1ec7u qu\u1ea3 nh\u1ea5t, c\u00e1ch \u0111\u1ec3 l\u00ean k\u1ecbch b\u1ea3n b\u00e1n h\u00e0ng,\u00a0n\u1ed9i dung \u00fd t\u01b0\u1edfng\u00a0tr\u00fang t\u00e2m l\u00fd kh\u00e1ch h\u00e0ng\u00a0khi livestream, m\u1eb9o \u0111\u1ec3 \u201cb\u1eaft trend\u201d hi\u1ec7u qu\u1ea3 h\u1ed7 tr\u1ee3 t\u00edch c\u1ef1c c\u00f4ng vi\u1ec7c livestream b\u00e1n h\u00e0ng, b\u00ed quy\u1ebft \u0111\u1ec3 c\u00f3 \u0111\u01b0\u1ee3c Module n\u1ed9i dung thu h\u00fat, ho\u00e0n ch\u1ec9nh\u2026<\/p>\n<p>C\u00f3 qu\u00e1 nhi\u1ec1u ki\u1ebfn th\u1ee9c d\u00e0nh cho b\u1ea1n\u00a0h\u1ecdc chi\u1ebfn l\u01b0\u1ee3c kinh doanh\u00a0g\u00f3i g\u1ecdn trong m\u1ed9t kh\u00f3a h\u1ecdc! Nhanh ch\u00f3ng tham gia ngay kh\u00f3a h\u1ecdc\u00a0<strong>\u201cS\u00e1t th\u1ee7 b\u00e1n h\u00e0ng\u00a0Livestream\u201d\u00a0<\/strong>\u00a0c\u1ee7a\u00a0th\u1ea7y\u00a0<a href=\"https:\/\/khoahoconline.muatheme.com\/giang-vien\/pham-thanh-long\/\"><strong>Ph\u1ea1m Th\u00e0nh Long<\/strong><\/a>\u00a0\u0111\u1ec3 tr\u1edf th\u00e0nh S\u00e1t th\u1ee7 b\u00e1n h\u00e0ng Livestream\u00a0v\u1edbi c\u00e1c tuy\u1ec7t chi\u00eau bi\u1ebfn\u00a0livestream\u00a0th\u00e0nh m\u1ed9t Si\u00eau ph\u1ea9m\u00a0\u0111\u1ec3 t\u0103ng doanh thu ho\u00e0n h\u1ea3o nh\u1ea5t!<\/p>\n","protected":false},"excerpt":{"rendered":"<ul>\n<li>\u0110\u01b0\u1ee3c l\u1eafng nghe nh\u1eefng chia s\u1ebb, t\u00e2m s\u1ef1 th\u1ef1c t\u1ebf nh\u1ea5t v\u1ec1 livestream, v\u1ec1 nh\u1eefng ti\u1ec1m n\u0103ng \u0111em v\u1ec1 doanh thu kh\u1ee7ng c\u1ee7a vi\u1ec7c livetream b\u00e1n h\u00e0ng<\/li>\n<li>C\u00e1ch th\u1ee9c \u0111\u1ec3 setup m\u1ed9t livestream ho\u00e0n h\u1ea3o.<\/li>\n<li>C\u00e1ch t\u01b0 v\u1ea5n ch\u1ed1t \u0111\u01a1n nhanh ch\u00f3ng, hi\u1ec7u qu\u1ea3.<\/li>\n<li>Bi\u1ebft c\u00e1ch x\u00e2y d\u1ef1ng k\u1ecbch b\u1ea3n b\u00e1n h\u00e0ng thu h\u00fat, \u0111\u00e1nh tr\u00fang v\u00e0o t\u00e2m l\u00fd c\u1ee7a kh\u00e1ch h\u00e0ng<\/li>\n<li>C\u00e1ch gi\u00fap b\u1ea1n t\u1ef1 tin khi ti\u1ebfp c\u1eadn ng\u01b0\u1eddi xem v\u00e0o livestream c\u1ee7a m\u00ecnh, c\u00e1ch thu h\u00fat s\u1ea3n ph\u1ea9m kinh doanh c\u1ee7a m\u00ecnh.<\/li>\n<li>Nh\u1eefng m\u1eb9o \u201cnh\u1ecf m\u00e0 c\u00f3 v\u00f5\u201d c\u1ea3 tr\u01b0\u1edbc v\u00e0 trong qu\u00e1 tr\u00ecnh livestream: b\u00ed quy\u1ebft n\u1eafm b\u1eaft t\u00e2m l\u00fd, nhu c\u1ea7u kh\u00e1ch h\u00e0ng, b\u00ed quy\u1ebft t\u1ef1 tin \u0111\u1ee9ng tr\u01b0\u1edbc m\u00e1y quay, m\u1eb9o thu h\u00fat kh\u00e1ch h\u00e0ng t\u1edbi livestream c\u1ee7a b\u1ea1n, b\u00ed quy\u1ebft l\u00ean m\u1ed9t k\u1ecbch b\u1ea3n ch\u1ed1t sale n\u00f3i c\u00e2u n\u00e0o ch\u1ed1t c\u00e2u \u0111\u00f3<\/li>\n<\/ul>\n","protected":false},"featured_media":348,"comment_status":"open","ping_status":"closed","template":"","meta":{"_acf_changed":false},"product_cat":[24,18,47],"product_tag":[],"giang-vien":[48],"class_list":{"0":"post-347","1":"product","2":"type-product","3":"status-publish","4":"has-post-thumbnail","6":"product_cat-cong-nghe-thong-tin","7":"product_cat-marketing","8":"product_cat-nguyen-le-hoang","9":"giang-vien-nguyen-le-hoang","11":"first","12":"instock","13":"shipping-taxable","14":"purchasable","15":"product-type-simple"},"acf":[],"_links":{"self":[{"href":"https:\/\/store.k-tech-services.com\/wp-khoahoc\/wp-json\/wp\/v2\/product\/347","targetHints":{"allow":["GET"]}}],"collection":[{"href":"https:\/\/store.k-tech-services.com\/wp-khoahoc\/wp-json\/wp\/v2\/product"}],"about":[{"href":"https:\/\/store.k-tech-services.com\/wp-khoahoc\/wp-json\/wp\/v2\/types\/product"}],"replies":[{"embeddable":true,"href":"https:\/\/store.k-tech-services.com\/wp-khoahoc\/wp-json\/wp\/v2\/comments?post=347"}],"wp:featuredmedia":[{"embeddable":true,"href":"https:\/\/store.k-tech-services.com\/wp-khoahoc\/wp-json\/wp\/v2\/media\/348"}],"wp:attachment":[{"href":"https:\/\/store.k-tech-services.com\/wp-khoahoc\/wp-json\/wp\/v2\/media?parent=347"}],"wp:term":[{"taxonomy":"product_cat","embeddable":true,"href":"https:\/\/store.k-tech-services.com\/wp-khoahoc\/wp-json\/wp\/v2\/product_cat?post=347"},{"taxonomy":"product_tag","embeddable":true,"href":"https:\/\/store.k-tech-services.com\/wp-khoahoc\/wp-json\/wp\/v2\/product_tag?post=347"},{"taxonomy":"giang-vien","embeddable":true,"href":"https:\/\/store.k-tech-services.com\/wp-khoahoc\/wp-json\/wp\/v2\/giang-vien?post=347"}],"curies":[{"name":"wp","href":"https:\/\/api.w.org\/{rel}","templated":true}]}}