{"id":475,"date":"2024-04-04T08:23:09","date_gmt":"2024-04-04T08:23:09","guid":{"rendered":"https:\/\/store.k-tech.net.vn\/wp-batdongsan\/?post_type=product&#038;p=475"},"modified":"2024-04-04T08:23:19","modified_gmt":"2024-04-04T08:23:19","slug":"nha-pho-shr-1lau-hem-24-go-o-moi-p-phu-thuan-quan-7-noi-that-cao-cap-3","status":"publish","type":"product","link":"https:\/\/store.k-tech-services.com\/wp-batdongsan\/bat-dong-san\/nha-pho-shr-1lau-hem-24-go-o-moi-p-phu-thuan-quan-7-noi-that-cao-cap-3\/","title":{"rendered":"NH\u00c0 PH\u1ed0 SHR 1L\u1ea6U H\u1ebaM 24 G\u00d2 \u00d4 M\u00d4I, P.PH\u00da THU\u1eacN, QU\u1eacN 7 \u2013 N\u1ed8I TH\u1ea4T CAO C\u1ea4P"},"content":{"rendered":"","protected":false},"excerpt":{"rendered":"<p>d<\/p>\n","protected":false},"featured_media":47,"comment_status":"open","ping_status":"closed","template":"","meta":[],"huong_nha":[],"khoang_gia":[],"khu_vuc":[],"loai_bat_dong_san":[],"product_cat":[15],"product_tag":[],"class_list":["post-475","product","type-product","status-publish","has-post-thumbnail","hentry","product_cat-chua-phan-loai"],"acf":[],"_links":{"self":[{"href":"https:\/\/store.k-tech-services.com\/wp-batdongsan\/wp-json\/wp\/v2\/product\/475","targetHints":{"allow":["GET"]}}],"collection":[{"href":"https:\/\/store.k-tech-services.com\/wp-batdongsan\/wp-json\/wp\/v2\/product"}],"about":[{"href":"https:\/\/store.k-tech-services.com\/wp-batdongsan\/wp-json\/wp\/v2\/types\/product"}],"replies":[{"embeddable":true,"href":"https:\/\/store.k-tech-services.com\/wp-batdongsan\/wp-json\/wp\/v2\/comments?post=475"}],"wp:featuredmedia":[{"embeddable":true,"href":"https:\/\/store.k-tech-services.com\/wp-batdongsan\/wp-json\/wp\/v2\/media\/47"}],"wp:attachment":[{"href":"https:\/\/store.k-tech-services.com\/wp-batdongsan\/wp-json\/wp\/v2\/media?parent=475"}],"wp:term":[{"taxonomy":"huong_nha","embeddable":true,"href":"https:\/\/store.k-tech-services.com\/wp-batdongsan\/wp-json\/wp\/v2\/huong_nha?post=475"},{"taxonomy":"khoang_gia","embeddable":true,"href":"https:\/\/store.k-tech-services.com\/wp-batdongsan\/wp-json\/wp\/v2\/khoang_gia?post=475"},{"taxonomy":"khu_vuc","embeddable":true,"href":"https:\/\/store.k-tech-services.com\/wp-batdongsan\/wp-json\/wp\/v2\/khu_vuc?post=475"},{"taxonomy":"loai_bat_dong_san","embeddable":true,"href":"https:\/\/store.k-tech-services.com\/wp-batdongsan\/wp-json\/wp\/v2\/loai_bat_dong_san?post=475"},{"taxonomy":"product_cat","embeddable":true,"href":"https:\/\/store.k-tech-services.com\/wp-batdongsan\/wp-json\/wp\/v2\/product_cat?post=475"},{"taxonomy":"product_tag","embeddable":true,"href":"https:\/\/store.k-tech-services.com\/wp-batdongsan\/wp-json\/wp\/v2\/product_tag?post=475"}],"curies":[{"name":"wp","href":"https:\/\/api.w.org\/{rel}","templated":true}]}}