{"id":279,"date":"2023-10-09T03:58:06","date_gmt":"2023-10-09T03:58:06","guid":{"rendered":"http:\/\/localhost\/wp-batdongsan\/?page_id=279"},"modified":"2023-10-09T09:56:46","modified_gmt":"2023-10-09T09:56:46","slug":"ki-gui","status":"publish","type":"page","link":"https:\/\/store.k-tech-services.com\/wp-batdongsan\/ki-gui\/","title":{"rendered":"K\u00ed g\u1eedi"},"content":{"rendered":"\t<section class=\"section\" id=\"section_690361671\">\n\t\t<div class=\"bg section-bg fill bg-fill  bg-loaded\" >\n\n\t\t\t\n\t\t\t\n\t\t\t\n\n\t\t<\/div>\n\n\t\t\n\n\t\t<div class=\"section-content relative\">\n\t\t\t\n\n  <div class=\"banner has-hover\" id=\"banner-2044005793\">\n          <div class=\"banner-inner fill\">\n        <div class=\"banner-bg fill\" >\n            <div class=\"bg fill bg-fill \"><\/div>\n                                    \n                    <\/div>\n\t\t\n        <div class=\"banner-layers container\">\n            <div class=\"fill banner-link\"><\/div>            \n   <div id=\"text-box-732617960\" class=\"text-box banner-layer x50 md-x50 lg-x50 y50 md-y50 lg-y50 res-text\">\n                                <div class=\"text-box-content text dark\">\n              \n              <div class=\"text-inner text-center\">\n                  \n<h2><strong>K\u00cd G\u1eecI<\/strong><\/h2>\n<p>\u00a0<\/p>\n<h3><strong>TRAO GI\u00c1 TR\u1eca \u2013 NH\u1eacN NI\u1ec0M TIN<\/strong><\/h3>\n              <\/div>\n           <\/div>\n                            \n<style>\n#text-box-732617960 {\n  width: 60%;\n}\n#text-box-732617960 .text-box-content {\n  font-size: 100%;\n}\n<\/style>\n    <\/div>\n \n        <\/div>\n      <\/div>\n\n            \n<style>\n#banner-2044005793 {\n  padding-top: 500px;\n}\n#banner-2044005793 .bg.bg-loaded {\n  background-image: url(https:\/\/store.k-tech-services.com\/wp-batdongsan\/wp-content\/uploads\/2023\/10\/FS-background-01-800x320-1.png);\n}\n<\/style>\n  <\/div>\n\n\n\t\t<\/div>\n\n\t\t\n<style>\n#section_690361671 {\n  padding-top: 30px;\n  padding-bottom: 30px;\n}\n<\/style>\n\t<\/section>\n\t\n\t<section class=\"section\" id=\"section_982908570\">\n\t\t<div class=\"bg section-bg fill bg-fill  bg-loaded\" >\n\n\t\t\t\n\t\t\t\n\t\t\t\n\n\t\t<\/div>\n\n\t\t\n\n\t\t<div class=\"section-content relative\">\n\t\t\t\n<div class=\"row\"  id=\"row-1511541319\">\n\n\t<div id=\"col-1172249918\" class=\"col medium-6 small-12 large-6\"  >\n\t\t\t\t<div class=\"col-inner\"  >\n\t\t\t\n\t\t\t\n<h2>Li\u00ean h\u1ec7 cho ch\u00fang t\u00f4i<\/h2>\n<p>K\u00ed g\u1eedi nh\u00e0 \u0111\u1ea5t vui l\u00f2ng \u0111i\u1ec1n th\u00f4ng tin b\u00ean d\u01b0\u1edbi ho\u1eb7c li\u00ean h\u1ec7 091111.5156<\/p>\n<div class=\"row\"  id=\"row-1257875710\">\n\n\t<div id=\"col-394599540\" class=\"col medium-6 small-6 large-6\"  >\n\t\t\t\t<div class=\"col-inner\"  >\n\t\t\t\n\t\t\t\n\n\t\t<div class=\"icon-box featured-box icon-box-center text-center\"  >\n\t\t\t\t\t<div class=\"icon-box-img\" style=\"width: 60px\">\n\t\t\t\t<div class=\"icon\">\n\t\t\t\t\t<div class=\"icon-inner\" >\n\t\t\t\t\t\t<img loading=\"lazy\" decoding=\"async\" width=\"240\" height=\"240\" src=\"https:\/\/store.k-tech-services.com\/wp-batdongsan\/wp-content\/uploads\/2023\/10\/icondiachi.png\" class=\"attachment-medium size-medium\" alt=\"\" srcset=\"https:\/\/store.k-tech-services.com\/wp-batdongsan\/wp-content\/uploads\/2023\/10\/icondiachi.png 240w, https:\/\/store.k-tech-services.com\/wp-batdongsan\/wp-content\/uploads\/2023\/10\/icondiachi-150x150.png 150w, https:\/\/store.k-tech-services.com\/wp-batdongsan\/wp-content\/uploads\/2023\/10\/icondiachi-100x100.png 100w\" sizes=\"auto, (max-width: 240px) 100vw, 240px\" \/>\t\t\t\t\t<\/div>\n\t\t\t\t<\/div>\n\t\t\t<\/div>\n\t\t\t\t<div class=\"icon-box-text last-reset\">\n\t\t\t<h5 class=\"uppercase\">\u0110\u1ecaA CH\u1ec8<\/h5>\t\t\t<h6>41\/36\/5 Chuy\u00ean D\u00f9ng Ch\u00ednh Qu\u1eadn 7 TP. H\u1ed3 Ch\u00ed Minh<\/h6>\t\t\t\n\t\t<\/div>\n\t<\/div>\n\t\n\t\n\t\t<\/div>\n\t\t\t\t\t<\/div>\n\n\t\n\n\t<div id=\"col-904323323\" class=\"col medium-6 small-12 large-6\"  >\n\t\t\t\t<div class=\"col-inner\"  >\n\t\t\t\n\t\t\t\n\n\t\t<div class=\"icon-box featured-box icon-box-center text-center\"  >\n\t\t\t\t\t<div class=\"icon-box-img\" style=\"width: 60px\">\n\t\t\t\t<div class=\"icon\">\n\t\t\t\t\t<div class=\"icon-inner\" >\n\t\t\t\t\t\t<img loading=\"lazy\" decoding=\"async\" width=\"240\" height=\"240\" src=\"https:\/\/store.k-tech-services.com\/wp-batdongsan\/wp-content\/uploads\/2023\/10\/iconthoigian.png\" class=\"attachment-medium size-medium\" alt=\"\" srcset=\"https:\/\/store.k-tech-services.com\/wp-batdongsan\/wp-content\/uploads\/2023\/10\/iconthoigian.png 240w, https:\/\/store.k-tech-services.com\/wp-batdongsan\/wp-content\/uploads\/2023\/10\/iconthoigian-150x150.png 150w, https:\/\/store.k-tech-services.com\/wp-batdongsan\/wp-content\/uploads\/2023\/10\/iconthoigian-100x100.png 100w\" sizes=\"auto, (max-width: 240px) 100vw, 240px\" \/>\t\t\t\t\t<\/div>\n\t\t\t\t<\/div>\n\t\t\t<\/div>\n\t\t\t\t<div class=\"icon-box-text last-reset\">\n\t\t\t<h5 class=\"uppercase\">TH\u1edcI GIAN L\u00c0M VI\u1ec6C<\/h5>\t\t\t<h6>Th\u1ee9 2 \u2013 Ch\u1ee7 Nh\u1eadt: 8h \u2013 20h<\/h6>\t\t\t\n\t\t<\/div>\n\t<\/div>\n\t\n\t\n\t\t<\/div>\n\t\t\t\t\t<\/div>\n\n\t\n\n\t<div id=\"col-860247012\" class=\"col medium-6 small-12 large-6\"  >\n\t\t\t\t<div class=\"col-inner\"  >\n\t\t\t\n\t\t\t\n\n\t\t<div class=\"icon-box featured-box icon-box-center text-center\"  >\n\t\t\t\t\t<div class=\"icon-box-img\" style=\"width: 60px\">\n\t\t\t\t<div class=\"icon\">\n\t\t\t\t\t<div class=\"icon-inner\" >\n\t\t\t\t\t\t<img loading=\"lazy\" decoding=\"async\" width=\"240\" height=\"240\" src=\"https:\/\/store.k-tech-services.com\/wp-batdongsan\/wp-content\/uploads\/2023\/10\/iconemail.png\" class=\"attachment-medium size-medium\" alt=\"\" srcset=\"https:\/\/store.k-tech-services.com\/wp-batdongsan\/wp-content\/uploads\/2023\/10\/iconemail.png 240w, https:\/\/store.k-tech-services.com\/wp-batdongsan\/wp-content\/uploads\/2023\/10\/iconemail-150x150.png 150w, https:\/\/store.k-tech-services.com\/wp-batdongsan\/wp-content\/uploads\/2023\/10\/iconemail-100x100.png 100w\" sizes=\"auto, (max-width: 240px) 100vw, 240px\" \/>\t\t\t\t\t<\/div>\n\t\t\t\t<\/div>\n\t\t\t<\/div>\n\t\t\t\t<div class=\"icon-box-text last-reset\">\n\t\t\t<h5 class=\"uppercase\">E-MAIL<\/h5>\t\t\t<h6>huylee514@gmail.com<\/h6>\t\t\t\n\t\t<\/div>\n\t<\/div>\n\t\n\t\n\t\t<\/div>\n\t\t\t\t\t<\/div>\n\n\t\n\n\t<div id=\"col-1757015731\" class=\"col medium-6 small-12 large-6\"  >\n\t\t\t\t<div class=\"col-inner\"  >\n\t\t\t\n\t\t\t\n\n\t\t<div class=\"icon-box featured-box icon-box-center text-center\"  >\n\t\t\t\t\t<div class=\"icon-box-img\" style=\"width: 60px\">\n\t\t\t\t<div class=\"icon\">\n\t\t\t\t\t<div class=\"icon-inner\" >\n\t\t\t\t\t\t<img loading=\"lazy\" decoding=\"async\" width=\"240\" height=\"240\" src=\"https:\/\/store.k-tech-services.com\/wp-batdongsan\/wp-content\/uploads\/2023\/10\/iconphone.png\" class=\"attachment-medium size-medium\" alt=\"\" srcset=\"https:\/\/store.k-tech-services.com\/wp-batdongsan\/wp-content\/uploads\/2023\/10\/iconphone.png 240w, https:\/\/store.k-tech-services.com\/wp-batdongsan\/wp-content\/uploads\/2023\/10\/iconphone-150x150.png 150w, https:\/\/store.k-tech-services.com\/wp-batdongsan\/wp-content\/uploads\/2023\/10\/iconphone-100x100.png 100w\" sizes=\"auto, (max-width: 240px) 100vw, 240px\" \/>\t\t\t\t\t<\/div>\n\t\t\t\t<\/div>\n\t\t\t<\/div>\n\t\t\t\t<div class=\"icon-box-text last-reset\">\n\t\t\t<h5 class=\"uppercase\">PHONE<\/h5>\t\t\t<h6>091111.5156<\/h6>\t\t\t\n\t\t<\/div>\n\t<\/div>\n\t\n\t\n\t\t<\/div>\n\t\t\t\t\t<\/div>\n\n\t\n<\/div>\n\t\t<\/div>\n\t\t\t\t\t<\/div>\n\n\t\n\n\t<div id=\"col-355150303\" class=\"col medium-6 small-12 large-6\"  >\n\t\t\t\t<div class=\"col-inner\"  >\n\t\t\t\n\t\t\t\n<h2>\u0110i\u1ec1n th\u00f4ng tin k\u00ed g\u1eedi<\/h2>\n\n<div class=\"wpcf7 no-js\" id=\"wpcf7-f28-o1\" lang=\"vi\" dir=\"ltr\">\n<div class=\"screen-reader-response\"><p role=\"status\" aria-live=\"polite\" aria-atomic=\"true\"><\/p> <ul><\/ul><\/div>\n<form action=\"\/wp-batdongsan\/wp-json\/wp\/v2\/pages\/279#wpcf7-f28-o1\" method=\"post\" class=\"wpcf7-form init\" aria-label=\"Form li\u00ean h\u1ec7\" novalidate=\"novalidate\" data-status=\"init\">\n<div style=\"display: none;\">\n<input type=\"hidden\" name=\"_wpcf7\" value=\"28\" \/>\n<input type=\"hidden\" name=\"_wpcf7_version\" value=\"5.8.1\" \/>\n<input type=\"hidden\" name=\"_wpcf7_locale\" value=\"vi\" \/>\n<input type=\"hidden\" name=\"_wpcf7_unit_tag\" value=\"wpcf7-f28-o1\" \/>\n<input type=\"hidden\" name=\"_wpcf7_container_post\" value=\"0\" \/>\n<input type=\"hidden\" name=\"_wpcf7_posted_data_hash\" value=\"\" \/>\n<\/div>\n<p><label> Your name<br \/>\n<span class=\"wpcf7-form-control-wrap\" data-name=\"your-name\"><input size=\"40\" class=\"wpcf7-form-control wpcf7-text wpcf7-validates-as-required\" autocomplete=\"name\" aria-required=\"true\" aria-invalid=\"false\" value=\"\" type=\"text\" name=\"your-name\" \/><\/span> <\/label>\n<\/p>\n<p><label> Your email<br \/>\n<span class=\"wpcf7-form-control-wrap\" data-name=\"your-email\"><input size=\"40\" class=\"wpcf7-form-control wpcf7-email wpcf7-validates-as-required wpcf7-text wpcf7-validates-as-email\" autocomplete=\"email\" aria-required=\"true\" aria-invalid=\"false\" value=\"\" type=\"email\" name=\"your-email\" \/><\/span> <\/label>\n<\/p>\n<p><label> Ti\u00eau \u0111\u1ec1:<br \/>\n<span class=\"wpcf7-form-control-wrap\" data-name=\"your-subject\"><input size=\"40\" class=\"wpcf7-form-control wpcf7-text wpcf7-validates-as-required\" aria-required=\"true\" aria-invalid=\"false\" value=\"\" type=\"text\" name=\"your-subject\" \/><\/span> <\/label>\n<\/p>\n<p><label> Your message (kh\u00f4ng b\u1eaft bu\u1ed9c)<br \/>\n<span class=\"wpcf7-form-control-wrap\" data-name=\"your-message\"><textarea cols=\"40\" rows=\"10\" class=\"wpcf7-form-control wpcf7-textarea\" aria-invalid=\"false\" name=\"your-message\"><\/textarea><\/span> <\/label>\n<\/p>\n<p><input class=\"wpcf7-form-control wpcf7-submit has-spinner\" type=\"submit\" value=\"G\u1eedi\" \/>\n<\/p><div class=\"wpcf7-response-output\" aria-hidden=\"true\"><\/div>\n<\/form>\n<\/div>\n\n\t\t<\/div>\n\t\t\t\t\t<\/div>\n\n\t\n<\/div>\n\t\t<\/div>\n\n\t\t\n<style>\n#section_982908570 {\n  padding-top: 30px;\n  padding-bottom: 30px;\n  background-color: rgb(255, 255, 255);\n}\n<\/style>\n\t<\/section>\n\t\n\t<section class=\"section\" id=\"section_1168461192\">\n\t\t<div class=\"bg section-bg fill bg-fill  bg-loaded\" >\n\n\t\t\t\n\t\t\t\n\t\t\t\n\n\t\t<\/div>\n\n\t\t\n\n\t\t<div class=\"section-content relative\">\n\t\t\t\n<div class=\"row\"  id=\"row-837350653\">\n\n\t<div id=\"col-1787208569\" class=\"col small-12 large-12\"  >\n\t\t\t\t<div class=\"col-inner\"  >\n\t\t\t\n\t\t\t\n\n<p><iframe src=\"https:\/\/www.google.com\/maps\/embed?pb=!1m18!1m12!1m3!1d3920.377954491504!2d106.73646981505601!3d10.705303292369857!2m3!1f0!2f0!3f0!3m2!1i1024!2i768!4f13.1!3m3!1m2!1s0x3175254c29e90ae9%3A0x8fbe8938e1ce1b8e!2zNDEsIDM2IMSQxrDhu51uZyBDaHV5w6puIETDuW5nIENow61uaCwgUGjDuiBN4bu5LCBRdeG6rW4gNywgVGjDoG5oIHBo4buRIEjhu5MgQ2jDrSBNaW5oLCBWaeG7h3QgTmFt!5e0!3m2!1svi!2s!4v1653832264895!5m2!1svi!2s\" width=\"100%\" height=\"450\" style=\"border:0;\" allowfullscreen=\"\" loading=\"lazy\" referrerpolicy=\"no-referrer-when-downgrade\"><\/iframe><\/p>\n\n\t\t<\/div>\n\t\t\t\t\t<\/div>\n\n\t\n<\/div>\n\t\t<\/div>\n\n\t\t\n<style>\n#section_1168461192 {\n  padding-top: 30px;\n  padding-bottom: 30px;\n}\n<\/style>\n\t<\/section>\n\t\n","protected":false},"excerpt":{"rendered":"","protected":false},"author":1,"featured_media":0,"parent":0,"menu_order":0,"comment_status":"closed","ping_status":"closed","template":"page-blank.php","meta":{"footnotes":""},"class_list":["post-279","page","type-page","status-publish","hentry"],"acf":[],"_links":{"self":[{"href":"https:\/\/store.k-tech-services.com\/wp-batdongsan\/wp-json\/wp\/v2\/pages\/279","targetHints":{"allow":["GET"]}}],"collection":[{"href":"https:\/\/store.k-tech-services.com\/wp-batdongsan\/wp-json\/wp\/v2\/pages"}],"about":[{"href":"https:\/\/store.k-tech-services.com\/wp-batdongsan\/wp-json\/wp\/v2\/types\/page"}],"author":[{"embeddable":true,"href":"https:\/\/store.k-tech-services.com\/wp-batdongsan\/wp-json\/wp\/v2\/users\/1"}],"replies":[{"embeddable":true,"href":"https:\/\/store.k-tech-services.com\/wp-batdongsan\/wp-json\/wp\/v2\/comments?post=279"}],"version-history":[{"count":8,"href":"https:\/\/store.k-tech-services.com\/wp-batdongsan\/wp-json\/wp\/v2\/pages\/279\/revisions"}],"predecessor-version":[{"id":330,"href":"https:\/\/store.k-tech-services.com\/wp-batdongsan\/wp-json\/wp\/v2\/pages\/279\/revisions\/330"}],"wp:attachment":[{"href":"https:\/\/store.k-tech-services.com\/wp-batdongsan\/wp-json\/wp\/v2\/media?parent=279"}],"curies":[{"name":"wp","href":"https:\/\/api.w.org\/{rel}","templated":true}]}}