{"id":277,"date":"2023-10-09T03:57:52","date_gmt":"2023-10-09T03:57:52","guid":{"rendered":"http:\/\/localhost\/wp-batdongsan\/?page_id=277"},"modified":"2023-10-09T09:44:10","modified_gmt":"2023-10-09T09:44:10","slug":"gioi-thieu","status":"publish","type":"page","link":"https:\/\/store.k-tech-services.com\/wp-batdongsan\/gioi-thieu\/","title":{"rendered":"Gi\u1edbi thi\u1ec7u"},"content":{"rendered":"\t<section class=\"section section-gthieu\" id=\"section_870763897\">\n\t\t<div class=\"bg section-bg fill bg-fill  bg-loaded\" >\n\n\t\t\t\n\t\t\t\n\t\t\t\n\n\t\t<\/div>\n\n\t\t\n\n\t\t<div class=\"section-content relative\">\n\t\t\t\n\n  <div class=\"banner has-hover\" id=\"banner-1100648329\">\n          <div class=\"banner-inner fill\">\n        <div class=\"banner-bg fill\" >\n            <div class=\"bg fill bg-fill \"><\/div>\n                                    \n                    <\/div>\n\t\t\n        <div class=\"banner-layers container\">\n            <div class=\"fill banner-link\"><\/div>            \n   <div id=\"text-box-1096799160\" class=\"text-box banner-layer x50 md-x50 lg-x50 y50 md-y50 lg-y50 res-text\">\n                                <div class=\"text-box-content text dark\">\n              \n              <div class=\"text-inner text-center\">\n                  \n\t<div id=\"text-1500583606\" class=\"text\">\n\t\t\n<h2><strong>GI\u1edaI THI\u1ec6U<\/strong><\/h2>\n\t\t\n<style>\n#text-1500583606 {\n  font-size: 1.3rem;\n  line-height: 1.15;\n}\n<\/style>\n\t<\/div>\n\t\n<div class=\"is-divider divider clearfix\" style=\"max-width:100px;height:5px;background-color:rgb(147, 199, 229);\"><\/div>\n\t<div id=\"text-2291482506\" class=\"text\">\n\t\t\n<p>B\u00c1N B\u1ea4T \u0110\u1ed8NG S\u1ea2N NH\u00c0 PH\u1ed0 GI\u00c1 CH\u00cdNH CH\u1ee6 QU\u1eacN 7 &#038; NH\u00c0 B\u00c8<br \/>\nTR\u00c1CH NHI\u1ec6M \u2013 UY T\u00cdN \u2013 \u0110\u1ea2M B\u1ea2O<\/p>\n\t\t\n<style>\n#text-2291482506 {\n  font-size: 1.8rem;\n}\n<\/style>\n\t<\/div>\n\t\n              <\/div>\n           <\/div>\n                            \n<style>\n#text-box-1096799160 {\n  width: 60%;\n}\n#text-box-1096799160 .text-box-content {\n  font-size: 100%;\n}\n<\/style>\n    <\/div>\n \n        <\/div>\n      <\/div>\n\n            \n<style>\n#banner-1100648329 {\n  padding-top: 500px;\n}\n#banner-1100648329 .bg.bg-loaded {\n  background-image: url(https:\/\/store.k-tech-services.com\/wp-batdongsan\/wp-content\/uploads\/2023\/10\/FS-background-01-800x320-1.png);\n}\n<\/style>\n  <\/div>\n\n\n\t\t<\/div>\n\n\t\t\n<style>\n#section_870763897 {\n  padding-top: 30px;\n  padding-bottom: 30px;\n}\n<\/style>\n\t<\/section>\n\t\n\t<section class=\"section section-gthieu\" id=\"section_1109958022\">\n\t\t<div class=\"bg section-bg fill bg-fill  bg-loaded\" >\n\n\t\t\t\n\t\t\t\n\t\t\t\n\n\t\t<\/div>\n\n\t\t\n\n\t\t<div class=\"section-content relative\">\n\t\t\t\n<div class=\"row\"  id=\"row-886442142\">\n\n\t<div id=\"col-1202331671\" class=\"col medium-6 small-12 large-6\"  >\n\t\t\t\t<div class=\"col-inner\"  >\n\t\t\t\n\t\t\t\n\t<div class=\"img has-hover x md-x lg-x y md-y lg-y\" id=\"image_1345692826\">\n\t\t\t\t\t\t\t\t<div class=\"img-inner dark\" >\n\t\t\t<img loading=\"lazy\" decoding=\"async\" width=\"800\" height=\"800\" src=\"https:\/\/store.k-tech-services.com\/wp-batdongsan\/wp-content\/uploads\/2023\/10\/BDS-Duc-Huy-Profile-800x800-1.jpg\" class=\"attachment-original size-original\" alt=\"\" srcset=\"https:\/\/store.k-tech-services.com\/wp-batdongsan\/wp-content\/uploads\/2023\/10\/BDS-Duc-Huy-Profile-800x800-1.jpg 800w, https:\/\/store.k-tech-services.com\/wp-batdongsan\/wp-content\/uploads\/2023\/10\/BDS-Duc-Huy-Profile-800x800-1-300x300.jpg 300w, https:\/\/store.k-tech-services.com\/wp-batdongsan\/wp-content\/uploads\/2023\/10\/BDS-Duc-Huy-Profile-800x800-1-150x150.jpg 150w, https:\/\/store.k-tech-services.com\/wp-batdongsan\/wp-content\/uploads\/2023\/10\/BDS-Duc-Huy-Profile-800x800-1-768x768.jpg 768w, https:\/\/store.k-tech-services.com\/wp-batdongsan\/wp-content\/uploads\/2023\/10\/BDS-Duc-Huy-Profile-800x800-1-600x600.jpg 600w, https:\/\/store.k-tech-services.com\/wp-batdongsan\/wp-content\/uploads\/2023\/10\/BDS-Duc-Huy-Profile-800x800-1-100x100.jpg 100w\" sizes=\"auto, (max-width: 800px) 100vw, 800px\" \/>\t\t\t\t\t\t\n\t\t\t\t\t<\/div>\n\t\t\t\t\t\t\t\t\n<style>\n#image_1345692826 {\n  width: 100%;\n}\n<\/style>\n\t<\/div>\n\t\n\t\t<\/div>\n\t\t\t\t\t<\/div>\n\n\t\n\n\t<div id=\"col-874693429\" class=\"col medium-6 small-12 large-6\"  >\n\t\t\t\t<div class=\"col-inner\"  >\n\t\t\t\n\t\t\t\n<h2>B\u1ea5t \u0111\u1ed9ng s\u1ea3n \u0110\u1ee9c Huy<\/h2>\n<div class=\"is-divider divider clearfix\" style=\"max-width:100px;height:4px;background-color:rgb(111, 166, 212);\"><\/div>\n<p>Ch\u00fang t\u00f4i lu\u00f4n mong mu\u1ed1n \u0111em l\u1ea1i nh\u1eefng thi\u1ebft k\u1ebf ph\u00f9 h\u1ee3p v\u1eddi t\u1eebng \u0111\u1ed1i t\u01b0\u1ee3ng kh\u00e1ch h\u00e0ng v\u1edbi gi\u1ea3 c\u1ea3 h\u1ee3p l\u00fd nh\u1ea5t.<\/p>\n<p>B\u00ean c\u1ea1nh s\u1ef1 ph\u00f9 h\u1ee3p chung t\u00f4i lu\u00f4n xem tr\u1ecdng ph\u01b0\u01a1ng ch\u00e2m \u201c\u0110\u00fang v\u00e0 \u0111\u1ee7\u201d.<\/p>\n<p>Ch\u00fang t\u00f4i lu\u00f4n \u0111em \u0111\u1ebfn nh\u1eefng m\u1eabu nh\u00e0 l\u00fd t\u01b0\u1edfng. B\u1ea1n c\u00f3 th\u1ec3 th\u1ecfa s\u1ee9c l\u1ef1a c\u00e1c m\u1eabu nh\u00e0 ph\u00f9 h\u1ee3p v\u1edbi m\u00ecnh.<\/p>\n<p>T\u01b0 v\u1ea5n, h\u1ed7 tr\u1ee3 mi\u1ec5n ph\u00ed.<br \/>Ch\u00fang t\u00f4i c\u00f3 nh\u1eefng chuy\u00ean gia v\u1ec1 B\u1ea5t \u0111\u1ed9ng s\u1ea3n c\u00f3 th\u1ec3 tr\u1ea3 l\u1eddi m\u1ecdi v\u1ea5n \u0111\u1ec1 m\u00e0 b\u1ea1n \u0111ang m\u1eafc ph\u1ea3i.<\/p>\n<p>H\u1ed7 tr\u1ee3 24\/7 S\u00e1ng: 08:30 \u0111\u1ebfn 12:00<br \/>Chi\u1ec1u: 13:30 \u0111\u1ebfn 22:00<br \/>H\u1ed7 tr\u1ee3 c\u00e1c ng\u00e0y trong tu\u1ea7n.<\/p>\n<a class=\"button primary\"  style=\"border-radius:10px;\">\n    <span>li\u00ean h\u1ec7 ngay<\/span>\n  <\/a>\n\n\t\t<\/div>\n\t\t\t\t\n<style>\n#col-874693429 > .col-inner {\n  padding: 0px 0px 0px 40px;\n}\n<\/style>\n\t<\/div>\n\n\t\n<\/div>\n\t<div id=\"gap-446413225\" class=\"gap-element clearfix\" style=\"display:block; height:auto;\">\n\t\t\n<style>\n#gap-446413225 {\n  padding-top: 59px;\n}\n<\/style>\n\t<\/div>\n\t\n<div class=\"row\"  id=\"row-805692402\">\n\n\t<div id=\"col-346716658\" class=\"col medium-3 small-6 large-3\"  >\n\t\t\t\t<div class=\"col-inner\"  >\n\t\t\t\n\t<div class=\"is-border\"\n\t\tstyle=\"border-color:rgb(0, 0, 0);border-width:0px 1px 0px 0px;\">\n\t<\/div>\n\t\t\t\n\t<div id=\"text-1107761586\" class=\"text\">\n\t\t\n<p><span class=\"count-up active\" style=\"font-size: 4.5em;\">16<\/span><\/p>\n<p>\u00a0<\/p>\n<p>Business awards<\/p>\n\t\t\n<style>\n#text-1107761586 {\n  line-height: 0.75;\n  text-align: center;\n}\n<\/style>\n\t<\/div>\n\t\n\t\t<\/div>\n\t\t\t\t\t<\/div>\n\n\t\n\n\t<div id=\"col-292702547\" class=\"col medium-3 small-6 large-3\"  >\n\t\t\t\t<div class=\"col-inner\"  >\n\t\t\t\n\t<div class=\"is-border\"\n\t\tstyle=\"border-color:rgb(0, 0, 0);border-width:0px 1px 0px 0px;\">\n\t<\/div>\n\t\t\t\n\t<div id=\"text-4151094248\" class=\"text\">\n\t\t\n<p><span class=\"count-up active\" style=\"font-size: 4.5em;\">890<\/span><\/p>\n<p>\u00a0<\/p>\n<p>Team members<\/p>\n\t\t\n<style>\n#text-4151094248 {\n  line-height: 0.75;\n  text-align: center;\n}\n<\/style>\n\t<\/div>\n\t\n\t\t<\/div>\n\t\t\t\t\t<\/div>\n\n\t\n\n\t<div id=\"col-816827675\" class=\"col medium-3 small-6 large-3\"  >\n\t\t\t\t<div class=\"col-inner\"  >\n\t\t\t\n\t<div class=\"is-border\"\n\t\tstyle=\"border-color:rgb(0, 0, 0);border-width:0px 1px 0px 0px;\">\n\t<\/div>\n\t\t\t\n\t<div id=\"text-812183798\" class=\"text\">\n\t\t\n<p><span class=\"count-up active\" style=\"font-size: 4.5em;\">64<\/span><\/p>\n<p>\u00a0<\/p>\n<p>Locations worldwide<\/p>\n\t\t\n<style>\n#text-812183798 {\n  line-height: 0.75;\n  text-align: center;\n}\n<\/style>\n\t<\/div>\n\t\n\t\t<\/div>\n\t\t\t\t\t<\/div>\n\n\t\n\n\t<div id=\"col-1687661704\" class=\"col medium-3 small-6 large-3\"  >\n\t\t\t\t<div class=\"col-inner\"  >\n\t\t\t\n\t\t\t\n\t<div id=\"text-2297157683\" class=\"text\">\n\t\t\n<p><span class=\"count-up active\" style=\"font-size: 4.5em;\">45<\/span><\/p>\n<p>\u00a0<\/p>\n<p>Business awards<\/p>\n\t\t\n<style>\n#text-2297157683 {\n  line-height: 0.75;\n  text-align: center;\n}\n<\/style>\n\t<\/div>\n\t\n\t\t<\/div>\n\t\t\t\t\t<\/div>\n\n\t\n<\/div>\n\t\t<\/div>\n\n\t\t\n<style>\n#section_1109958022 {\n  padding-top: 30px;\n  padding-bottom: 30px;\n}\n<\/style>\n\t<\/section>\n\t\n","protected":false},"excerpt":{"rendered":"","protected":false},"author":1,"featured_media":0,"parent":0,"menu_order":0,"comment_status":"closed","ping_status":"closed","template":"page-blank.php","meta":{"footnotes":""},"class_list":["post-277","page","type-page","status-publish","hentry"],"acf":[],"_links":{"self":[{"href":"https:\/\/store.k-tech-services.com\/wp-batdongsan\/wp-json\/wp\/v2\/pages\/277","targetHints":{"allow":["GET"]}}],"collection":[{"href":"https:\/\/store.k-tech-services.com\/wp-batdongsan\/wp-json\/wp\/v2\/pages"}],"about":[{"href":"https:\/\/store.k-tech-services.com\/wp-batdongsan\/wp-json\/wp\/v2\/types\/page"}],"author":[{"embeddable":true,"href":"https:\/\/store.k-tech-services.com\/wp-batdongsan\/wp-json\/wp\/v2\/users\/1"}],"replies":[{"embeddable":true,"href":"https:\/\/store.k-tech-services.com\/wp-batdongsan\/wp-json\/wp\/v2\/comments?post=277"}],"version-history":[{"count":16,"href":"https:\/\/store.k-tech-services.com\/wp-batdongsan\/wp-json\/wp\/v2\/pages\/277\/revisions"}],"predecessor-version":[{"id":319,"href":"https:\/\/store.k-tech-services.com\/wp-batdongsan\/wp-json\/wp\/v2\/pages\/277\/revisions\/319"}],"wp:attachment":[{"href":"https:\/\/store.k-tech-services.com\/wp-batdongsan\/wp-json\/wp\/v2\/media?parent=277"}],"curies":[{"name":"wp","href":"https:\/\/api.w.org\/{rel}","templated":true}]}}