{"id":43,"date":"2024-03-20T06:21:34","date_gmt":"2024-03-20T06:21:34","guid":{"rendered":"https:\/\/demo.k-tech.net.vn\/xuancong\/?page_id=43"},"modified":"2024-04-05T10:30:07","modified_gmt":"2024-04-05T10:30:07","slug":"du-an-mien-trung","status":"publish","type":"page","link":"https:\/\/store.k-tech-services.com\/bds\/du-an-mien-trung\/","title":{"rendered":"D\u1ef0 \u00c1N MI\u1ec0N TRUNG"},"content":{"rendered":"\t<section class=\"section\" id=\"section_463609203\">\n\t\t<div class=\"bg section-bg fill bg-fill  bg-loaded\" >\n\n\t\t\t\n\t\t\t\n\t\t\t\n\n\t\t<\/div>\n\n\t\t\n\n\t\t<div class=\"section-content relative\">\n\t\t\t\n<div class=\"row\"  id=\"row-46604277\">\n\n\t<div id=\"col-1079535168\" class=\"col small-12 large-12\"  >\n\t\t\t\t<div class=\"col-inner\"  >\n\t\t\t\n\t\t\t\n\n  \n    <div class=\"row large-columns-3 medium-columns-1 small-columns-1 row-small has-shadow row-box-shadow-3\" >\n  <div class=\"col post-item\" >\n\t\t\t<div class=\"col-inner\">\n\t\t\t\t<div class=\"box box-normal box-text-bottom box-blog-post has-hover\">\n            \t\t\t\t\t<div class=\"box-image\" >\n  \t\t\t\t\t\t<div class=\"image-cover\" style=\"padding-top:56.25%;\">\n\t\t\t\t\t\t\t<a href=\"https:\/\/store.k-tech-services.com\/bds\/du-an-dat-nen-lago-centro\/\" class=\"plain\" aria-label=\"D\u1ef1 \u00c1n \u0110\u1ea5t N\u1ec1n Lago Centro\">\n\t\t\t\t\t\t\t\t<img loading=\"lazy\" decoding=\"async\" width=\"300\" height=\"169\" src=\"https:\/\/store.k-tech-services.com\/bds\/wp-content\/uploads\/2024\/03\/du-an-lago-centro-2-300x169.jpg\" class=\"attachment-medium size-medium wp-post-image\" alt=\"\" srcset=\"https:\/\/store.k-tech-services.com\/bds\/wp-content\/uploads\/2024\/03\/du-an-lago-centro-2-300x169.jpg 300w, https:\/\/store.k-tech-services.com\/bds\/wp-content\/uploads\/2024\/03\/du-an-lago-centro-2-1024x576.jpg 1024w, https:\/\/store.k-tech-services.com\/bds\/wp-content\/uploads\/2024\/03\/du-an-lago-centro-2-768x432.jpg 768w, https:\/\/store.k-tech-services.com\/bds\/wp-content\/uploads\/2024\/03\/du-an-lago-centro-2-24x14.jpg 24w, https:\/\/store.k-tech-services.com\/bds\/wp-content\/uploads\/2024\/03\/du-an-lago-centro-2-36x20.jpg 36w, https:\/\/store.k-tech-services.com\/bds\/wp-content\/uploads\/2024\/03\/du-an-lago-centro-2-48x27.jpg 48w, https:\/\/store.k-tech-services.com\/bds\/wp-content\/uploads\/2024\/03\/du-an-lago-centro-2-600x338.jpg 600w, https:\/\/store.k-tech-services.com\/bds\/wp-content\/uploads\/2024\/03\/du-an-lago-centro-2.jpg 1200w\" sizes=\"auto, (max-width: 300px) 100vw, 300px\" \/>\t\t\t\t\t\t\t<\/a>\n  \t\t\t\t\t\t\t  \t\t\t\t\t\t\t  \t\t\t\t\t\t<\/div>\n  \t\t\t\t\t\t  \t\t\t\t\t<\/div>\n          \t\t\t\t\t<div class=\"box-text text-center\" >\n\t\t\t\t\t<div class=\"box-text-inner blog-post-inner\">\n\n\t\t\t\t\t\n\t\t\t\t\t\t\t\t\t\t<h5 class=\"post-title is-large \">\n\t\t\t\t\t\t<a href=\"https:\/\/store.k-tech-services.com\/bds\/du-an-dat-nen-lago-centro\/\" class=\"plain\">D\u1ef1 \u00c1n \u0110\u1ea5t N\u1ec1n Lago Centro<\/a>\n\t\t\t\t\t<\/h5>\n\t\t\t\t\t\t\t\t\t\t<div class=\"is-divider\"><\/div>\n\t\t\t\t\t\t\n\t\t\t\t\t\t<div class=\"info-duan-nam\">\n\t\t\t\t\t\t \t\n\t\t\t\t\t\t<br>\n\t\t\t\t\t\t\t\n\t\t\t\t\t\t<\/div>\n\t\t\t\t\t\t\n\t\t\t\t\t<div class=\"info-duan\">\n\t\t\t\t\t\t V\u1ecb tr\u00ed: T\u1ec9nh l\u1ed9 830, B\u1ebfn L\u1ee9c, Long An\t\n\t\t\t\t\t\t<br>\n\t\t\t\t\t\tGi\u00e1 b\u00e1n: 18 tri\u1ec7u \/ m2\t\n\t\t\t\t\t\n\t\t\t\t\t\t\t\n\t\t\t\t\t\t<br>\n\t\t\t\t\t\t\t\n\t\t\t\t\t\t\n\t\t\t\t\t<\/div>\n\t\t\t\t\t\t\n\t\t\t\t\t\t\n\t\t\t\t\t                    \n\t\t\t\t\t\n\t\t\t\t\t\n\t\t\t\t\t<\/div>\n\t\t\t\t\t<\/div>\n\t\t\t\t\t\t\t\t\t<\/div>\n\t\t\t<\/div>\n\t\t<\/div><div class=\"col post-item\" >\n\t\t\t<div class=\"col-inner\">\n\t\t\t\t<div class=\"box box-normal box-text-bottom box-blog-post has-hover\">\n            \t\t\t\t\t<div class=\"box-image\" >\n  \t\t\t\t\t\t<div class=\"image-cover\" style=\"padding-top:56.25%;\">\n\t\t\t\t\t\t\t<a href=\"https:\/\/store.k-tech-services.com\/bds\/du-an-novaworld-phan-thiet\/\" class=\"plain\" aria-label=\"D\u1ef1 \u00c1n Novaworld Phan Thi\u1ebft\">\n\t\t\t\t\t\t\t\t<img loading=\"lazy\" decoding=\"async\" width=\"300\" height=\"169\" src=\"https:\/\/store.k-tech-services.com\/bds\/wp-content\/uploads\/2024\/03\/du-an-novaworld-phan-thiet-300x169.jpg\" class=\"attachment-medium size-medium wp-post-image\" alt=\"\" srcset=\"https:\/\/store.k-tech-services.com\/bds\/wp-content\/uploads\/2024\/03\/du-an-novaworld-phan-thiet-300x169.jpg 300w, https:\/\/store.k-tech-services.com\/bds\/wp-content\/uploads\/2024\/03\/du-an-novaworld-phan-thiet-1024x576.jpg 1024w, https:\/\/store.k-tech-services.com\/bds\/wp-content\/uploads\/2024\/03\/du-an-novaworld-phan-thiet-768x432.jpg 768w, https:\/\/store.k-tech-services.com\/bds\/wp-content\/uploads\/2024\/03\/du-an-novaworld-phan-thiet-24x14.jpg 24w, https:\/\/store.k-tech-services.com\/bds\/wp-content\/uploads\/2024\/03\/du-an-novaworld-phan-thiet-36x20.jpg 36w, https:\/\/store.k-tech-services.com\/bds\/wp-content\/uploads\/2024\/03\/du-an-novaworld-phan-thiet-48x27.jpg 48w, https:\/\/store.k-tech-services.com\/bds\/wp-content\/uploads\/2024\/03\/du-an-novaworld-phan-thiet-600x338.jpg 600w, https:\/\/store.k-tech-services.com\/bds\/wp-content\/uploads\/2024\/03\/du-an-novaworld-phan-thiet.jpg 1200w\" sizes=\"auto, (max-width: 300px) 100vw, 300px\" \/>\t\t\t\t\t\t\t<\/a>\n  \t\t\t\t\t\t\t  \t\t\t\t\t\t\t  \t\t\t\t\t\t<\/div>\n  \t\t\t\t\t\t  \t\t\t\t\t<\/div>\n          \t\t\t\t\t<div class=\"box-text text-center\" >\n\t\t\t\t\t<div class=\"box-text-inner blog-post-inner\">\n\n\t\t\t\t\t\n\t\t\t\t\t\t\t\t\t\t<h5 class=\"post-title is-large \">\n\t\t\t\t\t\t<a href=\"https:\/\/store.k-tech-services.com\/bds\/du-an-novaworld-phan-thiet\/\" class=\"plain\">D\u1ef1 \u00c1n Novaworld Phan Thi\u1ebft<\/a>\n\t\t\t\t\t<\/h5>\n\t\t\t\t\t\t\t\t\t\t<div class=\"is-divider\"><\/div>\n\t\t\t\t\t\t\n\t\t\t\t\t\t<div class=\"info-duan-nam\">\n\t\t\t\t\t\t ? V\u1ecb Tr\u00ed\t\n\t\t\t\t\t\t<br>\n\t\t\t\t\t\t\t\n\t\t\t\t\t\t<\/div>\n\t\t\t\t\t\t\n\t\t\t\t\t<div class=\"info-duan\">\n\t\t\t\t\t\tV\u1ecb tr\u00ed: Ti\u1ebfn Th\u00e0nh, Phan Thi\u1ebft, B\u00ecnh Thu\u1eadn\t\n\t\t\t\t\t\t<br>\n\t\t\t\t\t\tGi\u00e1 b\u00e1n: 8 t\u1ef7 \/ c\u0103n\t\n\t\t\t\t\t\n\t\t\t\t\t\t\t\n\t\t\t\t\t\t<br>\n\t\t\t\t\t\t\t\n\t\t\t\t\t\t\n\t\t\t\t\t<\/div>\n\t\t\t\t\t\t\n\t\t\t\t\t\t\n\t\t\t\t\t                    \n\t\t\t\t\t\n\t\t\t\t\t\n\t\t\t\t\t<\/div>\n\t\t\t\t\t<\/div>\n\t\t\t\t\t\t\t\t\t<\/div>\n\t\t\t<\/div>\n\t\t<\/div><div class=\"col post-item\" >\n\t\t\t<div class=\"col-inner\">\n\t\t\t\t<div class=\"box box-normal box-text-bottom box-blog-post has-hover\">\n            \t\t\t\t\t<div class=\"box-image\" >\n  \t\t\t\t\t\t<div class=\"image-cover\" style=\"padding-top:56.25%;\">\n\t\t\t\t\t\t\t<a href=\"https:\/\/store.k-tech-services.com\/bds\/can-ho-felicia-oceanview-da-nang\/\" class=\"plain\" aria-label=\"C\u0103n H\u1ed9 Felicia Oceanview \u0110\u00e0 N\u1eb5ng\">\n\t\t\t\t\t\t\t\t<img loading=\"lazy\" decoding=\"async\" width=\"300\" height=\"169\" src=\"https:\/\/store.k-tech-services.com\/bds\/wp-content\/uploads\/2024\/03\/felicia-oceanview-da-nang-1-300x169.jpg\" class=\"attachment-medium size-medium wp-post-image\" alt=\"\" srcset=\"https:\/\/store.k-tech-services.com\/bds\/wp-content\/uploads\/2024\/03\/felicia-oceanview-da-nang-1-300x169.jpg 300w, https:\/\/store.k-tech-services.com\/bds\/wp-content\/uploads\/2024\/03\/felicia-oceanview-da-nang-1-1024x576.jpg 1024w, https:\/\/store.k-tech-services.com\/bds\/wp-content\/uploads\/2024\/03\/felicia-oceanview-da-nang-1-768x432.jpg 768w, https:\/\/store.k-tech-services.com\/bds\/wp-content\/uploads\/2024\/03\/felicia-oceanview-da-nang-1-24x14.jpg 24w, https:\/\/store.k-tech-services.com\/bds\/wp-content\/uploads\/2024\/03\/felicia-oceanview-da-nang-1-36x20.jpg 36w, https:\/\/store.k-tech-services.com\/bds\/wp-content\/uploads\/2024\/03\/felicia-oceanview-da-nang-1-48x27.jpg 48w, https:\/\/store.k-tech-services.com\/bds\/wp-content\/uploads\/2024\/03\/felicia-oceanview-da-nang-1-600x338.jpg 600w, https:\/\/store.k-tech-services.com\/bds\/wp-content\/uploads\/2024\/03\/felicia-oceanview-da-nang-1.jpg 1200w\" sizes=\"auto, (max-width: 300px) 100vw, 300px\" \/>\t\t\t\t\t\t\t<\/a>\n  \t\t\t\t\t\t\t  \t\t\t\t\t\t\t  \t\t\t\t\t\t<\/div>\n  \t\t\t\t\t\t  \t\t\t\t\t<\/div>\n          \t\t\t\t\t<div class=\"box-text text-center\" >\n\t\t\t\t\t<div class=\"box-text-inner blog-post-inner\">\n\n\t\t\t\t\t\n\t\t\t\t\t\t\t\t\t\t<h5 class=\"post-title is-large \">\n\t\t\t\t\t\t<a href=\"https:\/\/store.k-tech-services.com\/bds\/can-ho-felicia-oceanview-da-nang\/\" class=\"plain\">C\u0103n H\u1ed9 Felicia Oceanview \u0110\u00e0 N\u1eb5ng<\/a>\n\t\t\t\t\t<\/h5>\n\t\t\t\t\t\t\t\t\t\t<div class=\"is-divider\"><\/div>\n\t\t\t\t\t\t\n\t\t\t\t\t\t<div class=\"info-duan-nam\">\n\t\t\t\t\t\t \t\n\t\t\t\t\t\t<br>\n\t\t\t\t\t\t\t\n\t\t\t\t\t\t<\/div>\n\t\t\t\t\t\t\n\t\t\t\t\t<div class=\"info-duan\">\n\t\t\t\t\t\tV\u1ecb tr\u00ed: V\u00f5 Nguy\u00ean Gi\u00e1p, \u0110\u00e0 N\u1eb5ng\t\n\t\t\t\t\t\t<br>\n\t\t\t\t\t\tGi\u00e1 b\u00e1n: 65 tri\u1ec7u \/ m2\t\n\t\t\t\t\t\n\t\t\t\t\t\t\t\n\t\t\t\t\t\t<br>\n\t\t\t\t\t\t\t\n\t\t\t\t\t\t\n\t\t\t\t\t<\/div>\n\t\t\t\t\t\t\n\t\t\t\t\t\t\n\t\t\t\t\t                    \n\t\t\t\t\t\n\t\t\t\t\t\n\t\t\t\t\t<\/div>\n\t\t\t\t\t<\/div>\n\t\t\t\t\t\t\t\t\t<\/div>\n\t\t\t<\/div>\n\t\t<\/div><div class=\"col post-item\" >\n\t\t\t<div class=\"col-inner\">\n\t\t\t\t<div class=\"box box-normal box-text-bottom box-blog-post has-hover\">\n            \t\t\t\t\t<div class=\"box-image\" >\n  \t\t\t\t\t\t<div class=\"image-cover\" style=\"padding-top:56.25%;\">\n\t\t\t\t\t\t\t<a href=\"https:\/\/store.k-tech-services.com\/bds\/cam-ranh-bay-hotel-resort\/\" class=\"plain\" aria-label=\"Cam Ranh Bay Hotel &#038; Resort\">\n\t\t\t\t\t\t\t\t<img loading=\"lazy\" decoding=\"async\" width=\"300\" height=\"169\" src=\"https:\/\/store.k-tech-services.com\/bds\/wp-content\/uploads\/2024\/03\/cam-ranh-bay-resort-spa-300x169.jpg\" class=\"attachment-medium size-medium wp-post-image\" alt=\"\" srcset=\"https:\/\/store.k-tech-services.com\/bds\/wp-content\/uploads\/2024\/03\/cam-ranh-bay-resort-spa-300x169.jpg 300w, https:\/\/store.k-tech-services.com\/bds\/wp-content\/uploads\/2024\/03\/cam-ranh-bay-resort-spa-1024x576.jpg 1024w, https:\/\/store.k-tech-services.com\/bds\/wp-content\/uploads\/2024\/03\/cam-ranh-bay-resort-spa-768x432.jpg 768w, https:\/\/store.k-tech-services.com\/bds\/wp-content\/uploads\/2024\/03\/cam-ranh-bay-resort-spa-24x14.jpg 24w, https:\/\/store.k-tech-services.com\/bds\/wp-content\/uploads\/2024\/03\/cam-ranh-bay-resort-spa-36x20.jpg 36w, https:\/\/store.k-tech-services.com\/bds\/wp-content\/uploads\/2024\/03\/cam-ranh-bay-resort-spa-48x27.jpg 48w, https:\/\/store.k-tech-services.com\/bds\/wp-content\/uploads\/2024\/03\/cam-ranh-bay-resort-spa-600x338.jpg 600w, https:\/\/store.k-tech-services.com\/bds\/wp-content\/uploads\/2024\/03\/cam-ranh-bay-resort-spa.jpg 1200w\" sizes=\"auto, (max-width: 300px) 100vw, 300px\" \/>\t\t\t\t\t\t\t<\/a>\n  \t\t\t\t\t\t\t  \t\t\t\t\t\t\t  \t\t\t\t\t\t<\/div>\n  \t\t\t\t\t\t  \t\t\t\t\t<\/div>\n          \t\t\t\t\t<div class=\"box-text text-center\" >\n\t\t\t\t\t<div class=\"box-text-inner blog-post-inner\">\n\n\t\t\t\t\t\n\t\t\t\t\t\t\t\t\t\t<h5 class=\"post-title is-large \">\n\t\t\t\t\t\t<a href=\"https:\/\/store.k-tech-services.com\/bds\/cam-ranh-bay-hotel-resort\/\" class=\"plain\">Cam Ranh Bay Hotel &#038; Resort<\/a>\n\t\t\t\t\t<\/h5>\n\t\t\t\t\t\t\t\t\t\t<div class=\"is-divider\"><\/div>\n\t\t\t\t\t\t\n\t\t\t\t\t\t<div class=\"info-duan-nam\">\n\t\t\t\t\t\t \t\n\t\t\t\t\t\t<br>\n\t\t\t\t\t\t\t\n\t\t\t\t\t\t<\/div>\n\t\t\t\t\t\t\n\t\t\t\t\t<div class=\"info-duan\">\n\t\t\t\t\t\t218 V\u00f5 V\u0103n Ng\u00e2n, P. B\u00ecnh Th\u1ecd, Tp. B\u00ecnh D\u01b0\u01a1ng\t\n\t\t\t\t\t\t<br>\n\t\t\t\t\t\tGi\u00e1 b\u00e1n: t\u1eeb 11 t\u1ef7 \/ c\u0103n nh\u00e0\t\n\t\t\t\t\t\n\t\t\t\t\t\t\t\n\t\t\t\t\t\t<br>\n\t\t\t\t\t\t\t\n\t\t\t\t\t\t\n\t\t\t\t\t<\/div>\n\t\t\t\t\t\t\n\t\t\t\t\t\t\n\t\t\t\t\t                    \n\t\t\t\t\t\n\t\t\t\t\t\n\t\t\t\t\t<\/div>\n\t\t\t\t\t<\/div>\n\t\t\t\t\t\t\t\t\t<\/div>\n\t\t\t<\/div>\n\t\t<\/div><div class=\"col post-item\" >\n\t\t\t<div class=\"col-inner\">\n\t\t\t\t<div class=\"box box-normal box-text-bottom box-blog-post has-hover\">\n            \t\t\t\t\t<div class=\"box-image\" >\n  \t\t\t\t\t\t<div class=\"image-cover\" style=\"padding-top:56.25%;\">\n\t\t\t\t\t\t\t<a href=\"https:\/\/store.k-tech-services.com\/bds\/can-ho-king-crown-infinity-thu-duc\/\" class=\"plain\" aria-label=\"C\u0103n H\u1ed9 King Crown Infinity Th\u1ee7 \u0110\u1ee9c\">\n\t\t\t\t\t\t\t\t<img loading=\"lazy\" decoding=\"async\" width=\"300\" height=\"169\" src=\"https:\/\/store.k-tech-services.com\/bds\/wp-content\/uploads\/2024\/03\/can-ho-king-crown-infinity-300x169.jpg\" class=\"attachment-medium size-medium wp-post-image\" alt=\"\" srcset=\"https:\/\/store.k-tech-services.com\/bds\/wp-content\/uploads\/2024\/03\/can-ho-king-crown-infinity-300x169.jpg 300w, https:\/\/store.k-tech-services.com\/bds\/wp-content\/uploads\/2024\/03\/can-ho-king-crown-infinity-1024x576.jpg 1024w, https:\/\/store.k-tech-services.com\/bds\/wp-content\/uploads\/2024\/03\/can-ho-king-crown-infinity-768x432.jpg 768w, https:\/\/store.k-tech-services.com\/bds\/wp-content\/uploads\/2024\/03\/can-ho-king-crown-infinity-24x14.jpg 24w, https:\/\/store.k-tech-services.com\/bds\/wp-content\/uploads\/2024\/03\/can-ho-king-crown-infinity-36x20.jpg 36w, https:\/\/store.k-tech-services.com\/bds\/wp-content\/uploads\/2024\/03\/can-ho-king-crown-infinity-48x27.jpg 48w, https:\/\/store.k-tech-services.com\/bds\/wp-content\/uploads\/2024\/03\/can-ho-king-crown-infinity-600x338.jpg 600w, https:\/\/store.k-tech-services.com\/bds\/wp-content\/uploads\/2024\/03\/can-ho-king-crown-infinity.jpg 1200w\" sizes=\"auto, (max-width: 300px) 100vw, 300px\" \/>\t\t\t\t\t\t\t<\/a>\n  \t\t\t\t\t\t\t  \t\t\t\t\t\t\t  \t\t\t\t\t\t<\/div>\n  \t\t\t\t\t\t  \t\t\t\t\t<\/div>\n          \t\t\t\t\t<div class=\"box-text text-center\" >\n\t\t\t\t\t<div class=\"box-text-inner blog-post-inner\">\n\n\t\t\t\t\t\n\t\t\t\t\t\t\t\t\t\t<h5 class=\"post-title is-large \">\n\t\t\t\t\t\t<a href=\"https:\/\/store.k-tech-services.com\/bds\/can-ho-king-crown-infinity-thu-duc\/\" class=\"plain\">C\u0103n H\u1ed9 King Crown Infinity Th\u1ee7 \u0110\u1ee9c<\/a>\n\t\t\t\t\t<\/h5>\n\t\t\t\t\t\t\t\t\t\t<div class=\"is-divider\"><\/div>\n\t\t\t\t\t\t\n\t\t\t\t\t\t<div class=\"info-duan-nam\">\n\t\t\t\t\t\t \t\n\t\t\t\t\t\t<br>\n\t\t\t\t\t\t\t\n\t\t\t\t\t\t<\/div>\n\t\t\t\t\t\t\n\t\t\t\t\t<div class=\"info-duan\">\n\t\t\t\t\t\t218 V\u00f5 V\u0103n Ng\u00e2n, P. B\u00ecnh Th\u1ecd, Tp. H\u1ed3 Ch\u00ed Minh\t\n\t\t\t\t\t\t<br>\n\t\t\t\t\t\tGi\u00e1 b\u00e1n: t\u1eeb 23 t\u1ef7 \/ c\u0103n nh\u00e0\t\n\t\t\t\t\t\n\t\t\t\t\t\t\t\n\t\t\t\t\t\t<br>\n\t\t\t\t\t\t\t\n\t\t\t\t\t\t\n\t\t\t\t\t<\/div>\n\t\t\t\t\t\t\n\t\t\t\t\t\t\n\t\t\t\t\t                    \n\t\t\t\t\t\n\t\t\t\t\t\n\t\t\t\t\t<\/div>\n\t\t\t\t\t<\/div>\n\t\t\t\t\t\t\t\t\t<\/div>\n\t\t\t<\/div>\n\t\t<\/div><div class=\"col post-item\" >\n\t\t\t<div class=\"col-inner\">\n\t\t\t\t<div class=\"box box-normal box-text-bottom box-blog-post has-hover\">\n            \t\t\t\t\t<div class=\"box-image\" >\n  \t\t\t\t\t\t<div class=\"image-cover\" style=\"padding-top:56.25%;\">\n\t\t\t\t\t\t\t<a href=\"https:\/\/store.k-tech-services.com\/bds\/du-an-the-pearl-riverside-long-an\/\" class=\"plain\" aria-label=\"D\u1ef1 \u00c1n The Pearl Riverside Long An\">\n\t\t\t\t\t\t\t\t<img loading=\"lazy\" decoding=\"async\" width=\"300\" height=\"169\" src=\"https:\/\/store.k-tech-services.com\/bds\/wp-content\/uploads\/2024\/03\/du-an-the-pearl-riverside-300x169.jpg\" class=\"attachment-medium size-medium wp-post-image\" alt=\"\" srcset=\"https:\/\/store.k-tech-services.com\/bds\/wp-content\/uploads\/2024\/03\/du-an-the-pearl-riverside-300x169.jpg 300w, https:\/\/store.k-tech-services.com\/bds\/wp-content\/uploads\/2024\/03\/du-an-the-pearl-riverside-1024x576.jpg 1024w, https:\/\/store.k-tech-services.com\/bds\/wp-content\/uploads\/2024\/03\/du-an-the-pearl-riverside-768x432.jpg 768w, https:\/\/store.k-tech-services.com\/bds\/wp-content\/uploads\/2024\/03\/du-an-the-pearl-riverside-24x14.jpg 24w, https:\/\/store.k-tech-services.com\/bds\/wp-content\/uploads\/2024\/03\/du-an-the-pearl-riverside-36x20.jpg 36w, https:\/\/store.k-tech-services.com\/bds\/wp-content\/uploads\/2024\/03\/du-an-the-pearl-riverside-48x27.jpg 48w, https:\/\/store.k-tech-services.com\/bds\/wp-content\/uploads\/2024\/03\/du-an-the-pearl-riverside-600x338.jpg 600w, https:\/\/store.k-tech-services.com\/bds\/wp-content\/uploads\/2024\/03\/du-an-the-pearl-riverside.jpg 1200w\" sizes=\"auto, (max-width: 300px) 100vw, 300px\" \/>\t\t\t\t\t\t\t<\/a>\n  \t\t\t\t\t\t\t  \t\t\t\t\t\t\t  \t\t\t\t\t\t<\/div>\n  \t\t\t\t\t\t  \t\t\t\t\t<\/div>\n          \t\t\t\t\t<div class=\"box-text text-center\" >\n\t\t\t\t\t<div class=\"box-text-inner blog-post-inner\">\n\n\t\t\t\t\t\n\t\t\t\t\t\t\t\t\t\t<h5 class=\"post-title is-large \">\n\t\t\t\t\t\t<a href=\"https:\/\/store.k-tech-services.com\/bds\/du-an-the-pearl-riverside-long-an\/\" class=\"plain\">D\u1ef1 \u00c1n The Pearl Riverside Long An<\/a>\n\t\t\t\t\t<\/h5>\n\t\t\t\t\t\t\t\t\t\t<div class=\"is-divider\"><\/div>\n\t\t\t\t\t\t\n\t\t\t\t\t\t<div class=\"info-duan-nam\">\n\t\t\t\t\t\t \t\n\t\t\t\t\t\t<br>\n\t\t\t\t\t\t\t\n\t\t\t\t\t\t<\/div>\n\t\t\t\t\t\t\n\t\t\t\t\t<div class=\"info-duan\">\n\t\t\t\t\t\t218 V\u00f5 V\u0103n Ng\u00e2n, P. B\u00ecnh Th\u1ecd, Tp. Th\u1ee7 \u0110\u1ee9c\t\n\t\t\t\t\t\t<br>\n\t\t\t\t\t\tGi\u00e1 b\u00e1n: t\u1eeb 11 t\u1ef7 \/ c\u0103n\t\n\t\t\t\t\t\n\t\t\t\t\t\t\t\n\t\t\t\t\t\t<br>\n\t\t\t\t\t\t\t\n\t\t\t\t\t\t\n\t\t\t\t\t<\/div>\n\t\t\t\t\t\t\n\t\t\t\t\t\t\n\t\t\t\t\t                    \n\t\t\t\t\t\n\t\t\t\t\t\n\t\t\t\t\t<\/div>\n\t\t\t\t\t<\/div>\n\t\t\t\t\t\t\t\t\t<\/div>\n\t\t\t<\/div>\n\t\t<\/div><div class=\"col post-item\" >\n\t\t\t<div class=\"col-inner\">\n\t\t\t\t<div class=\"box box-normal box-text-bottom box-blog-post has-hover\">\n            \t\t\t\t\t<div class=\"box-image\" >\n  \t\t\t\t\t\t<div class=\"image-cover\" style=\"padding-top:56.25%;\">\n\t\t\t\t\t\t\t<a href=\"https:\/\/store.k-tech-services.com\/bds\/du-an-novaword-phanthiet\/\" class=\"plain\" aria-label=\"D\u1ef1 \u00c1n Novaworld Phan Thi\u1ebft\">\n\t\t\t\t\t\t\t\t<img loading=\"lazy\" decoding=\"async\" width=\"300\" height=\"169\" src=\"https:\/\/store.k-tech-services.com\/bds\/wp-content\/uploads\/2024\/03\/5-300x169.jpg\" class=\"attachment-medium size-medium wp-post-image\" alt=\"\" srcset=\"https:\/\/store.k-tech-services.com\/bds\/wp-content\/uploads\/2024\/03\/5-300x169.jpg 300w, https:\/\/store.k-tech-services.com\/bds\/wp-content\/uploads\/2024\/03\/5-24x14.jpg 24w, https:\/\/store.k-tech-services.com\/bds\/wp-content\/uploads\/2024\/03\/5-36x20.jpg 36w, https:\/\/store.k-tech-services.com\/bds\/wp-content\/uploads\/2024\/03\/5-48x27.jpg 48w, https:\/\/store.k-tech-services.com\/bds\/wp-content\/uploads\/2024\/03\/5.jpg 390w\" sizes=\"auto, (max-width: 300px) 100vw, 300px\" \/>\t\t\t\t\t\t\t<\/a>\n  \t\t\t\t\t\t\t  \t\t\t\t\t\t\t  \t\t\t\t\t\t<\/div>\n  \t\t\t\t\t\t  \t\t\t\t\t<\/div>\n          \t\t\t\t\t<div class=\"box-text text-center\" >\n\t\t\t\t\t<div class=\"box-text-inner blog-post-inner\">\n\n\t\t\t\t\t\n\t\t\t\t\t\t\t\t\t\t<h5 class=\"post-title is-large \">\n\t\t\t\t\t\t<a href=\"https:\/\/store.k-tech-services.com\/bds\/du-an-novaword-phanthiet\/\" class=\"plain\">D\u1ef1 \u00c1n Novaworld Phan Thi\u1ebft<\/a>\n\t\t\t\t\t<\/h5>\n\t\t\t\t\t\t\t\t\t\t<div class=\"is-divider\"><\/div>\n\t\t\t\t\t\t\n\t\t\t\t\t\t<div class=\"info-duan-nam\">\n\t\t\t\t\t\t \t\n\t\t\t\t\t\t<br>\n\t\t\t\t\t\t\t\n\t\t\t\t\t\t<\/div>\n\t\t\t\t\t\t\n\t\t\t\t\t<div class=\"info-duan\">\n\t\t\t\t\t\t218 V\u00f5 V\u0103n Ng\u00e2n, P. B\u00ecnh Th\u1ecd, Tp. Th\u1ee7 \u0110\u1ee9c\t\n\t\t\t\t\t\t<br>\n\t\t\t\t\t\tGi\u00e1 b\u00e1n: t\u1eeb 6 t\u1ef7 \/ c\u0103n\t\n\t\t\t\t\t\n\t\t\t\t\t\t\t\n\t\t\t\t\t\t<br>\n\t\t\t\t\t\t\t\n\t\t\t\t\t\t\n\t\t\t\t\t<\/div>\n\t\t\t\t\t\t\n\t\t\t\t\t\t\n\t\t\t\t\t                    \n\t\t\t\t\t\n\t\t\t\t\t\n\t\t\t\t\t<\/div>\n\t\t\t\t\t<\/div>\n\t\t\t\t\t\t\t\t\t<\/div>\n\t\t\t<\/div>\n\t\t<\/div><\/div>\n\t\t<\/div>\n\t\t\t\t\t<\/div>\n\n\t\n<\/div>\n\t\t<\/div>\n\n\t\t\n<style>\n#section_463609203 {\n  padding-top: 30px;\n  padding-bottom: 30px;\n}\n<\/style>\n\t<\/section>\n\t\n","protected":false},"excerpt":{"rendered":"","protected":false},"author":1,"featured_media":0,"parent":0,"menu_order":0,"comment_status":"closed","ping_status":"closed","template":"","meta":{"_acf_changed":false,"footnotes":""},"class_list":["post-43","page","type-page","status-publish","hentry"],"acf":[],"_links":{"self":[{"href":"https:\/\/store.k-tech-services.com\/bds\/wp-json\/wp\/v2\/pages\/43","targetHints":{"allow":["GET"]}}],"collection":[{"href":"https:\/\/store.k-tech-services.com\/bds\/wp-json\/wp\/v2\/pages"}],"about":[{"href":"https:\/\/store.k-tech-services.com\/bds\/wp-json\/wp\/v2\/types\/page"}],"author":[{"embeddable":true,"href":"https:\/\/store.k-tech-services.com\/bds\/wp-json\/wp\/v2\/users\/1"}],"replies":[{"embeddable":true,"href":"https:\/\/store.k-tech-services.com\/bds\/wp-json\/wp\/v2\/comments?post=43"}],"version-history":[{"count":5,"href":"https:\/\/store.k-tech-services.com\/bds\/wp-json\/wp\/v2\/pages\/43\/revisions"}],"predecessor-version":[{"id":665,"href":"https:\/\/store.k-tech-services.com\/bds\/wp-json\/wp\/v2\/pages\/43\/revisions\/665"}],"wp:attachment":[{"href":"https:\/\/store.k-tech-services.com\/bds\/wp-json\/wp\/v2\/media?parent=43"}],"curies":[{"name":"wp","href":"https:\/\/api.w.org\/{rel}","templated":true}]}}