{"id":31,"date":"2024-03-20T04:46:12","date_gmt":"2024-03-20T04:46:12","guid":{"rendered":"https:\/\/demo.k-tech.net.vn\/xuancong\/?page_id=31"},"modified":"2024-03-25T09:17:16","modified_gmt":"2024-03-25T09:17:16","slug":"tuyen-dung","status":"publish","type":"page","link":"https:\/\/store.k-tech-services.com\/bds\/tuyen-dung\/","title":{"rendered":"TUY\u1ec2N D\u1ee4NG"},"content":{"rendered":"<div id=\"text-598088238\" class=\"text\">\n<h1><strong>Tuy\u1ec3n d\u1ee5ng v\u00e0 l\u1ee3i \u00edch khi gia nh\u1eadp v\u00e0o ERA Vi\u1ec7t Nam<\/strong><\/h1>\n<\/div>\n<div id=\"row-19908969\" class=\"row\">\n<div id=\"col-1356624329\" class=\"col small-12 large-12\">\n<div class=\"col-inner\">\n<div id=\"text-3294857251\" class=\"text\">\n<p><strong>ERA Vi\u1ec7t Nam\u00a0tuy\u1ec3n d\u1ee5ng nh\u00e2n vi\u00ean, c\u1ed9ng t\u00e1c vi\u00ean, m\u00f4i gi\u1edbi t\u01b0 v\u1ea5n, kinh doanh b\u1ea5t \u0111\u1ed9ng s\u1ea3n l\u00e0 d\u1ef1 \u00e1n, chuy\u1ec3n nh\u01b0\u1ee3ng s\u1ea3n ph\u1ea9m l\u1ebb. V\u1edbi s\u1ed1 l\u01b0\u1ee3ng d\u1ef1 \u00e1n, s\u1ea3n ph\u1ea9m tham gia ph\u00e2n ph\u1ed1i nhi\u1ec1u, \u0111a d\u1ea1ng c\u00f9ng v\u1edbi ch\u00ednh s\u00e1ch ph\u00ed, hoa h\u1ed3ng m\u00f4i gi\u1edbi t\u1ed1t nh\u1ea5t th\u1ecb tr\u01b0\u1eddng. Ch\u1eafc ch\u1eafn t\u1ea1i\u00a0ERA Vietnam\u00a0s\u1ebd l\u00e0 m\u00f4i tr\u01b0\u1eddng thu\u1eadn l\u1ee3i \u0111\u1ec3 c\u00e1c b\u1ea1n Agent ph\u00e1t tri\u1ec3n s\u1ef1 nghi\u1ec7p b\u1ec1n v\u1eefng t\u1ea1i l\u0129nh v\u1ef1c m\u00f4i gi\u1edbi b\u1ea5t \u0111\u1ed9ng s\u1ea3n.<\/strong><\/p>\n<\/div>\n<div id=\"row-1423859208\" class=\"row row-dashed\">\n<div id=\"col-1830516423\" class=\"col medium-4 small-12 large-4\">\n<div class=\"col-inner\"><a class=\"button alert is-shade is-larger box-shadow-4 box-shadow-5-hover ladi-transition\" href=\"http:\/\/zalo.me\/nguyenhuykangreal\" target=\"_self\" rel=\"noopener\">TH\u01af\u01a0NG HI\u1ec6U \u0110\u1eb2NG C\u1ea4P QU\u1ed0C T\u1ebe K\u1ebeT N\u1ed0I TO\u00c0N C\u1ea6U<\/a><\/div>\n<\/div>\n<div id=\"col-1315140511\" class=\"col medium-4 small-12 large-4\">\n<div class=\"col-inner\"><a class=\"button alert is-shade is-larger box-shadow-4 box-shadow-5-hover ladi-transition\" href=\"http:\/\/zalo.me\/nguyenhuykangreal\" target=\"_self\" rel=\"noopener\">M\u00d4I TR\u01af\u1edcNG L\u00c0M VI\u1ec6C CHUY\u00caN NGHI\u1ec6P, N\u0102NG \u0110\u1ed8NG<\/a><\/div>\n<\/div>\n<div id=\"col-1792290039\" class=\"col medium-4 small-12 large-4\">\n<div class=\"col-inner\"><a class=\"button alert is-shade is-larger box-shadow-4 box-shadow-5-hover ladi-transition\" href=\"http:\/\/zalo.me\/nguyenhuykangreal\" target=\"_self\" rel=\"noopener\">THU NH\u1eacP KH\u00d4NG GI\u1edaI H\u1ea0N HOA H\u1ed2NG L\u00caN \u0110\u1ebeN 90%<\/a><\/div>\n<\/div>\n<div id=\"col-1535808233\" class=\"col medium-4 small-12 large-4\">\n<div class=\"col-inner\"><a class=\"button alert is-shade is-larger box-shadow-4 box-shadow-5-hover ladi-transition\" href=\"http:\/\/zalo.me\/nguyenhuykangreal\" target=\"_self\" rel=\"noopener\">C\u00c1C CH\u01af\u01a0NG TR\u00ccNH \u0110\u00c0O T\u1ea0O CHUY\u00caN M\u00d4N \u0110\u1ecaNH K\u1ef2<\/a><\/div>\n<\/div>\n<div id=\"col-1020507847\" class=\"col medium-4 small-12 large-4\">\n<div class=\"col-inner\"><a class=\"button alert is-shade is-larger box-shadow-4 box-shadow-5-hover ladi-transition\" href=\"http:\/\/zalo.me\/nguyenhuykangreal\" target=\"_self\" rel=\"noopener\">PH\u00c2N PH\u1ed0I CH\u00cdNH TH\u1ee8C H\u01a0N 100+ D\u1ef0 \u00c1N S\u01a0 C\u1ea4P &amp; TH\u1ee8 C\u1ea4P<\/a><\/div>\n<\/div>\n<div id=\"col-824343020\" class=\"col medium-4 small-12 large-4\">\n<div class=\"col-inner\"><a class=\"button alert is-shade is-larger box-shadow-4 box-shadow-5-hover ladi-transition\" href=\"http:\/\/zalo.me\/nguyenhuykangreal\" target=\"_self\" rel=\"noopener\">T\u1ef0 DO PH\u00c1T TRI\u1ec2N THEO \u0110\u1ecaNH H\u01af\u1edaNG RI\u00caNG C\u1ee6A B\u1ea0N<\/a><\/div>\n<\/div>\n<\/div>\n<div id=\"row-963182575\" class=\"row\">\n<div id=\"col-663318814\" class=\"col small-12 large-12\">\n<div class=\"col-inner\">\n<div id=\"image_1577920801\" class=\"img has-hover x md-x lg-x y md-y lg-y\">\n<div class=\"img-inner image-zoom image-zoom dark\"><img loading=\"lazy\" decoding=\"async\" class=\"attachment-large size-large\" src=\"https:\/\/kangreal.vn\/wp-content\/uploads\/2023\/08\/Tuyen-dung-agent-ERA.png\" sizes=\"auto, (max-width: 1020px) 100vw, 1020px\" srcset=\"https:\/\/kangreal.vn\/wp-content\/uploads\/2023\/08\/Tuyen-dung-agent-ERA.png 1024w, https:\/\/kangreal.vn\/wp-content\/uploads\/2023\/08\/Tuyen-dung-agent-ERA-768x400.png 768w\" alt=\"\" width=\"1020\" height=\"531\" \/><\/div>\n<\/div>\n<\/div>\n<\/div>\n<\/div>\n<p><a class=\"button alert is-bevel is-large box-shadow-4 box-shadow-5-hover ladi-transition\" href=\"http:\/\/zalo.me\/nguyenhuykangreal\" target=\"_self\" rel=\"noopener\"><i class=\"icon-checkmark\" aria-hidden=\"true\"><\/i>\u00a0QU\u00c9T M\u00c3 QR CODE \u0110\u1ec2 K\u1ebeT N\u1ed0I V\u1edaI CH\u00daNG T\u00d4I NH\u00c9<\/a><\/div>\n<\/div>\n<\/div>\n<div id=\"row-1128908847\" class=\"row\">\n<div id=\"col-102777023\" class=\"col medium-6 small-12 large-6\">\n<div class=\"col-inner\">\n<div id=\"image_757867361\" class=\"img has-hover x md-x lg-x y md-y lg-y\">\n<div data-animate=\"fadeInLeft\" data-animate-transform=\"true\" data-animate-transition=\"true\" data-animated=\"true\">\n<div class=\"img-inner image-zoom image-zoom dark\"><img loading=\"lazy\" decoding=\"async\" class=\"attachment-large size-large\" src=\"https:\/\/kangreal.vn\/wp-content\/uploads\/2022\/09\/Hien-dien-ERA.jpg\" alt=\"\" width=\"640\" height=\"400\" \/><\/div>\n<\/div>\n<\/div>\n<\/div>\n<\/div>\n<div id=\"col-711244923\" class=\"col medium-6 small-12 large-6\">\n<div class=\"col-inner\">\n<div id=\"row-1406169582\" class=\"row\">\n<div id=\"col-1765696535\" class=\"col small-12 large-12\">\n<div class=\"col-inner\">\n<div id=\"text-3201987890\" class=\"text\">\n<h3 class=\"lead\"><strong>ERA Vi\u1ec7t Nam\u00a0<\/strong>l\u00e0 th\u01b0\u01a1ng hi\u1ec7u thu\u1ed9c<strong>\u00a0ERA Real Estate.\u00a0ERA<\/strong>\u00a0th\u01b0\u01a1ng hi\u1ec7u ph\u00e2n ph\u1ed1i b\u1ea5t \u0111\u1ed9ng s\u1ea3n\u00a0uy t\u00edn tr\u00ean th\u1ebf gi\u1edbi \u0111\u1ebfn t\u1eeb\u00a0<strong>M\u1ef9, Singapore<\/strong>\u00a0v\u00e0 c\u00f3 m\u1eb7t h\u01a1n<strong>\u00a034 qu\u1ed1c gia<\/strong>\u00a0tr\u00ean th\u1ebf gi\u1edbi. V\u00e0 l\u00e0 c\u00f4ng ty m\u00f4i gi\u1edbi b\u1ea5t \u0111\u1ed9ng s\u1ea3n l\u1edbn nh\u1ea5t t\u1ea1i\u00a0<strong>ch\u00e2u \u00c1 Th\u00e1i B\u00ecnh D\u01b0\u01a1ng.<\/strong><\/h3>\n<\/div>\n<\/div>\n<\/div>\n<\/div>\n<\/div>\n<\/div>\n<\/div>\n<div id=\"text-2216362122\" class=\"text\">\n<p><strong>B\u1ea5t \u0111\u1ed9ng s\u1ea3n (B\u0110S) kh\u00f4ng ch\u1ec9 \u0111\u01a1n thu\u1ea7n l\u00e0 m\u1ed9t ng\u00f4i nh\u00e0, m\u1ed9t n\u01a1i \u1edf. M\u00e0 n\u00f3 l\u00e0 m\u1ed9t t\u00e0i s\u1ea3n c\u00f3 gi\u00e1 tr\u1ecb l\u1edbn. N\u00f3 c\u0169ng l\u00e0 m\u1ed9t k\u00eanh \u0111\u1ea7u t\u01b0 h\u1ea5p d\u1eabn \u0111\u1ed1i v\u1edbi r\u1ea5t nhi\u1ec1u ng\u01b0\u1eddi v\u00e0 c\u00f3 th\u1ec3 l\u00e0 n\u01a1i tr\u00fa \u1ea9n ti\u1ec1n b\u1ea1c\u2026 N\u00f3 c\u00f3 th\u1ec3 \u0111\u01b0\u1ee3c giao d\u1ecbch nhi\u1ec1u l\u1ea7n t\u1eeb ch\u1ee7 s\u1edf h\u1eefu n\u00e0y \u0111\u1ebfn ch\u1ee7 s\u1edf h\u1eefu kh\u00e1c. Th\u1ecb tr\u01b0\u1eddng b\u1ea5t \u0111\u1ed9ng s\u1ea3n lu\u00f4n lu\u00f4n v\u1eadn \u0111\u1ed9ng. \u0110\u1eb7c bi\u1ec7t n\u00f3 l\u00e0 k\u00eanh \u0111\u1ea7u t\u01b0 h\u00e0ng \u0111\u1ea7u c\u1ee7a c\u00e1c t\u1ef7 ph\u00fa tr\u00ean to\u00e0n th\u1ebf gi\u1edbi v\u00e0 l\u00e0 t\u1eeb kh\u00f3a h\u00e0ng \u0111\u1ea7u trong t\u1ea5t c\u1ea3 c\u00e1c h\u1ea1ng m\u1ee5c \u0111\u1ea7u t\u01b0 \u1edf b\u1ea5t c\u1ee9 \u0111\u00e2u.<\/strong><\/p>\n<p><strong>\u0110\u1ebfn v\u1edbi l\u0129nh v\u1ef1c n\u00e0y \u0111\u1ed3ng ngh\u0129a l\u00e0 b\u1ea1n \u0111\u00e3 d\u1ea5n th\u00e2n v\u00e0o con \u0111\u01b0\u1eddng th\u1eed th\u00e1ch tr\u1edf th\u00e0nh TOP nh\u1eefng ng\u01b0\u1eddi c\u00f3 thu nh\u1eadp cao nh\u1ea5t trong ngh\u1ec1 b\u00e1n h\u00e0ng, B\u1ea0N \u0110\u00c3 S\u1eb4N S\u00c0NG ?<\/strong><\/p>\n<\/div>\n<div id=\"image_1279739117\" class=\"img has-hover x md-x lg-x y md-y lg-y\">\n<div data-animate=\"fadeInLeft\" data-animate-transform=\"true\" data-animate-transition=\"true\" data-animated=\"true\">\n<div class=\"img-inner image-zoom image-zoom dark\"><img loading=\"lazy\" decoding=\"async\" class=\"attachment-large size-large\" src=\"https:\/\/kangreal.vn\/wp-content\/uploads\/2022\/09\/Dola.png\" sizes=\"auto, (max-width: 960px) 100vw, 960px\" srcset=\"https:\/\/kangreal.vn\/wp-content\/uploads\/2022\/09\/Dola.png 960w, https:\/\/kangreal.vn\/wp-content\/uploads\/2022\/09\/Dola-768x402.png 768w\" alt=\"\" width=\"960\" height=\"502\" \/><\/div>\n<\/div>\n<\/div>\n<div id=\"page-header-111879976\" class=\"page-header-wrapper\">\n<div class=\"page-title dark featured-title\">\n<div class=\"page-title-bg\">\n<div class=\"title-bg fill bg-fill parallax-active\" data-parallax-container=\".page-title\" data-parallax-background=\"\" data-parallax=\"-\"><\/div>\n<div class=\"title-overlay fill\"><\/div>\n<\/div>\n<div class=\"page-title-inner container align-center text-center flex-row-col medium-flex-wrap\">\n<div class=\"title-wrapper is-small flex-col\">\n<h1 class=\"entry-title mb-0\">\u21d2 D\u00d9 B\u1ea0N L\u00c0 AI ? \u21d2 D\u00d9 B\u1ea0N \u0110\u1ebeN T\u1eea \u0110\u00c2U ?\u21d2 XU\u1ea4T PH\u00c1T C\u1ee6A B\u1ea0N NH\u01af TH\u1ebe N\u00c0O ?<\/h1>\n<\/div>\n<div class=\"title-content flex-col\">\n<div class=\"title-breadcrumbs pb-half pt-half\"><\/div>\n<\/div>\n<\/div>\n<\/div>\n<\/div>\n<div id=\"text-4180920123\" class=\"text\">\n<h2><strong>Tham gia v\u1edbi\u00a0ERA Vi\u1ec7t Nam\u00a0b\u1ea1n s\u1ebd \u0111\u01b0\u1ee3c nhi\u1ec1u l\u1ee3i \u00edch v\u00e0 quy\u1ec1n l\u1ee3i t\u1ed1t nh\u1ea5t:<\/strong><\/h2>\n<p><strong>1. Ban l\u00e3nh \u0111\u1ea1o l\u00e0 nh\u1eefng ng\u01b0\u1eddi c\u00f3 t\u00e2m, c\u00f3 t\u1ea7m<\/strong><br \/>\n<strong>\u0110\u1ed9i ng\u0169 ban l\u00e3nh \u0111\u1ea1o l\u00e0 nh\u1eefng ng\u01b0\u1eddi \u0111\u01b0\u1ee3c \u0111\u00e0o t\u1ea1o b\u00e0i b\u1ea3n t\u1eeb n\u01b0\u1edbc ngo\u00e0i.<\/strong><\/p>\n<p><strong>2. Th\u01b0\u01a1ng hi\u1ec7u to\u00e0n c\u1ea7u, uy t\u00edn<\/strong><br \/>\n<strong>ERA\u00a0l\u00e0 th\u01b0\u01a1ng hi\u1ec7u ph\u00e2n ph\u1ed1i, m\u00f4i gi\u1edbi b\u1ea5t \u0111\u1ed9ng s\u1ea3n h\u00e0ng \u0111\u1ea7u tr\u00ean th\u1ebf gi\u1edbi ngu\u1ed3n g\u1ed1c t\u1eeb M\u1ef9 ( 1971), s\u1ed1 1 t\u1ea1i Ch\u00e2u \u00c1 Th\u00e1i B\u00ecnh D\u01b0\u01a1ng, Singapore v\u00e0 c\u00f3 m\u1eb7t h\u01a1n 34 n\u01b0\u1edbc tr\u00ean th\u1ebf gi\u1edbi<\/strong><\/p>\n<\/div>\n<div id=\"image_320702055\" class=\"img has-hover x md-x lg-x y md-y lg-y\">\n<div data-animate=\"fadeInLeft\" data-animate-transform=\"true\" data-animate-transition=\"true\" data-animated=\"true\">\n<div class=\"img-inner image-zoom image-zoom dark\"><img loading=\"lazy\" decoding=\"async\" class=\"attachment-large size-large\" src=\"https:\/\/kangreal.vn\/wp-content\/uploads\/2022\/09\/era-apec.jpg\" sizes=\"auto, (max-width: 1000px) 100vw, 1000px\" srcset=\"https:\/\/kangreal.vn\/wp-content\/uploads\/2022\/09\/era-apec.jpg 1000w, https:\/\/kangreal.vn\/wp-content\/uploads\/2022\/09\/era-apec-792x446.jpg 792w, https:\/\/kangreal.vn\/wp-content\/uploads\/2022\/09\/era-apec-768x432.jpg 768w\" alt=\"\" width=\"1000\" height=\"562\" \/><\/div>\n<\/div>\n<\/div>\n<div id=\"text-713784526\" class=\"text\">\n<p><strong>V\u1edbi vi\u1ec7c\u00a0APAC Realty\u00a0\u0111\u01a1n v\u1ecb s\u1edf h\u1eefu th\u01b0\u01a1ng m\u1ea1i\u00a0ERA Singapore\u00a0v\u00e0 m\u1ed9t s\u1ed1\u00a0ERA\u00a0n\u01b0\u1edbc kh\u00e1c \u0111\u00e3 \u0111\u1ea7u t\u01b0 tr\u1ef1c ti\u1ebfp v\u00e0o\u00a0ERA Vietnam\u00a0s\u1ebd gi\u00fap ch\u1ee7 \u0111\u1ed9ng h\u1ed7 tr\u1ee3 v\u00e0 th\u00fac \u0111\u1ea9y s\u1ef1 ph\u00e1t tri\u1ec3n c\u1ee7a\u00a0ERA Vietnam\u00a0nhanh h\u01a1n n\u1eefa.<\/strong><\/p>\n<p><strong>3. \u0110\u01b0\u1ee3c tham gia c\u00e1c kh\u00f3a \u0111\u00e0o t\u1ea1o t\u1eeb c\u01a1 b\u1ea3n \u0111\u1ebfn n\u00e2ng cao<\/strong><\/p>\n<p><strong>T\u1ea1i \u0111\u00e2y,\u00a0ERA\u00a0s\u1ebd ti\u1ebfp s\u1ee9c cho b\u1ea1n nh\u1eefng ki\u1ebfn th\u1ee9c, k\u1ef9 n\u0103ng, c\u00f4ng c\u1ee5, c\u01a1 h\u1ed9i tr\u1edf th\u00e0nh chuy\u00ean gia trong l\u0129nh v\u1ef1c B\u0110S th\u00f4ng qua h\u1ec7 th\u1ed1ng ch\u01b0\u01a1ng tr\u00ecnh \u0111\u00e0o t\u1ea1o chuy\u00ean nghi\u1ec7p chu\u1ea9n qu\u1ed1c t\u1ebf ch\u1ec9 d\u00e0nh ri\u00eang cho th\u00e0nh vi\u00ean\u00a0ERA. C\u00e1c ch\u01b0\u01a1ng tr\u00ecnh \u0111\u01b0\u1ee3c \u0111\u00e0o t\u1ea1o tr\u1ef1c tuy\u1ebfn\u2026<\/strong><\/p>\n<\/div>\n<div id=\"image_1716556986\" class=\"img has-hover x md-x lg-x y md-y lg-y\">\n<div data-animate=\"fadeInLeft\" data-animate-transform=\"true\" data-animate-transition=\"true\" data-animated=\"true\">\n<div class=\"img-inner image-zoom image-zoom dark\"><img loading=\"lazy\" decoding=\"async\" class=\"attachment-large size-large\" src=\"https:\/\/kangreal.vn\/wp-content\/uploads\/2022\/09\/Hethongdaotaoera.jpg\" sizes=\"auto, (max-width: 1020px) 100vw, 1020px\" srcset=\"https:\/\/kangreal.vn\/wp-content\/uploads\/2022\/09\/Hethongdaotaoera.jpg 1200w, https:\/\/kangreal.vn\/wp-content\/uploads\/2022\/09\/Hethongdaotaoera-954x675.jpg 954w, https:\/\/kangreal.vn\/wp-content\/uploads\/2022\/09\/Hethongdaotaoera-768x543.jpg 768w\" alt=\"\" width=\"1020\" height=\"722\" \/><\/div>\n<\/div>\n<\/div>\n<div id=\"text-3793136788\" class=\"text\">\n<p><strong>4. \u0110\u01b0\u1ee3c tham gia b\u00e1n, ph\u00e2n ph\u1ed1i nhi\u1ec1u d\u1ef1 \u00e1n t\u1ed1t nh\u1ea5t tr\u00ean to\u00e0n th\u1ecb tr\u01b0\u1eddng:<\/strong><\/p>\n<p><strong>C\u00e1c\u00a0d\u1ef1 \u00e1n\u00a0b\u1ea5t \u0111\u1ed9ng s\u1ea3n\u00a0ERA Vi\u1ec7t Nam\u00a0ph\u00e2n ph\u1ed1i\u00a0n\u1eb1m kh\u1eafp th\u1ecb tr\u01b0\u1eddng Vi\u1ec7t Nam. Tr\u1ecdng \u0111i\u1ec3m c\u00e1c th\u00e0nh ph\u1ed1 l\u1edbn nh\u01b0:TP HCM, H\u00e0 N\u1ed9i, \u0110\u00e0 N\u1eb5ng, Nha Trang, C\u1ea7n Th\u01a1, \u0110\u1ed3ng Nai\u2026 \u00a0v\u00e0 n\u01b0\u1edbc ngo\u00e0i n\u01a1i c\u00f3 th\u01b0\u01a1ng hi\u1ec7u\u00a0ERA.<\/strong><\/p>\n<p><strong>\u0110i\u1ec3n h\u00ecnh hi\u1ec7n t\u1ea1i l\u00e0 d\u1ef1 \u00e1n khu \u0111\u00f4 th\u1ecb\u00a0Downtown\u00a0\u0111\u1ea7u ti\u00ean t\u1ea1i Vi\u1ec7t Nam \u2013\u00a0The Global City. \u0110\u00e2y \u0111\u01b0\u1ee3c xem l\u00e0 \u0111\u00f4 th\u1ecb \u0111\u1eb3ng c\u1ea5p nh\u1ea5t c\u1ee7a khu v\u1ef1c trong th\u1eddi gian t\u1edbi. Ch\u1ee7 \u0111\u1ea7u t\u01b0 d\u1ef1 \u00e1n l\u00e0\u00a0Masterise Homes\u00a0k\u1ebft h\u1ee3p v\u1edbi c\u00f4ng ty ki\u1ebfn tr\u00fac h\u00e0ng \u0111\u1ea7u th\u1ebf gi\u1edbi \u0111\u1ebfn t\u1eeb Anh Qu\u1ed1c\u00a0Foster + Partners\u00a0\u2013 \u0110\u01a1n v\u1ecb n\u1ed5i ti\u1ebfng to\u00e0n c\u1ea7u v\u1edbi nh\u1eefng si\u00eau d\u1ef1 \u00e1n nh\u01b0 tr\u1ee5 s\u1edf Apple t\u1ea1i M\u1ef9, Apple Marina Bay Sands t\u1ea1i Singapore, tr\u1ee5 s\u1edf c\u1ee7a Bloomberg t\u1ea1i Anh. Foster + Partners \u0111\u01b0\u1ee3c xem l\u00e0 \u201cNg\u01b0\u1eddi kh\u1ed5ng l\u1ed3\u201d c\u1ee7a nh\u1eefng tuy\u1ec7t t\u00e1c ki\u1ebfn tr\u00fac th\u1ebf gi\u1edbi.<\/strong><\/p>\n<p><strong>5. \u0110\u01b0\u1ee3c tham gia b\u00e1n, m\u00f4i gi\u1edbi c\u00e1c b\u1ea5t \u0111\u1ed9ng s\u1ea3n th\u1ee9 c\u1ea5p<\/strong><\/p>\n<p><strong>T\u1ea1i\u00a0ERA Vi\u1ec7t Nam\u00a0b\u1ea1n \u0111\u01b0\u1ee3c\u00a0tham gia b\u00e1n, cho thu\u00ea,\u00a0m\u00f4i gi\u1edbi,\u00a0ph\u00e2n ph\u1ed1i, m\u00f4i gi\u1edbi c\u00e1c\u00a0b\u1ea5t \u0111\u1ed9ng s\u1ea3n th\u1ee9 c\u1ea5p<\/strong><\/p>\n<p><strong>6.\u00a0C\u1eadp nh\u1eadt th\u00f4ng tin v\u00e0 h\u1ed7 tr\u1ee3 b\u00e1n h\u00e0ng t\u1ed1t nh\u1ea5t<\/strong><\/p>\n<p><strong>ERA\u00a0lu\u00f4n ti\u00ean phong s\u1eed d\u1ee5ng c\u00e1c h\u1ec7 th\u1ed1ng c\u00f4ng c\u1ee5 h\u1ed7 tr\u1ee3 ti\u00ean ti\u1ebfn, ph\u00f9 h\u1ee3p v\u00e0 v\u1edbi \u0111\u1ed9i ng\u0169 qu\u1ea3n l\u00fd s\u1ea3n ph\u1ea9m nhi\u1ec7t t\u00ecnh s\u1ebd gi\u00fap c\u00e1c nh\u00e0 m\u1ed1i gi\u1edbi n\u1eafm b\u1eaft k\u1ecbp th\u1eddi th\u00f4ng tin.<\/strong><\/p>\n<p><strong>7. M\u00f4 h\u00ecnh v\u00e0 Ch\u00ednh s\u00e1ch hoa h\u1ed3ng t\u1ed1t nh\u1ea5t:<\/strong><\/p>\n<ul>\n<li><strong>M\u00f4 h\u00ecnh kh\u00f4ng l\u01b0\u01a1ng c\u01a1 b\u1ea3n, kh\u00f4ng r\u00e0ng bu\u1ed9c th\u1eddi gian<\/strong><\/li>\n<li><strong>Ph\u00ed hoa h\u1ed3ng b\u00e1n h\u00e0ng t\u1ed1t nh\u1ea5t t\u1edbi:\u00a090%:<\/strong><\/li>\n<li><strong>M\u1ee9c ph\u00ed hoa h\u1ed3ng s\u1ebd \u0111\u01b0\u1ee3c ghi nh\u1eadn theo m\u1ee9c\u00a0\u0111\u00f3ng g\u00f3p t\u00edch l\u0169y doanh s\u1ed1\u00a0v\u00e0 l\u00e2u d\u00e0i<\/strong>\n<ul>\n<li><strong>V\u00ed d\u1ee5: Khi b\u1ea1n \u0111\u00e3\u00a0l\u00ean m\u1ee9c h\u01b0\u1edfng\u00a0hoa h\u1ed3ng\u00a079%\u00a0th\u00ec kh\u00f4ng quay v\u1ec1 m\u1ee9c c\u0169.<\/strong><\/li>\n<\/ul>\n<\/li>\n<li><strong>Ch\u00ednh s\u00e1ch\u00a0thu nh\u1eadp th\u1ee5 \u0111\u1ed9ng\u00a0t\u1eeb ph\u00e1t tri\u1ec3n v\u00e0 qu\u1ea3n l\u00fd\u00a0\u0111\u1ed9i nh\u00f3m t\u1eeb: t\u1edbi\u00a06%<\/strong><\/li>\n<li><strong>C\u01a1 h\u1ed9i ti\u1ebfp c\u1eadn,\u00a0\u0111\u1ea7u t\u01b0\u00a0c\u00e1c d\u1ef1 \u00e1n m\u1edbi<\/strong><\/li>\n<\/ul>\n<p><strong>8. M\u00f4i tr\u01b0\u1eddng l\u00e0m vi\u1ec7c chuy\u00ean nghi\u1ec7p<\/strong><\/p>\n<\/div>\n<div id=\"image_1373285257\" class=\"img has-hover x md-x lg-x y md-y lg-y\">\n<div data-animate=\"fadeInLeft\" data-animate-transform=\"true\" data-animate-transition=\"true\" data-animated=\"true\">\n<div class=\"img-inner image-zoom image-zoom dark\"><img loading=\"lazy\" decoding=\"async\" class=\"attachment-large size-large\" src=\"https:\/\/kangreal.vn\/wp-content\/uploads\/2022\/09\/van-phong-era-12.jpg\" sizes=\"auto, (max-width: 996px) 100vw, 996px\" srcset=\"https:\/\/kangreal.vn\/wp-content\/uploads\/2022\/09\/van-phong-era-12.jpg 996w, https:\/\/kangreal.vn\/wp-content\/uploads\/2022\/09\/van-phong-era-12-768x502.jpg 768w\" alt=\"\" width=\"996\" height=\"651\" \/><\/div>\n<\/div>\n<\/div>\n<div id=\"text-1958997106\" class=\"text\">\n<p><strong>C\u00e1c v\u0103n ph\u00f2ng \u0111\u01b0\u1ee3c thi\u1ebft k\u1ebf hi\u1ec7n \u0111\u1ea1i, m\u1edf c\u00f9ng v\u1edbi c\u00e1c b\u1ed9 nh\u1eadn di\u1ec7n th\u01b0\u01a1ng hi\u1ec7u t\u1eeb\u00a0ERA, s\u1ebd gi\u00fap cho c\u00e1c nh\u00e0 m\u00f4i gi\u1edbi t\u1ef1 tin khi ti\u1ebfp x\u00fac v\u1edbi kh\u00e1ch h\u00e0ng c\u1ee7a m\u00ecnh.<\/strong><\/p>\n<p><strong>9. T\u1ef1 do ho\u1ea1ch \u0111\u1ecbnh k\u1ebf ho\u1ea1ch cho b\u1ea3n th\u00e2n<\/strong><br \/>\n<strong>M\u00f4i tr\u01b0\u1eddng c\u1ee7a\u00a0ERA\u00a0l\u00e0 m\u00f4i tr\u01b0\u1eddng \u0111\u1ec1 cao s\u1ef1 t\u1ef1 do ph\u00e1t tri\u1ec3n c\u1ee7a b\u1ea1n. B\u1ea1n ph\u1ea3i l\u00e0 ng\u01b0\u1eddi t\u1ef1 v\u1ea1ch ra k\u1ebf ho\u1ea1ch v\u00e0 k\u1ef7 lu\u1eadt c\u1ee7a b\u1ea3n th\u00e2n. Qua \u0111\u00f3 c\u0169ng gi\u00fap b\u1ea1n l\u00e0m ch\u1ee7 b\u1ea3n th\u00e2n, l\u00e0m ch\u1ee7 cu\u1ed9c s\u1ed1ng \u0111\u01b0\u1ee3c t\u1ed1t h\u01a1n.<\/strong><\/p>\n<p><strong>10. Ch\u00ednh s\u00e1ch tr\u1ea3 ph\u00ed r\u00f5 r\u00e0ng v\u00e0 k\u1ecbp th\u1eddi nh\u1ea5t<\/strong><br \/>\n<strong>ERA cam k\u1ebft tr\u1ea3 ph\u00ed trong v\u00f2ng 15 ng\u00e0y k\u1ec3 t\u1eeb khi C\u0110T tr\u1ea3 ph\u00ed. V\u00e0 tr\u01b0\u1edbc khi tr\u1ea3 ph\u00ed s\u1ebd c\u00f3 b\u1ea3ng k\u00ea chi ti\u1ebft \u0111\u1ec3 \u0111\u1ed1i chi\u1ebfu.<\/strong><\/p>\n<h3><strong>\u0110\u00c2Y L\u00c0 CH\u00ccA KH\u00d3A CHO S\u1ef0 NGHI\u1ec6P TH\u00c0NH C\u00d4NG C\u1ee6A B\u1ea0N KHI H\u1ee2P T\u00c1C V\u1edaI TH\u01af\u01a0NG HI\u1ec6U\u00a0ERA, M\u1ed8T TH\u01af\u01a0NG HI\u1ec6U PH\u00c1T TRI\u1ec2N B\u1ec0N V\u0168NG<\/strong><\/h3>\n<\/div>\n<div class=\"video video-fit mb\">\n<p><iframe loading=\"lazy\" title=\"Tuy\u1ec3n d\u1ee5ng CTV &amp; AGENT t\u1ea1i ERA VIETNAM\" src=\"https:\/\/www.youtube.com\/embed\/ecMntZj-ngc?feature=oembed\" width=\"1020\" height=\"574\" frameborder=\"0\" allowfullscreen=\"allowfullscreen\" data-mce-fragment=\"1\"><\/iframe><\/p>\n<\/div>\n","protected":false},"excerpt":{"rendered":"<p>Tuy\u1ec3n d\u1ee5ng v\u00e0 l\u1ee3i \u00edch khi gia nh\u1eadp v\u00e0o ERA Vi\u1ec7t Nam ERA Vi\u1ec7t Nam\u00a0tuy\u1ec3n d\u1ee5ng nh\u00e2n vi\u00ean, c\u1ed9ng t\u00e1c vi\u00ean, m\u00f4i gi\u1edbi t\u01b0 v\u1ea5n, kinh doanh b\u1ea5t \u0111\u1ed9ng s\u1ea3n l\u00e0 d\u1ef1 \u00e1n, chuy\u1ec3n nh\u01b0\u1ee3ng s\u1ea3n ph\u1ea9m l\u1ebb. V\u1edbi s\u1ed1 l\u01b0\u1ee3ng d\u1ef1 \u00e1n, s\u1ea3n ph\u1ea9m tham gia ph\u00e2n ph\u1ed1i nhi\u1ec1u, \u0111a d\u1ea1ng c\u00f9ng v\u1edbi ch\u00ednh [&#8230;]\n","protected":false},"author":1,"featured_media":0,"parent":0,"menu_order":0,"comment_status":"closed","ping_status":"closed","template":"","meta":{"_acf_changed":false,"footnotes":""},"class_list":["post-31","page","type-page","status-publish","hentry"],"acf":[],"_links":{"self":[{"href":"https:\/\/store.k-tech-services.com\/bds\/wp-json\/wp\/v2\/pages\/31","targetHints":{"allow":["GET"]}}],"collection":[{"href":"https:\/\/store.k-tech-services.com\/bds\/wp-json\/wp\/v2\/pages"}],"about":[{"href":"https:\/\/store.k-tech-services.com\/bds\/wp-json\/wp\/v2\/types\/page"}],"author":[{"embeddable":true,"href":"https:\/\/store.k-tech-services.com\/bds\/wp-json\/wp\/v2\/users\/1"}],"replies":[{"embeddable":true,"href":"https:\/\/store.k-tech-services.com\/bds\/wp-json\/wp\/v2\/comments?post=31"}],"version-history":[{"count":2,"href":"https:\/\/store.k-tech-services.com\/bds\/wp-json\/wp\/v2\/pages\/31\/revisions"}],"predecessor-version":[{"id":575,"href":"https:\/\/store.k-tech-services.com\/bds\/wp-json\/wp\/v2\/pages\/31\/revisions\/575"}],"wp:attachment":[{"href":"https:\/\/store.k-tech-services.com\/bds\/wp-json\/wp\/v2\/media?parent=31"}],"curies":[{"name":"wp","href":"https:\/\/api.w.org\/{rel}","templated":true}]}}